{"id":616,"date":"2021-06-03T15:57:24","date_gmt":"2021-06-03T13:57:24","guid":{"rendered":"http:\/\/dechets-beziersagglo.fr\/?page_id=616"},"modified":"2021-06-07T11:35:05","modified_gmt":"2021-06-07T09:35:05","slug":"fomulaire","status":"publish","type":"page","link":"https:\/\/dechets-beziersagglo.fr\/index.php\/fomulaire\/","title":{"rendered":"Remplir le formulaire"},"content":{"rendered":"\n<div class=\"wpcf7 no-js\" id=\"wpcf7-f620-o1\" lang=\"fr-FR\" dir=\"ltr\" data-wpcf7-id=\"620\">\n<div class=\"screen-reader-response\"><p role=\"status\" aria-live=\"polite\" aria-atomic=\"true\"><\/p> <ul><\/ul><\/div>\n<form action=\"\/index.php\/wp-json\/wp\/v2\/pages\/616#wpcf7-f620-o1\" method=\"post\" class=\"wpcf7-form init\" aria-label=\"Formulaire de contact\" enctype=\"multipart\/form-data\" novalidate=\"novalidate\" data-status=\"init\">\n<fieldset class=\"hidden-fields-container\"><input type=\"hidden\" name=\"_wpcf7\" value=\"620\" \/><input type=\"hidden\" name=\"_wpcf7_version\" value=\"6.1.5\" \/><input type=\"hidden\" name=\"_wpcf7_locale\" value=\"fr_FR\" \/><input type=\"hidden\" name=\"_wpcf7_unit_tag\" value=\"wpcf7-f620-o1\" \/><input type=\"hidden\" name=\"_wpcf7_container_post\" value=\"0\" \/><input type=\"hidden\" name=\"_wpcf7_posted_data_hash\" value=\"\" \/>\n<\/fieldset>\n<p><label><\/label>\n<\/p>\n<h2>Formulaire en ligne :\n<\/h2>\n<h2><br \/>\n\t<h5>Vous \u00eates :\n\t<\/h5>\n\t<h5>\n\t<\/h5>\n\t<h5><span class=\"wpcf7-form-control-wrap\" data-name=\"menu-199\"><select class=\"wpcf7-form-control wpcf7-select wpcf7-validates-as-required\" aria-required=\"true\" aria-invalid=\"false\" name=\"menu-199\"><option value=\"UN PARTICULIER\">UN PARTICULIER<\/option><option value=\"UN BAILLEUR OU UN SYNDIC DE COPROPRIETE\">UN BAILLEUR OU UN SYNDIC DE COPROPRIETE<\/option><option value=\"UN PROFESSIONNEL, UNE ENTREPRISE, UNE ADMINISTRATION OU UNE ASSOCIATION\">UN PROFESSIONNEL, UNE ENTREPRISE, UNE ADMINISTRATION OU UNE ASSOCIATION<\/option><option value=\"L&#039;ORGANISATEUR D&#039;UN EVENEMENT\">L&#039;ORGANISATEUR D&#039;UN EVENEMENT<\/option><\/select><\/span>\n\t<\/h5>\n\t<h5><br \/>\nAdresse d'utilisation du mat\u00e9riel :<br \/>\nVous habitez* :<br \/>\n<label><span class=\"wpcf7-form-control-wrap\" data-name=\"checkbox-796\"><span class=\"wpcf7-form-control wpcf7-checkbox wpcf7-validates-as-required wpcf7-exclusive-checkbox\"><span class=\"wpcf7-list-item first\"><label><input type=\"checkbox\" name=\"checkbox-796\" value=\"Maison individuelle\" \/><span class=\"wpcf7-list-item-label\">Maison individuelle<\/span><\/label><\/span><span class=\"wpcf7-list-item last\"><label><input type=\"checkbox\" name=\"checkbox-796\" value=\"Appartement\" \/><span class=\"wpcf7-list-item-label\">Appartement<\/span><\/label><\/span><\/span><\/span><\/label><br \/>\nCommune* :<br \/>\n<span class=\"wpcf7-form-control-wrap\" data-name=\"menu-922\"><select class=\"wpcf7-form-control wpcf7-select wpcf7-validates-as-required\" aria-required=\"true\" aria-invalid=\"false\" name=\"menu-922\"><option value=\"B\u00e9ziers\">B\u00e9ziers<\/option><option value=\"Sauvian\">Sauvian<\/option><option value=\"S\u00e9rignan\">S\u00e9rignan<\/option><option value=\"Valras-Plage\">Valras-Plage<\/option><option value=\"Villeneuve-l\u00e8s-B\u00e9ziers\">Villeneuve-l\u00e8s-B\u00e9ziers<\/option><\/select><\/span>\n\t<\/h5>\n\t<h5>Voie* :\n\t<\/h5>\n\t<h5><br \/>\n<label>Votre adresse :<br \/>\n<span class=\"wpcf7-form-control-wrap\" data-name=\"Adresse\"><input size=\"40\" maxlength=\"400\" class=\"wpcf7-form-control wpcf7-text wpcf7-validates-as-required\" aria-required=\"true\" aria-invalid=\"false\" value=\"\" type=\"text\" name=\"Adresse\" \/><\/span><br \/>\nCompl\u00e9ment d'adresse :<br \/>\n<span class=\"wpcf7-form-control-wrap\" data-name=\"Complmentdadresse:\"><input size=\"40\" maxlength=\"400\" class=\"wpcf7-form-control wpcf7-text\" aria-invalid=\"false\" value=\"\" type=\"text\" name=\"Complmentdadresse:\" \/><\/span><br \/>\nnum\u00e9ro* ( indiquez 0 si aucun ):<br \/>\n<span class=\"wpcf7-form-control-wrap\" data-name=\"number-686\"><input class=\"wpcf7-form-control wpcf7-number wpcf7-validates-as-number\" aria-invalid=\"false\" value=\"\" type=\"number\" name=\"number-686\" \/><\/span><br \/>\n\t\t\t<h6>Rappel : l'adresse indiqu\u00e9e doit correspondre \u00e0 celle figurant sur le justificatif de domicile qui vous sera demand\u00e9 de t\u00e9l\u00e9charger, afin de valider votre commande \u00e0 la fin de ce formulaire\n\t\t\t<\/h6>\n\t\t\t<h6><br \/>\n<label>\n\t\t\t\t\t<h5>Identit\u00e9 et contacts :\n\t\t\t\t\t<\/h5>\n\t\t\t\t\t<h5><br \/>\n<label> Civilit\u00e9* :<br \/>\n<span class=\"wpcf7-form-control-wrap\" data-name=\"menu-820\"><select class=\"wpcf7-form-control wpcf7-select wpcf7-validates-as-required\" aria-required=\"true\" aria-invalid=\"false\" name=\"menu-820\"><option value=\"Mr\">Mr<\/option><option value=\"Mme\">Mme<\/option><\/select><\/span><br \/>\n<\/label><label> Nom * :<br \/>\n<span class=\"wpcf7-form-control-wrap\" data-name=\"text-631\"><input size=\"40\" maxlength=\"400\" class=\"wpcf7-form-control wpcf7-text wpcf7-validates-as-required\" aria-required=\"true\" aria-invalid=\"false\" value=\"\" type=\"text\" name=\"text-631\" \/><\/span><br \/>\n<\/label><label> Pr\u00e9nom* :<br \/>\n<span class=\"wpcf7-form-control-wrap\" data-name=\"text-797\"><input size=\"40\" maxlength=\"400\" class=\"wpcf7-form-control wpcf7-text\" aria-invalid=\"false\" value=\"\" type=\"text\" name=\"text-797\" \/><\/span><br \/>\n<\/label><label> T\u00e9l\u00e9phone* :<br \/>\n<span class=\"wpcf7-form-control-wrap\" data-name=\"tel-377\"><input size=\"40\" maxlength=\"400\" class=\"wpcf7-form-control wpcf7-tel wpcf7-validates-as-required wpcf7-text wpcf7-validates-as-tel\" aria-required=\"true\" aria-invalid=\"false\" value=\"\" type=\"tel\" name=\"tel-377\" \/><\/span><br \/>\n<\/label><label> Votre e-mail*<br \/>\n<span class=\"wpcf7-form-control-wrap\" data-name=\"your-email\"><input size=\"40\" maxlength=\"400\" class=\"wpcf7-form-control wpcf7-email wpcf7-validates-as-required wpcf7-text wpcf7-validates-as-email\" aria-required=\"true\" aria-invalid=\"false\" value=\"\" type=\"email\" name=\"your-email\" \/><\/span> <\/label>\n\t\t\t\t\t<\/h5>\n\t\t\t\t\t<h5> Autre personne \u00e0 contacter pour la gestion des bacs ( pour les entreprises, associations, administrations )\n\t\t\t\t\t<\/h5>\n\t\t\t\t\t<h5><br \/>\n<label> Civilit\u00e9 :<br \/>\n<span class=\"wpcf7-form-control-wrap\" data-name=\"menu-267\"><select class=\"wpcf7-form-control wpcf7-select\" aria-invalid=\"false\" name=\"menu-267\"><option value=\"Mr\">Mr<\/option><option value=\"Mme\">Mme<\/option><\/select><\/span><br \/>\n<\/label><label> Nom :<br \/>\n<span class=\"wpcf7-form-control-wrap\" data-name=\"text-242\"><input size=\"40\" maxlength=\"400\" class=\"wpcf7-form-control wpcf7-text\" aria-invalid=\"false\" value=\"\" type=\"text\" name=\"text-242\" \/><\/span><br \/>\n<\/label><label> Pr\u00e9nom :<br \/>\n<span class=\"wpcf7-form-control-wrap\" data-name=\"text-576\"><input size=\"40\" maxlength=\"400\" class=\"wpcf7-form-control wpcf7-text\" aria-invalid=\"false\" value=\"\" type=\"text\" name=\"text-576\" \/><\/span><br \/>\n<\/label><label> T\u00e9l\u00e9phone :<br \/>\n<span class=\"wpcf7-form-control-wrap\" data-name=\"tel-351\"><input size=\"40\" maxlength=\"400\" class=\"wpcf7-form-control wpcf7-tel wpcf7-text wpcf7-validates-as-tel\" aria-invalid=\"false\" value=\"\" type=\"tel\" name=\"tel-351\" \/><\/span><br \/>\n<\/label><label> Votre e-mail :<br \/>\n<span class=\"wpcf7-form-control-wrap\" data-name=\"email-792\"><input size=\"40\" maxlength=\"400\" class=\"wpcf7-form-control wpcf7-email wpcf7-text wpcf7-validates-as-email\" aria-invalid=\"false\" value=\"\" type=\"email\" name=\"email-792\" \/><\/span><br \/>\n\t\t\t\t\t\t\t<h5> Votre demande\n\t\t\t\t\t\t\t<\/h5>\n\t\t\t\t\t\t\t<h5><br \/>\n<label>Vous souhaitez commander :<br \/>\n<span class=\"wpcf7-form-control-wrap\" data-name=\"menu-596\"><select class=\"wpcf7-form-control wpcf7-select wpcf7-validates-as-required\" aria-required=\"true\" aria-invalid=\"false\" name=\"menu-596\"><option value=\"Un bac\">Un bac<\/option><option value=\"Des bacs\">Des bacs<\/option><\/select><\/span><br \/>\n<\/label><label>Pourquoi avez-vous besoin de bac ?* :<br \/>\n<span class=\"wpcf7-form-control-wrap\" data-name=\"menu-523\"><select class=\"wpcf7-form-control wpcf7-select wpcf7-validates-as-required\" aria-required=\"true\" aria-invalid=\"false\" name=\"menu-523\"><option value=\"Nouvelle construction ou am\u00e9nagement\">Nouvelle construction ou am\u00e9nagement<\/option><option value=\"Bac vol\u00e9 ou disparu\">Bac vol\u00e9 ou disparu<\/option><option value=\"Bac br\u00fbl\u00e9\">Bac br\u00fbl\u00e9<\/option><option value=\"Bac cass\u00e9\">Bac cass\u00e9<\/option><option value=\"Bac trop grand\">Bac trop grand<\/option><option value=\"Bac trop petit\">Bac trop petit<\/option><\/select><\/span><br \/>\n\t\t\t\t\t\t\t\t\t<h6> En cas de vol ou de destruction, un justificatif de main courante pourra vous \u00eatre demand\u00e9 ou une attestation sur l'honneur.\n\t\t\t\t\t\t\t\t\t<\/h6>\n\t\t\t\t\t\t\t\t\t<h6><br \/>\n<label>\n\t\t\t\t\t\t\t\t\t\t\t<h5>Caract\u00e9ristiques du mat\u00e9riel :\n\t\t\t\t\t\t\t\t\t\t\t<\/h5>\n\t\t\t\t\t\t\t\t\t\t\t<h5><br \/>\nNombre de personnes au foyer :*<br \/>\n<span class=\"wpcf7-form-control-wrap\" data-name=\"number-818\"><input class=\"wpcf7-form-control wpcf7-number wpcf7-validates-as-required wpcf7-validates-as-number\" aria-required=\"true\" aria-invalid=\"false\" value=\"\" type=\"number\" name=\"number-818\" \/><\/span><br \/>\nS\u00e9lectionnez un ou plusieurs types de bacs*:<br \/>\n<span class=\"wpcf7-form-control-wrap\" data-name=\"checkbox-964\"><span class=\"wpcf7-form-control wpcf7-checkbox wpcf7-validates-as-required\"><span class=\"wpcf7-list-item first\"><label><input type=\"checkbox\" name=\"checkbox-964[]\" value=\"Bac pour les ordures m\u00e9nag\u00e8res\" \/><span class=\"wpcf7-list-item-label\">Bac pour les ordures m\u00e9nag\u00e8res<\/span><\/label><\/span><span class=\"wpcf7-list-item\"><label><input type=\"checkbox\" name=\"checkbox-964[]\" value=\"Bac pour le verre ( B\u00e9ziers uniquement )\" \/><span class=\"wpcf7-list-item-label\">Bac pour le verre ( B\u00e9ziers uniquement )<\/span><\/label><\/span><span class=\"wpcf7-list-item last\"><label><input type=\"checkbox\" name=\"checkbox-964[]\" value=\"Bac pour les emballages\" \/><span class=\"wpcf7-list-item-label\">Bac pour les emballages<\/span><\/label><\/span><\/span><\/span><br \/>\n\t\t\t\t\t\t\t\t\t\t\t\t<h6> Rappel : vous ne pouvez commander qu'un seul bac par type de flux ( ordures m\u00e9nag\u00e8res \/ emballages m\u00e9nagers-papiers \/ biod\u00e9chets si vous \u00eates concern\u00e9\/ cartons si vous \u00eates concern\u00e9s \/ verre ( si vous \u00eates concern\u00e9s)\n\t\t\t\t\t\t\t\t\t\t\t\t<\/h6>\n\t\t\t\t\t\t\t\t\t\t\t\t<h6>-Un composteur ou lombricomposteurs ( vente )\n\t\t\t\t\t\t\t\t\t\t\t\t<\/h6>\n\t\t\t\t\t\t\t\t\t\t\t\t<h6>-Une benne \u00e0 v\u00e9g\u00e9taux (location)\n\t\t\t\t\t\t\t\t\t\t\t\t<\/h6>\n\t\t\t\t\t\t\t\t\t\t\t\t<h6><br \/>\n<label>\n\t\t\t\t\t\t\t\t\t\t\t\t\t\t<h5>Votre justificatif<br \/>\n<span class=\"wpcf7-form-control-wrap\" data-name=\"file-231\"><input size=\"40\" class=\"wpcf7-form-control wpcf7-file wpcf7-validates-as-required\" accept=\".jpg,.pdf,.png\" aria-required=\"true\" aria-invalid=\"false\" type=\"file\" name=\"file-231\" \/><\/span>\n\t\t\t\t\t\t\t\t\t\t\t\t\t\t<\/h5><\/label>\n\t\t\t\t\t\t\t\t\t\t\t\t<\/h6>\n\t\t\t\t\t\t\t\t\t\t\t\t<h6>Merci de joindre un justificatif de domicile de moins de 3 mois ( facture d'eau, d'\u00e9lectricit\u00e9, quittance de loyer ...)\n\t\t\t\t\t\t\t\t\t\t\t\t\t<h5><br \/>\n<label><br \/>\n<\/label><label>\n\t\t\t\t\t\t\t\t\t\t\t\t\t\t\t<h5>Pour terminer :<br \/>\n<span class=\"wpcf7-form-control-wrap\" data-name=\"checkbox-804\"><span class=\"wpcf7-form-control wpcf7-checkbox wpcf7-validates-as-required\"><span class=\"wpcf7-list-item first last\"><label><input type=\"checkbox\" name=\"checkbox-804[]\" value=\"J&#039;accepte de recevoir des informations li\u00e9es \u00e0 la pr\u00e9vention et \u00e0 la gestion des d\u00e9chets\" \/><span class=\"wpcf7-list-item-label\">J&#039;accepte de recevoir des informations li\u00e9es \u00e0 la pr\u00e9vention et \u00e0 la gestion des d\u00e9chets<\/span><\/label><\/span><\/span><\/span><br \/>\n<span class=\"wpcf7-form-control-wrap\" data-name=\"checkbox-39\"><span class=\"wpcf7-form-control wpcf7-checkbox wpcf7-validates-as-required\"><span class=\"wpcf7-list-item first last\"><label><input type=\"checkbox\" name=\"checkbox-39[]\" value=\"J&#039;ai pris connaissance du r\u00e8glement de mise \u00e0 disposition et d&#039;entretien du mat\u00e9riel\" \/><span class=\"wpcf7-list-item-label\">J&#039;ai pris connaissance du r\u00e8glement de mise \u00e0 disposition et d&#039;entretien du mat\u00e9riel<\/span><\/label><\/span><\/span><\/span><br \/>\n<span class=\"wpcf7-form-control-wrap\" data-name=\"checkbox-825\"><span class=\"wpcf7-form-control wpcf7-checkbox wpcf7-validates-as-required\"><span class=\"wpcf7-list-item first last\"><label><input type=\"checkbox\" name=\"checkbox-825[]\" value=\"Je certifie l&#039;exactitude des renseignements fournis\" \/><span class=\"wpcf7-list-item-label\">Je certifie l&#039;exactitude des renseignements fournis<\/span><\/label><\/span><\/span><\/span><br \/>\n<label>\n\t\t\t\t\t\t\t\t\t\t\t\t\t\t\t\t\t<h5>Protection des donn\u00e9es personnelles:<br \/>\n<span class=\"wpcf7-form-control-wrap\" data-name=\"checkbox-261\"><span class=\"wpcf7-form-control wpcf7-checkbox wpcf7-validates-as-required\"><span class=\"wpcf7-list-item first last\"><label><input type=\"checkbox\" name=\"checkbox-261[]\" value=\"En cochant cette case, j&#039;atteste avoir pris connaissance de la politique de confidentialit\u00e9 de l&#039;Agglom\u00e9ration B\u00e9ziers M\u00e9diterran\u00e9e et j&#039;autorise cette derni\u00e8re \u00e0 les utiliser\" \/><span class=\"wpcf7-list-item-label\">En cochant cette case, j&#039;atteste avoir pris connaissance de la politique de confidentialit\u00e9 de l&#039;Agglom\u00e9ration B\u00e9ziers M\u00e9diterran\u00e9e et j&#039;autorise cette derni\u00e8re \u00e0 les utiliser<\/span><\/label><\/span><\/span><\/span><br \/>\n<label><br \/>\n<input class=\"wpcf7-form-control wpcf7-submit has-spinner\" type=\"submit\" value=\"Envoyer\" \/><\/label>\n\t\t\t\t\t\t\t\t\t\t\t\t\t\t\t\t\t<\/h5><\/label>\n\t\t\t\t\t\t\t\t\t\t\t\t\t\t\t<\/h5><\/label>\n\t\t\t\t\t\t\t\t\t\t\t\t\t<\/h5>\n\t\t\t\t\t\t\t\t\t\t\t\t<\/h6>\n\t\t\t\t\t\t\t\t\t\t\t<\/h5><\/label>\n\t\t\t\t\t\t\t\t\t<\/h6><\/label>\n\t\t\t\t\t\t\t<\/h5><\/label>\n\t\t\t\t\t<\/h5><\/label>\n\t\t\t<\/h6><\/label>\n\t<\/h5>\n<\/h2><input type='hidden' class='wpcf7-pum' value='{\"closepopup\":false,\"closedelay\":0,\"openpopup\":false,\"openpopup_id\":0}' \/><div class=\"wpcf7-response-output\" aria-hidden=\"true\"><\/div>\n<\/form>\n<\/div>\n\n\n\n\n<p><\/p>\n","protected":false},"excerpt":{"rendered":"","protected":false},"author":1,"featured_media":0,"parent":0,"menu_order":0,"comment_status":"closed","ping_status":"closed","template":"","meta":{"footnotes":""},"class_list":["post-616","page","type-page","status-publish","hentry"],"yoast_head":"<!-- This site is optimized with the Yoast SEO plugin v27.3 - https:\/\/yoast.com\/product\/yoast-seo-wordpress\/ -->\n<title>Remplir le formulaire - D\u00e9chets B\u00e9ziers<\/title>\n<meta name=\"robots\" content=\"index, follow, max-snippet:-1, max-image-preview:large, max-video-preview:-1\" \/>\n<link rel=\"canonical\" href=\"https:\/\/dechets-beziersagglo.fr\/index.php\/fomulaire\/\" \/>\n<meta property=\"og:locale\" content=\"fr_FR\" \/>\n<meta property=\"og:type\" content=\"article\" \/>\n<meta property=\"og:title\" content=\"Remplir le formulaire - D\u00e9chets B\u00e9ziers\" \/>\n<meta property=\"og:url\" content=\"https:\/\/dechets-beziersagglo.fr\/index.php\/fomulaire\/\" \/>\n<meta property=\"og:site_name\" content=\"D\u00e9chets B\u00e9ziers\" \/>\n<meta property=\"article:modified_time\" content=\"2021-06-07T09:35:05+00:00\" \/>\n<meta name=\"twitter:card\" content=\"summary_large_image\" \/>\n<script type=\"application\/ld+json\" class=\"yoast-schema-graph\">{\"@context\":\"https:\\\/\\\/schema.org\",\"@graph\":[{\"@type\":\"WebPage\",\"@id\":\"https:\\\/\\\/dechets-beziersagglo.fr\\\/index.php\\\/fomulaire\\\/\",\"url\":\"https:\\\/\\\/dechets-beziersagglo.fr\\\/index.php\\\/fomulaire\\\/\",\"name\":\"Remplir le formulaire - D\u00e9chets B\u00e9ziers\",\"isPartOf\":{\"@id\":\"https:\\\/\\\/dechets-beziersagglo.fr\\\/#website\"},\"datePublished\":\"2021-06-03T13:57:24+00:00\",\"dateModified\":\"2021-06-07T09:35:05+00:00\",\"breadcrumb\":{\"@id\":\"https:\\\/\\\/dechets-beziersagglo.fr\\\/index.php\\\/fomulaire\\\/#breadcrumb\"},\"inLanguage\":\"fr-FR\",\"potentialAction\":[{\"@type\":\"ReadAction\",\"target\":[\"https:\\\/\\\/dechets-beziersagglo.fr\\\/index.php\\\/fomulaire\\\/\"]}]},{\"@type\":\"BreadcrumbList\",\"@id\":\"https:\\\/\\\/dechets-beziersagglo.fr\\\/index.php\\\/fomulaire\\\/#breadcrumb\",\"itemListElement\":[{\"@type\":\"ListItem\",\"position\":1,\"name\":\"Accueil\",\"item\":\"https:\\\/\\\/dechets-beziersagglo.fr\\\/\"},{\"@type\":\"ListItem\",\"position\":2,\"name\":\"Remplir le formulaire\"}]},{\"@type\":\"WebSite\",\"@id\":\"https:\\\/\\\/dechets-beziersagglo.fr\\\/#website\",\"url\":\"https:\\\/\\\/dechets-beziersagglo.fr\\\/\",\"name\":\"D\u00e9chets B\u00e9ziers\",\"description\":\"\",\"publisher\":{\"@id\":\"https:\\\/\\\/dechets-beziersagglo.fr\\\/#organization\"},\"potentialAction\":[{\"@type\":\"SearchAction\",\"target\":{\"@type\":\"EntryPoint\",\"urlTemplate\":\"https:\\\/\\\/dechets-beziersagglo.fr\\\/?s={search_term_string}\"},\"query-input\":{\"@type\":\"PropertyValueSpecification\",\"valueRequired\":true,\"valueName\":\"search_term_string\"}}],\"inLanguage\":\"fr-FR\"},{\"@type\":\"Organization\",\"@id\":\"https:\\\/\\\/dechets-beziersagglo.fr\\\/#organization\",\"name\":\"D\u00e9chets B\u00e9ziers\",\"url\":\"https:\\\/\\\/dechets-beziersagglo.fr\\\/\",\"logo\":{\"@type\":\"ImageObject\",\"inLanguage\":\"fr-FR\",\"@id\":\"https:\\\/\\\/dechets-beziersagglo.fr\\\/#\\\/schema\\\/logo\\\/image\\\/\",\"url\":\"https:\\\/\\\/dechets-beziersagglo.fr\\\/wp-content\\\/uploads\\\/2021\\\/05\\\/cropped-logov3.png\",\"contentUrl\":\"https:\\\/\\\/dechets-beziersagglo.fr\\\/wp-content\\\/uploads\\\/2021\\\/05\\\/cropped-logov3.png\",\"width\":532,\"height\":194,\"caption\":\"D\u00e9chets B\u00e9ziers\"},\"image\":{\"@id\":\"https:\\\/\\\/dechets-beziersagglo.fr\\\/#\\\/schema\\\/logo\\\/image\\\/\"}}]}<\/script>\n<!-- \/ Yoast SEO plugin. -->","yoast_head_json":{"title":"Remplir le formulaire - D\u00e9chets B\u00e9ziers","robots":{"index":"index","follow":"follow","max-snippet":"max-snippet:-1","max-image-preview":"max-image-preview:large","max-video-preview":"max-video-preview:-1"},"canonical":"https:\/\/dechets-beziersagglo.fr\/index.php\/fomulaire\/","og_locale":"fr_FR","og_type":"article","og_title":"Remplir le formulaire - D\u00e9chets B\u00e9ziers","og_url":"https:\/\/dechets-beziersagglo.fr\/index.php\/fomulaire\/","og_site_name":"D\u00e9chets B\u00e9ziers","article_modified_time":"2021-06-07T09:35:05+00:00","twitter_card":"summary_large_image","schema":{"@context":"https:\/\/schema.org","@graph":[{"@type":"WebPage","@id":"https:\/\/dechets-beziersagglo.fr\/index.php\/fomulaire\/","url":"https:\/\/dechets-beziersagglo.fr\/index.php\/fomulaire\/","name":"Remplir le formulaire - D\u00e9chets B\u00e9ziers","isPartOf":{"@id":"https:\/\/dechets-beziersagglo.fr\/#website"},"datePublished":"2021-06-03T13:57:24+00:00","dateModified":"2021-06-07T09:35:05+00:00","breadcrumb":{"@id":"https:\/\/dechets-beziersagglo.fr\/index.php\/fomulaire\/#breadcrumb"},"inLanguage":"fr-FR","potentialAction":[{"@type":"ReadAction","target":["https:\/\/dechets-beziersagglo.fr\/index.php\/fomulaire\/"]}]},{"@type":"BreadcrumbList","@id":"https:\/\/dechets-beziersagglo.fr\/index.php\/fomulaire\/#breadcrumb","itemListElement":[{"@type":"ListItem","position":1,"name":"Accueil","item":"https:\/\/dechets-beziersagglo.fr\/"},{"@type":"ListItem","position":2,"name":"Remplir le formulaire"}]},{"@type":"WebSite","@id":"https:\/\/dechets-beziersagglo.fr\/#website","url":"https:\/\/dechets-beziersagglo.fr\/","name":"D\u00e9chets B\u00e9ziers","description":"","publisher":{"@id":"https:\/\/dechets-beziersagglo.fr\/#organization"},"potentialAction":[{"@type":"SearchAction","target":{"@type":"EntryPoint","urlTemplate":"https:\/\/dechets-beziersagglo.fr\/?s={search_term_string}"},"query-input":{"@type":"PropertyValueSpecification","valueRequired":true,"valueName":"search_term_string"}}],"inLanguage":"fr-FR"},{"@type":"Organization","@id":"https:\/\/dechets-beziersagglo.fr\/#organization","name":"D\u00e9chets B\u00e9ziers","url":"https:\/\/dechets-beziersagglo.fr\/","logo":{"@type":"ImageObject","inLanguage":"fr-FR","@id":"https:\/\/dechets-beziersagglo.fr\/#\/schema\/logo\/image\/","url":"https:\/\/dechets-beziersagglo.fr\/wp-content\/uploads\/2021\/05\/cropped-logov3.png","contentUrl":"https:\/\/dechets-beziersagglo.fr\/wp-content\/uploads\/2021\/05\/cropped-logov3.png","width":532,"height":194,"caption":"D\u00e9chets B\u00e9ziers"},"image":{"@id":"https:\/\/dechets-beziersagglo.fr\/#\/schema\/logo\/image\/"}}]}},"_links":{"self":[{"href":"https:\/\/dechets-beziersagglo.fr\/index.php\/wp-json\/wp\/v2\/pages\/616","targetHints":{"allow":["GET"]}}],"collection":[{"href":"https:\/\/dechets-beziersagglo.fr\/index.php\/wp-json\/wp\/v2\/pages"}],"about":[{"href":"https:\/\/dechets-beziersagglo.fr\/index.php\/wp-json\/wp\/v2\/types\/page"}],"author":[{"embeddable":true,"href":"https:\/\/dechets-beziersagglo.fr\/index.php\/wp-json\/wp\/v2\/users\/1"}],"replies":[{"embeddable":true,"href":"https:\/\/dechets-beziersagglo.fr\/index.php\/wp-json\/wp\/v2\/comments?post=616"}],"version-history":[{"count":11,"href":"https:\/\/dechets-beziersagglo.fr\/index.php\/wp-json\/wp\/v2\/pages\/616\/revisions"}],"predecessor-version":[{"id":638,"href":"https:\/\/dechets-beziersagglo.fr\/index.php\/wp-json\/wp\/v2\/pages\/616\/revisions\/638"}],"wp:attachment":[{"href":"https:\/\/dechets-beziersagglo.fr\/index.php\/wp-json\/wp\/v2\/media?parent=616"}],"curies":[{"name":"wp","href":"https:\/\/api.w.org\/{rel}","templated":true}]}}