{"id":508,"date":"2021-05-25T16:10:18","date_gmt":"2021-05-25T14:10:18","guid":{"rendered":"http:\/\/dechets-beziersagglo.fr\/?page_id=508"},"modified":"2022-06-14T10:59:10","modified_gmt":"2022-06-14T08:59:10","slug":"points-de-collectes-insuffisants","status":"publish","type":"page","link":"https:\/\/dechets-beziersagglo.fr\/index.php\/points-de-collectes-insuffisants\/","title":{"rendered":"Points de collectes insuffisants"},"content":{"rendered":"\t\t<div data-elementor-type=\"wp-page\" data-elementor-id=\"508\" class=\"elementor elementor-508\">\n\t\t\t\t\t\t<section class=\"elementor-section elementor-top-section elementor-element elementor-element-abe86f9 elementor-section-boxed elementor-section-height-default elementor-section-height-default\" data-id=\"abe86f9\" data-element_type=\"section\" data-e-type=\"section\">\n\t\t\t\t\t\t<div class=\"elementor-container elementor-column-gap-default\">\n\t\t\t\t\t<div class=\"elementor-column elementor-col-100 elementor-top-column elementor-element elementor-element-66529d5\" data-id=\"66529d5\" data-element_type=\"column\" data-e-type=\"column\">\n\t\t\t<div class=\"elementor-widget-wrap elementor-element-populated\">\n\t\t\t\t\t\t<div class=\"elementor-element elementor-element-aef24ec elementor-widget elementor-widget-shortcode\" data-id=\"aef24ec\" data-element_type=\"widget\" data-e-type=\"widget\" data-widget_type=\"shortcode.default\">\n\t\t\t\t<div class=\"elementor-widget-container\">\n\t\t\t\t\t\t\t<div class=\"elementor-shortcode\">\n<div class=\"wpcf7 no-js\" id=\"wpcf7-f1521-o1\" lang=\"fr-FR\" dir=\"ltr\" data-wpcf7-id=\"1521\">\n<div class=\"screen-reader-response\"><p role=\"status\" aria-live=\"polite\" aria-atomic=\"true\"><\/p> <ul><\/ul><\/div>\n<form action=\"\/index.php\/wp-json\/wp\/v2\/pages\/508#wpcf7-f1521-o1\" method=\"post\" class=\"wpcf7-form init\" aria-label=\"Formulaire de contact\" enctype=\"multipart\/form-data\" novalidate=\"novalidate\" data-status=\"init\">\n<fieldset class=\"hidden-fields-container\"><input type=\"hidden\" name=\"_wpcf7\" value=\"1521\" \/><input type=\"hidden\" name=\"_wpcf7_version\" value=\"6.1.5\" \/><input type=\"hidden\" name=\"_wpcf7_locale\" value=\"fr_FR\" \/><input type=\"hidden\" name=\"_wpcf7_unit_tag\" value=\"wpcf7-f1521-o1\" \/><input type=\"hidden\" name=\"_wpcf7_container_post\" value=\"0\" \/><input type=\"hidden\" name=\"_wpcf7_posted_data_hash\" value=\"\" \/>\n<\/fieldset>\n<p><label><\/label>\n<\/p>\n<h2>Formulaire en ligne d'un signalement :\n<\/h2>\n<h2><br \/>\n<label>\n\t\t<h5> Choisir un signalement\n\t\t<\/h5>\n\t\t<h5>\n\t\t<\/h5>\n\t\t<h5><span class=\"wpcf7-form-control-wrap\" data-name=\"menu-625\"><select class=\"wpcf7-form-control wpcf7-select wpcf7-validates-as-required\" aria-required=\"true\" aria-invalid=\"false\" name=\"menu-625\"><option value=\"Probl\u00e8me de collecte des ordures m\u00e9nag\u00e8res\">Probl\u00e8me de collecte des ordures m\u00e9nag\u00e8res<\/option><option value=\"Probl\u00e8me de collecte des emballages\">Probl\u00e8me de collecte des emballages<\/option><option value=\"Probl\u00e8me de collecte du verre\">Probl\u00e8me de collecte du verre<\/option><option value=\"Probl\u00e8me de collecte des biod\u00e9chets\">Probl\u00e8me de collecte des biod\u00e9chets<\/option><option value=\"Probl\u00e8me de collecte des encombrants\">Probl\u00e8me de collecte des encombrants<\/option><option value=\"Probl\u00e8me de d\u00e9p\u00f4ts de d\u00e9chets\">Probl\u00e8me de d\u00e9p\u00f4ts de d\u00e9chets<\/option><option value=\"Accidents \/ v\u00e9hicules\">Accidents \/ v\u00e9hicules<\/option><option value=\"Points de collectes insuffisants\">Points de collectes insuffisants<\/option><option value=\"Autres\">Autres<\/option><\/select><\/span>\n\t\t<\/h5>\n\t\t<h5><label> Votre e-mail*<br \/>\n<span class=\"wpcf7-form-control-wrap\" data-name=\"your-email\"><input size=\"40\" maxlength=\"400\" class=\"wpcf7-form-control wpcf7-email wpcf7-validates-as-required wpcf7-text wpcf7-validates-as-email\" aria-required=\"true\" aria-invalid=\"false\" value=\"\" type=\"email\" name=\"your-email\" \/><\/span> <\/label>\n\t\t<\/h5>\n\t\t<h5><label> Votre nom*<br \/>\n<span class=\"wpcf7-form-control-wrap\" data-name=\"your-name\"><input size=\"40\" maxlength=\"400\" class=\"wpcf7-form-control wpcf7-text wpcf7-validates-as-required\" aria-required=\"true\" aria-invalid=\"false\" value=\"\" type=\"text\" name=\"your-name\" \/><\/span> <\/label>\n\t\t<\/h5>\n\t\t<h5><label> Votre num\u00e9ro de t\u00e9l\u00e9phone<br \/>\n<span class=\"wpcf7-form-control-wrap\" data-name=\"text-692\"><input size=\"40\" maxlength=\"400\" class=\"wpcf7-form-control wpcf7-text\" aria-invalid=\"false\" value=\"\" type=\"text\" name=\"text-692\" \/><\/span> <\/label>\n\t\t<\/h5><\/label><br \/>\n<br \/>\n\t<h5>Adresse du signalement :\n\t<\/h5>\n\t<h5><br \/>\n<br \/>\n<label>Commune* :<br \/>\n<span class=\"wpcf7-form-control-wrap\" data-name=\"menu-922\"><select class=\"wpcf7-form-control wpcf7-select wpcf7-validates-as-required\" aria-required=\"true\" aria-invalid=\"false\" name=\"menu-922\"><option value=\"B\u00e9ziers\">B\u00e9ziers<\/option><option value=\"Sauvian\">Sauvian<\/option><option value=\"S\u00e9rignan\">S\u00e9rignan<\/option><option value=\"Valras-Plage\">Valras-Plage<\/option><option value=\"Villeneuve-l\u00e8s-B\u00e9ziers\">Villeneuve-l\u00e8s-B\u00e9ziers<\/option><\/select><\/span><br \/>\n<\/label><label>Adresse du signalement* :<br \/>\n<span class=\"wpcf7-form-control-wrap\" data-name=\"Adresse\"><input size=\"40\" maxlength=\"400\" class=\"wpcf7-form-control wpcf7-text wpcf7-validates-as-required\" aria-required=\"true\" aria-invalid=\"false\" value=\"\" type=\"text\" name=\"Adresse\" \/><\/span><br \/>\n<\/label><label>Compl\u00e9ment d'adresse :<br \/>\n<span class=\"wpcf7-form-control-wrap\" data-name=\"Complmentdadresse:\"><input size=\"40\" maxlength=\"400\" class=\"wpcf7-form-control wpcf7-text\" aria-invalid=\"false\" value=\"\" type=\"text\" name=\"Complmentdadresse:\" \/><\/span><br \/>\n<\/label><label>Num\u00e9ro ( indiquez 0 si aucun ):<br \/>\n<span class=\"wpcf7-form-control-wrap\" data-name=\"number-686\"><input class=\"wpcf7-form-control wpcf7-number wpcf7-validates-as-number\" aria-invalid=\"false\" value=\"\" type=\"number\" name=\"number-686\" \/><\/span><br \/>\n\t\t\t<h5>T\u00e9l\u00e9charger une image ou photo:<br \/>\n<span class=\"wpcf7-form-control-wrap\" data-name=\"file-484\"><input size=\"40\" class=\"wpcf7-form-control wpcf7-file\" accept=\"audio\/*,video\/*,image\/*\" aria-invalid=\"false\" type=\"file\" name=\"file-484\" \/><\/span><br \/>\n<label> D\u00e9crire le probl\u00e8me rencontr\u00e9<br \/>\n<span class=\"wpcf7-form-control-wrap\" data-name=\"your-message\"><textarea cols=\"40\" rows=\"10\" maxlength=\"2000\" class=\"wpcf7-form-control wpcf7-textarea\" aria-invalid=\"false\" name=\"your-message\"><\/textarea><\/span> <\/label><br \/>\n<label>\n\t\t\t\t\t<h5>Protection des donn\u00e9es personnelles:<br \/>\n<span class=\"wpcf7-form-control-wrap\" data-name=\"checkbox-261\"><span class=\"wpcf7-form-control wpcf7-checkbox wpcf7-validates-as-required\"><span class=\"wpcf7-list-item first last\"><label><input type=\"checkbox\" name=\"checkbox-261[]\" value=\"En soumettant ce formulaire, vous acceptez que les informations envoy\u00e9es soient utilis\u00e9es par la communaut\u00e9 d&#039;Agglom\u00e9ration B\u00e9ziers M\u00e9diterran\u00e9e pour vous recontacter \u00e0 des fins non-commerciales. Vos donn\u00e9es ne sont pas revendues, ni utilis\u00e9es commercialement. Conform\u00e9ment \u00e0 la loi, vous disposez d&#039;un droit d&#039;acc\u00e8s, de rectifications et d&#039;opposition en contactant ambassadeurdutri@beziers-mediterranee.fr\" \/><span class=\"wpcf7-list-item-label\">En soumettant ce formulaire, vous acceptez que les informations envoy\u00e9es soient utilis\u00e9es par la communaut\u00e9 d&#039;Agglom\u00e9ration B\u00e9ziers M\u00e9diterran\u00e9e pour vous recontacter \u00e0 des fins non-commerciales. Vos donn\u00e9es ne sont pas revendues, ni utilis\u00e9es commercialement. Conform\u00e9ment \u00e0 la loi, vous disposez d&#039;un droit d&#039;acc\u00e8s, de rectifications et d&#039;opposition en contactant ambassadeurdutri@beziers-mediterranee.fr<\/span><\/label><\/span><\/span><\/span><br \/>\n<label><br \/>\n<input class=\"wpcf7-form-control wpcf7-submit has-spinner\" type=\"submit\" value=\"Envoyer\" \/><\/label>\n\t\t\t\t\t<\/h5><\/label>\n\t\t\t<\/h5><\/label>\n\t<\/h5>\n<\/h2><input type='hidden' class='wpcf7-pum' value='{\"closepopup\":false,\"closedelay\":0,\"openpopup\":false,\"openpopup_id\":0}' \/><div class=\"wpcf7-response-output\" aria-hidden=\"true\"><\/div>\n<\/form>\n<\/div>\n<\/div>\n\t\t\t\t\t\t<\/div>\n\t\t\t\t<\/div>\n\t\t\t\t\t<\/div>\n\t\t<\/div>\n\t\t\t\t\t<\/div>\n\t\t<\/section>\n\t\t\t\t<\/div>\n\t\t","protected":false},"excerpt":{"rendered":"","protected":false},"author":1,"featured_media":0,"parent":0,"menu_order":0,"comment_status":"closed","ping_status":"closed","template":"","meta":{"footnotes":""},"class_list":["post-508","page","type-page","status-publish","hentry"],"yoast_head":"<!-- This site is optimized with the Yoast SEO plugin v27.3 - https:\/\/yoast.com\/product\/yoast-seo-wordpress\/ -->\n<title>Points de collectes insuffisants - D\u00e9chets B\u00e9ziers<\/title>\n<meta name=\"robots\" content=\"index, follow, max-snippet:-1, max-image-preview:large, max-video-preview:-1\" \/>\n<link rel=\"canonical\" href=\"https:\/\/dechets-beziersagglo.fr\/index.php\/points-de-collectes-insuffisants\/\" \/>\n<meta property=\"og:locale\" content=\"fr_FR\" \/>\n<meta property=\"og:type\" content=\"article\" \/>\n<meta property=\"og:title\" content=\"Points de collectes insuffisants - D\u00e9chets B\u00e9ziers\" \/>\n<meta property=\"og:url\" content=\"https:\/\/dechets-beziersagglo.fr\/index.php\/points-de-collectes-insuffisants\/\" \/>\n<meta property=\"og:site_name\" content=\"D\u00e9chets B\u00e9ziers\" \/>\n<meta property=\"article:modified_time\" content=\"2022-06-14T08:59:10+00:00\" \/>\n<meta name=\"twitter:card\" content=\"summary_large_image\" \/>\n<script type=\"application\/ld+json\" class=\"yoast-schema-graph\">{\"@context\":\"https:\\\/\\\/schema.org\",\"@graph\":[{\"@type\":\"WebPage\",\"@id\":\"https:\\\/\\\/dechets-beziersagglo.fr\\\/index.php\\\/points-de-collectes-insuffisants\\\/\",\"url\":\"https:\\\/\\\/dechets-beziersagglo.fr\\\/index.php\\\/points-de-collectes-insuffisants\\\/\",\"name\":\"Points de collectes insuffisants - D\u00e9chets B\u00e9ziers\",\"isPartOf\":{\"@id\":\"https:\\\/\\\/dechets-beziersagglo.fr\\\/#website\"},\"datePublished\":\"2021-05-25T14:10:18+00:00\",\"dateModified\":\"2022-06-14T08:59:10+00:00\",\"breadcrumb\":{\"@id\":\"https:\\\/\\\/dechets-beziersagglo.fr\\\/index.php\\\/points-de-collectes-insuffisants\\\/#breadcrumb\"},\"inLanguage\":\"fr-FR\",\"potentialAction\":[{\"@type\":\"ReadAction\",\"target\":[\"https:\\\/\\\/dechets-beziersagglo.fr\\\/index.php\\\/points-de-collectes-insuffisants\\\/\"]}]},{\"@type\":\"BreadcrumbList\",\"@id\":\"https:\\\/\\\/dechets-beziersagglo.fr\\\/index.php\\\/points-de-collectes-insuffisants\\\/#breadcrumb\",\"itemListElement\":[{\"@type\":\"ListItem\",\"position\":1,\"name\":\"Accueil\",\"item\":\"https:\\\/\\\/dechets-beziersagglo.fr\\\/\"},{\"@type\":\"ListItem\",\"position\":2,\"name\":\"Points de collectes insuffisants\"}]},{\"@type\":\"WebSite\",\"@id\":\"https:\\\/\\\/dechets-beziersagglo.fr\\\/#website\",\"url\":\"https:\\\/\\\/dechets-beziersagglo.fr\\\/\",\"name\":\"D\u00e9chets B\u00e9ziers\",\"description\":\"\",\"publisher\":{\"@id\":\"https:\\\/\\\/dechets-beziersagglo.fr\\\/#organization\"},\"potentialAction\":[{\"@type\":\"SearchAction\",\"target\":{\"@type\":\"EntryPoint\",\"urlTemplate\":\"https:\\\/\\\/dechets-beziersagglo.fr\\\/?s={search_term_string}\"},\"query-input\":{\"@type\":\"PropertyValueSpecification\",\"valueRequired\":true,\"valueName\":\"search_term_string\"}}],\"inLanguage\":\"fr-FR\"},{\"@type\":\"Organization\",\"@id\":\"https:\\\/\\\/dechets-beziersagglo.fr\\\/#organization\",\"name\":\"D\u00e9chets B\u00e9ziers\",\"url\":\"https:\\\/\\\/dechets-beziersagglo.fr\\\/\",\"logo\":{\"@type\":\"ImageObject\",\"inLanguage\":\"fr-FR\",\"@id\":\"https:\\\/\\\/dechets-beziersagglo.fr\\\/#\\\/schema\\\/logo\\\/image\\\/\",\"url\":\"https:\\\/\\\/dechets-beziersagglo.fr\\\/wp-content\\\/uploads\\\/2021\\\/05\\\/cropped-logov3.png\",\"contentUrl\":\"https:\\\/\\\/dechets-beziersagglo.fr\\\/wp-content\\\/uploads\\\/2021\\\/05\\\/cropped-logov3.png\",\"width\":532,\"height\":194,\"caption\":\"D\u00e9chets B\u00e9ziers\"},\"image\":{\"@id\":\"https:\\\/\\\/dechets-beziersagglo.fr\\\/#\\\/schema\\\/logo\\\/image\\\/\"}}]}<\/script>\n<!-- \/ Yoast SEO plugin. -->","yoast_head_json":{"title":"Points de collectes insuffisants - D\u00e9chets B\u00e9ziers","robots":{"index":"index","follow":"follow","max-snippet":"max-snippet:-1","max-image-preview":"max-image-preview:large","max-video-preview":"max-video-preview:-1"},"canonical":"https:\/\/dechets-beziersagglo.fr\/index.php\/points-de-collectes-insuffisants\/","og_locale":"fr_FR","og_type":"article","og_title":"Points de collectes insuffisants - D\u00e9chets B\u00e9ziers","og_url":"https:\/\/dechets-beziersagglo.fr\/index.php\/points-de-collectes-insuffisants\/","og_site_name":"D\u00e9chets B\u00e9ziers","article_modified_time":"2022-06-14T08:59:10+00:00","twitter_card":"summary_large_image","schema":{"@context":"https:\/\/schema.org","@graph":[{"@type":"WebPage","@id":"https:\/\/dechets-beziersagglo.fr\/index.php\/points-de-collectes-insuffisants\/","url":"https:\/\/dechets-beziersagglo.fr\/index.php\/points-de-collectes-insuffisants\/","name":"Points de collectes insuffisants - D\u00e9chets B\u00e9ziers","isPartOf":{"@id":"https:\/\/dechets-beziersagglo.fr\/#website"},"datePublished":"2021-05-25T14:10:18+00:00","dateModified":"2022-06-14T08:59:10+00:00","breadcrumb":{"@id":"https:\/\/dechets-beziersagglo.fr\/index.php\/points-de-collectes-insuffisants\/#breadcrumb"},"inLanguage":"fr-FR","potentialAction":[{"@type":"ReadAction","target":["https:\/\/dechets-beziersagglo.fr\/index.php\/points-de-collectes-insuffisants\/"]}]},{"@type":"BreadcrumbList","@id":"https:\/\/dechets-beziersagglo.fr\/index.php\/points-de-collectes-insuffisants\/#breadcrumb","itemListElement":[{"@type":"ListItem","position":1,"name":"Accueil","item":"https:\/\/dechets-beziersagglo.fr\/"},{"@type":"ListItem","position":2,"name":"Points de collectes insuffisants"}]},{"@type":"WebSite","@id":"https:\/\/dechets-beziersagglo.fr\/#website","url":"https:\/\/dechets-beziersagglo.fr\/","name":"D\u00e9chets B\u00e9ziers","description":"","publisher":{"@id":"https:\/\/dechets-beziersagglo.fr\/#organization"},"potentialAction":[{"@type":"SearchAction","target":{"@type":"EntryPoint","urlTemplate":"https:\/\/dechets-beziersagglo.fr\/?s={search_term_string}"},"query-input":{"@type":"PropertyValueSpecification","valueRequired":true,"valueName":"search_term_string"}}],"inLanguage":"fr-FR"},{"@type":"Organization","@id":"https:\/\/dechets-beziersagglo.fr\/#organization","name":"D\u00e9chets B\u00e9ziers","url":"https:\/\/dechets-beziersagglo.fr\/","logo":{"@type":"ImageObject","inLanguage":"fr-FR","@id":"https:\/\/dechets-beziersagglo.fr\/#\/schema\/logo\/image\/","url":"https:\/\/dechets-beziersagglo.fr\/wp-content\/uploads\/2021\/05\/cropped-logov3.png","contentUrl":"https:\/\/dechets-beziersagglo.fr\/wp-content\/uploads\/2021\/05\/cropped-logov3.png","width":532,"height":194,"caption":"D\u00e9chets B\u00e9ziers"},"image":{"@id":"https:\/\/dechets-beziersagglo.fr\/#\/schema\/logo\/image\/"}}]}},"_links":{"self":[{"href":"https:\/\/dechets-beziersagglo.fr\/index.php\/wp-json\/wp\/v2\/pages\/508","targetHints":{"allow":["GET"]}}],"collection":[{"href":"https:\/\/dechets-beziersagglo.fr\/index.php\/wp-json\/wp\/v2\/pages"}],"about":[{"href":"https:\/\/dechets-beziersagglo.fr\/index.php\/wp-json\/wp\/v2\/types\/page"}],"author":[{"embeddable":true,"href":"https:\/\/dechets-beziersagglo.fr\/index.php\/wp-json\/wp\/v2\/users\/1"}],"replies":[{"embeddable":true,"href":"https:\/\/dechets-beziersagglo.fr\/index.php\/wp-json\/wp\/v2\/comments?post=508"}],"version-history":[{"count":4,"href":"https:\/\/dechets-beziersagglo.fr\/index.php\/wp-json\/wp\/v2\/pages\/508\/revisions"}],"predecessor-version":[{"id":1533,"href":"https:\/\/dechets-beziersagglo.fr\/index.php\/wp-json\/wp\/v2\/pages\/508\/revisions\/1533"}],"wp:attachment":[{"href":"https:\/\/dechets-beziersagglo.fr\/index.php\/wp-json\/wp\/v2\/media?parent=508"}],"curies":[{"name":"wp","href":"https:\/\/api.w.org\/{rel}","templated":true}]}}