{"id":3573,"date":"2024-10-18T14:41:40","date_gmt":"2024-10-18T12:41:40","guid":{"rendered":"https:\/\/dechets-beziersagglo.fr\/?page_id=3573"},"modified":"2024-10-18T14:47:15","modified_gmt":"2024-10-18T12:47:15","slug":"produits-cosmetiques","status":"publish","type":"page","link":"https:\/\/dechets-beziersagglo.fr\/index.php\/produits-cosmetiques\/","title":{"rendered":"Produits Cosm\u00e9tiques"},"content":{"rendered":"\t\t<div data-elementor-type=\"wp-page\" data-elementor-id=\"3573\" class=\"elementor elementor-3573\">\n\t\t\t\t\t\t<section class=\"elementor-section elementor-top-section elementor-element elementor-element-cf9ce10 elementor-section-boxed elementor-section-height-default elementor-section-height-default\" data-id=\"cf9ce10\" data-element_type=\"section\" data-e-type=\"section\">\n\t\t\t\t\t\t<div class=\"elementor-container elementor-column-gap-default\">\n\t\t\t\t\t<div class=\"elementor-column elementor-col-100 elementor-top-column elementor-element elementor-element-ee60262\" data-id=\"ee60262\" data-element_type=\"column\" data-e-type=\"column\">\n\t\t\t<div class=\"elementor-widget-wrap elementor-element-populated\">\n\t\t\t\t\t\t<div class=\"elementor-element elementor-element-a33afc3 elementor-widget elementor-widget-heading\" data-id=\"a33afc3\" data-element_type=\"widget\" data-e-type=\"widget\" data-widget_type=\"heading.default\">\n\t\t\t\t<div class=\"elementor-widget-container\">\n\t\t\t\t\t<h4 class=\"elementor-heading-title elementor-size-default\">Produits cosm\u00e9tiques<\/h4>\t\t\t\t<\/div>\n\t\t\t\t<\/div>\n\t\t\t\t\t<\/div>\n\t\t<\/div>\n\t\t\t\t\t<\/div>\n\t\t<\/section>\n\t\t\t\t<section class=\"elementor-section elementor-top-section elementor-element elementor-element-e134555 elementor-section-boxed elementor-section-height-default elementor-section-height-default\" data-id=\"e134555\" data-element_type=\"section\" data-e-type=\"section\">\n\t\t\t\t\t\t<div class=\"elementor-container elementor-column-gap-default\">\n\t\t\t\t\t<div class=\"elementor-column elementor-col-100 elementor-top-column elementor-element elementor-element-63d3a62\" data-id=\"63d3a62\" data-element_type=\"column\" data-e-type=\"column\">\n\t\t\t<div class=\"elementor-widget-wrap elementor-element-populated\">\n\t\t\t\t\t\t<div class=\"elementor-element elementor-element-34861e0 elementor-widget elementor-widget-spacer\" data-id=\"34861e0\" data-element_type=\"widget\" data-e-type=\"widget\" data-widget_type=\"spacer.default\">\n\t\t\t\t<div class=\"elementor-widget-container\">\n\t\t\t\t\t\t\t<div class=\"elementor-spacer\">\n\t\t\t<div class=\"elementor-spacer-inner\"><\/div>\n\t\t<\/div>\n\t\t\t\t\t\t<\/div>\n\t\t\t\t<\/div>\n\t\t\t\t\t<\/div>\n\t\t<\/div>\n\t\t\t\t\t<\/div>\n\t\t<\/section>\n\t\t\t\t<section class=\"elementor-section elementor-top-section elementor-element elementor-element-7230bed elementor-section-boxed elementor-section-height-default elementor-section-height-default\" data-id=\"7230bed\" data-element_type=\"section\" data-e-type=\"section\">\n\t\t\t\t\t\t<div class=\"elementor-container elementor-column-gap-default\">\n\t\t\t\t\t<div class=\"elementor-column elementor-col-50 elementor-top-column elementor-element elementor-element-7bb0d2d\" data-id=\"7bb0d2d\" data-element_type=\"column\" data-e-type=\"column\">\n\t\t\t<div class=\"elementor-widget-wrap elementor-element-populated\">\n\t\t\t\t\t\t<div class=\"elementor-element elementor-element-8556aee elementor-widget elementor-widget-image\" data-id=\"8556aee\" data-element_type=\"widget\" data-e-type=\"widget\" data-widget_type=\"image.default\">\n\t\t\t\t<div class=\"elementor-widget-container\">\n\t\t\t\t\t\t\t\t\t\t\t\t\t\t\t\t<a href=\"https:\/\/dechets-beziersagglo.fr\/wp-content\/uploads\/2024\/10\/baume.png\">\n\t\t\t\t\t\t\t<img fetchpriority=\"high\" decoding=\"async\" width=\"768\" height=\"1086\" src=\"https:\/\/dechets-beziersagglo.fr\/wp-content\/uploads\/2024\/10\/baume-768x1086.png\" class=\"attachment-medium_large size-medium_large wp-image-3579\" alt=\"\" srcset=\"https:\/\/dechets-beziersagglo.fr\/wp-content\/uploads\/2024\/10\/baume-768x1086.png 768w, https:\/\/dechets-beziersagglo.fr\/wp-content\/uploads\/2024\/10\/baume-212x300.png 212w, https:\/\/dechets-beziersagglo.fr\/wp-content\/uploads\/2024\/10\/baume-724x1024.png 724w, https:\/\/dechets-beziersagglo.fr\/wp-content\/uploads\/2024\/10\/baume-1086x1536.png 1086w, https:\/\/dechets-beziersagglo.fr\/wp-content\/uploads\/2024\/10\/baume-1448x2048.png 1448w\" sizes=\"(max-width: 768px) 100vw, 768px\" \/>\t\t\t\t\t\t\t\t<\/a>\n\t\t\t\t\t\t\t\t\t\t\t\t\t\t\t<\/div>\n\t\t\t\t<\/div>\n\t\t\t\t\t<\/div>\n\t\t<\/div>\n\t\t\t\t<div class=\"elementor-column elementor-col-50 elementor-top-column elementor-element elementor-element-a392e28\" data-id=\"a392e28\" data-element_type=\"column\" data-e-type=\"column\">\n\t\t\t<div class=\"elementor-widget-wrap elementor-element-populated\">\n\t\t\t\t\t\t<div class=\"elementor-element elementor-element-eb9db97 elementor-widget elementor-widget-image\" data-id=\"eb9db97\" data-element_type=\"widget\" data-e-type=\"widget\" data-widget_type=\"image.default\">\n\t\t\t\t<div class=\"elementor-widget-container\">\n\t\t\t\t\t\t\t\t\t\t\t\t\t\t\t\t<a href=\"https:\/\/dechets-beziersagglo.fr\/wp-content\/uploads\/2024\/10\/de\u0301m.png\">\n\t\t\t\t\t\t\t<img decoding=\"async\" width=\"768\" height=\"1086\" src=\"https:\/\/dechets-beziersagglo.fr\/wp-content\/uploads\/2024\/10\/de\u0301m-768x1086.png\" class=\"attachment-medium_large size-medium_large wp-image-3583\" alt=\"\" srcset=\"https:\/\/dechets-beziersagglo.fr\/wp-content\/uploads\/2024\/10\/de\u0301m-768x1086.png 768w, https:\/\/dechets-beziersagglo.fr\/wp-content\/uploads\/2024\/10\/de\u0301m-212x300.png 212w, https:\/\/dechets-beziersagglo.fr\/wp-content\/uploads\/2024\/10\/de\u0301m-724x1024.png 724w, https:\/\/dechets-beziersagglo.fr\/wp-content\/uploads\/2024\/10\/de\u0301m-1086x1536.png 1086w, https:\/\/dechets-beziersagglo.fr\/wp-content\/uploads\/2024\/10\/de\u0301m-1448x2048.png 1448w\" sizes=\"(max-width: 768px) 100vw, 768px\" \/>\t\t\t\t\t\t\t\t<\/a>\n\t\t\t\t\t\t\t\t\t\t\t\t\t\t\t<\/div>\n\t\t\t\t<\/div>\n\t\t\t\t\t<\/div>\n\t\t<\/div>\n\t\t\t\t\t<\/div>\n\t\t<\/section>\n\t\t\t\t<section class=\"elementor-section elementor-top-section elementor-element elementor-element-caf45e4 elementor-section-boxed elementor-section-height-default elementor-section-height-default\" data-id=\"caf45e4\" data-element_type=\"section\" data-e-type=\"section\">\n\t\t\t\t\t\t<div class=\"elementor-container elementor-column-gap-default\">\n\t\t\t\t\t<div class=\"elementor-column elementor-col-100 elementor-top-column elementor-element elementor-element-6fc9910\" data-id=\"6fc9910\" data-element_type=\"column\" data-e-type=\"column\">\n\t\t\t<div class=\"elementor-widget-wrap elementor-element-populated\">\n\t\t\t\t\t\t<div class=\"elementor-element elementor-element-c0cff9c elementor-widget elementor-widget-spacer\" data-id=\"c0cff9c\" data-element_type=\"widget\" data-e-type=\"widget\" data-widget_type=\"spacer.default\">\n\t\t\t\t<div class=\"elementor-widget-container\">\n\t\t\t\t\t\t\t<div class=\"elementor-spacer\">\n\t\t\t<div class=\"elementor-spacer-inner\"><\/div>\n\t\t<\/div>\n\t\t\t\t\t\t<\/div>\n\t\t\t\t<\/div>\n\t\t\t\t\t<\/div>\n\t\t<\/div>\n\t\t\t\t\t<\/div>\n\t\t<\/section>\n\t\t\t\t<section class=\"elementor-section elementor-top-section elementor-element elementor-element-ecdf535 elementor-section-boxed elementor-section-height-default elementor-section-height-default\" data-id=\"ecdf535\" data-element_type=\"section\" data-e-type=\"section\">\n\t\t\t\t\t\t<div class=\"elementor-container elementor-column-gap-default\">\n\t\t\t\t\t<div class=\"elementor-column elementor-col-50 elementor-top-column elementor-element elementor-element-de0fcf8\" data-id=\"de0fcf8\" data-element_type=\"column\" data-e-type=\"column\">\n\t\t\t<div class=\"elementor-widget-wrap elementor-element-populated\">\n\t\t\t\t\t\t<div class=\"elementor-element elementor-element-8bd7129 elementor-widget elementor-widget-image\" data-id=\"8bd7129\" data-element_type=\"widget\" data-e-type=\"widget\" data-widget_type=\"image.default\">\n\t\t\t\t<div class=\"elementor-widget-container\">\n\t\t\t\t\t\t\t\t\t\t\t\t\t\t\t\t<a href=\"https:\/\/dechets-beziersagglo.fr\/wp-content\/uploads\/2024\/10\/dentifrice.png\">\n\t\t\t\t\t\t\t<img decoding=\"async\" width=\"768\" height=\"1086\" src=\"https:\/\/dechets-beziersagglo.fr\/wp-content\/uploads\/2024\/10\/dentifrice-768x1086.png\" class=\"attachment-medium_large size-medium_large wp-image-3587\" alt=\"\" srcset=\"https:\/\/dechets-beziersagglo.fr\/wp-content\/uploads\/2024\/10\/dentifrice-768x1086.png 768w, https:\/\/dechets-beziersagglo.fr\/wp-content\/uploads\/2024\/10\/dentifrice-212x300.png 212w, https:\/\/dechets-beziersagglo.fr\/wp-content\/uploads\/2024\/10\/dentifrice-724x1024.png 724w, https:\/\/dechets-beziersagglo.fr\/wp-content\/uploads\/2024\/10\/dentifrice-1086x1536.png 1086w, https:\/\/dechets-beziersagglo.fr\/wp-content\/uploads\/2024\/10\/dentifrice-1448x2048.png 1448w\" sizes=\"(max-width: 768px) 100vw, 768px\" \/>\t\t\t\t\t\t\t\t<\/a>\n\t\t\t\t\t\t\t\t\t\t\t\t\t\t\t<\/div>\n\t\t\t\t<\/div>\n\t\t\t\t\t<\/div>\n\t\t<\/div>\n\t\t\t\t<div class=\"elementor-column elementor-col-50 elementor-top-column elementor-element elementor-element-ec6620b\" data-id=\"ec6620b\" data-element_type=\"column\" data-e-type=\"column\">\n\t\t\t<div class=\"elementor-widget-wrap elementor-element-populated\">\n\t\t\t\t\t\t<div class=\"elementor-element elementor-element-a572945 elementor-widget elementor-widget-image\" data-id=\"a572945\" data-element_type=\"widget\" data-e-type=\"widget\" data-widget_type=\"image.default\">\n\t\t\t\t<div class=\"elementor-widget-container\">\n\t\t\t\t\t\t\t\t\t\t\t\t\t\t\t\t<a href=\"https:\/\/dechets-beziersagglo.fr\/wp-content\/uploads\/2024\/10\/de\u0301o.png\">\n\t\t\t\t\t\t\t<img loading=\"lazy\" decoding=\"async\" width=\"768\" height=\"1086\" src=\"https:\/\/dechets-beziersagglo.fr\/wp-content\/uploads\/2024\/10\/de\u0301o-768x1086.png\" class=\"attachment-medium_large size-medium_large wp-image-3591\" alt=\"\" srcset=\"https:\/\/dechets-beziersagglo.fr\/wp-content\/uploads\/2024\/10\/de\u0301o-768x1086.png 768w, https:\/\/dechets-beziersagglo.fr\/wp-content\/uploads\/2024\/10\/de\u0301o-212x300.png 212w, https:\/\/dechets-beziersagglo.fr\/wp-content\/uploads\/2024\/10\/de\u0301o-724x1024.png 724w, https:\/\/dechets-beziersagglo.fr\/wp-content\/uploads\/2024\/10\/de\u0301o-1086x1536.png 1086w, https:\/\/dechets-beziersagglo.fr\/wp-content\/uploads\/2024\/10\/de\u0301o-1448x2048.png 1448w\" sizes=\"(max-width: 768px) 100vw, 768px\" \/>\t\t\t\t\t\t\t\t<\/a>\n\t\t\t\t\t\t\t\t\t\t\t\t\t\t\t<\/div>\n\t\t\t\t<\/div>\n\t\t\t\t\t<\/div>\n\t\t<\/div>\n\t\t\t\t\t<\/div>\n\t\t<\/section>\n\t\t\t\t<\/div>\n\t\t","protected":false},"excerpt":{"rendered":"<p>Produits cosm\u00e9tiques<\/p>\n","protected":false},"author":1,"featured_media":0,"parent":0,"menu_order":0,"comment_status":"closed","ping_status":"closed","template":"","meta":{"footnotes":""},"class_list":["post-3573","page","type-page","status-publish","hentry"],"yoast_head":"<!-- This site is optimized with the Yoast SEO plugin v27.3 - https:\/\/yoast.com\/product\/yoast-seo-wordpress\/ -->\n<title>Produits Cosm\u00e9tiques - D\u00e9chets B\u00e9ziers<\/title>\n<meta name=\"robots\" content=\"index, follow, max-snippet:-1, max-image-preview:large, max-video-preview:-1\" \/>\n<link rel=\"canonical\" href=\"https:\/\/dechets-beziersagglo.fr\/index.php\/produits-cosmetiques\/\" \/>\n<meta property=\"og:locale\" content=\"fr_FR\" \/>\n<meta property=\"og:type\" content=\"article\" \/>\n<meta property=\"og:title\" content=\"Produits Cosm\u00e9tiques - D\u00e9chets B\u00e9ziers\" \/>\n<meta property=\"og:description\" content=\"Produits cosm\u00e9tiques\" \/>\n<meta property=\"og:url\" content=\"https:\/\/dechets-beziersagglo.fr\/index.php\/produits-cosmetiques\/\" \/>\n<meta property=\"og:site_name\" content=\"D\u00e9chets B\u00e9ziers\" \/>\n<meta property=\"article:modified_time\" content=\"2024-10-18T12:47:15+00:00\" \/>\n<meta property=\"og:image\" content=\"https:\/\/dechets-beziersagglo.fr\/wp-content\/uploads\/2024\/10\/baume-768x1086.png\" \/>\n<meta name=\"twitter:card\" content=\"summary_large_image\" \/>\n<script type=\"application\/ld+json\" class=\"yoast-schema-graph\">{\"@context\":\"https:\\\/\\\/schema.org\",\"@graph\":[{\"@type\":\"WebPage\",\"@id\":\"https:\\\/\\\/dechets-beziersagglo.fr\\\/index.php\\\/produits-cosmetiques\\\/\",\"url\":\"https:\\\/\\\/dechets-beziersagglo.fr\\\/index.php\\\/produits-cosmetiques\\\/\",\"name\":\"Produits Cosm\u00e9tiques - D\u00e9chets B\u00e9ziers\",\"isPartOf\":{\"@id\":\"https:\\\/\\\/dechets-beziersagglo.fr\\\/#website\"},\"primaryImageOfPage\":{\"@id\":\"https:\\\/\\\/dechets-beziersagglo.fr\\\/index.php\\\/produits-cosmetiques\\\/#primaryimage\"},\"image\":{\"@id\":\"https:\\\/\\\/dechets-beziersagglo.fr\\\/index.php\\\/produits-cosmetiques\\\/#primaryimage\"},\"thumbnailUrl\":\"https:\\\/\\\/dechets-beziersagglo.fr\\\/wp-content\\\/uploads\\\/2024\\\/10\\\/baume-768x1086.png\",\"datePublished\":\"2024-10-18T12:41:40+00:00\",\"dateModified\":\"2024-10-18T12:47:15+00:00\",\"breadcrumb\":{\"@id\":\"https:\\\/\\\/dechets-beziersagglo.fr\\\/index.php\\\/produits-cosmetiques\\\/#breadcrumb\"},\"inLanguage\":\"fr-FR\",\"potentialAction\":[{\"@type\":\"ReadAction\",\"target\":[\"https:\\\/\\\/dechets-beziersagglo.fr\\\/index.php\\\/produits-cosmetiques\\\/\"]}]},{\"@type\":\"ImageObject\",\"inLanguage\":\"fr-FR\",\"@id\":\"https:\\\/\\\/dechets-beziersagglo.fr\\\/index.php\\\/produits-cosmetiques\\\/#primaryimage\",\"url\":\"https:\\\/\\\/dechets-beziersagglo.fr\\\/wp-content\\\/uploads\\\/2024\\\/10\\\/baume.png\",\"contentUrl\":\"https:\\\/\\\/dechets-beziersagglo.fr\\\/wp-content\\\/uploads\\\/2024\\\/10\\\/baume.png\",\"width\":2481,\"height\":3509},{\"@type\":\"BreadcrumbList\",\"@id\":\"https:\\\/\\\/dechets-beziersagglo.fr\\\/index.php\\\/produits-cosmetiques\\\/#breadcrumb\",\"itemListElement\":[{\"@type\":\"ListItem\",\"position\":1,\"name\":\"Accueil\",\"item\":\"https:\\\/\\\/dechets-beziersagglo.fr\\\/\"},{\"@type\":\"ListItem\",\"position\":2,\"name\":\"Produits Cosm\u00e9tiques\"}]},{\"@type\":\"WebSite\",\"@id\":\"https:\\\/\\\/dechets-beziersagglo.fr\\\/#website\",\"url\":\"https:\\\/\\\/dechets-beziersagglo.fr\\\/\",\"name\":\"D\u00e9chets B\u00e9ziers\",\"description\":\"\",\"publisher\":{\"@id\":\"https:\\\/\\\/dechets-beziersagglo.fr\\\/#organization\"},\"potentialAction\":[{\"@type\":\"SearchAction\",\"target\":{\"@type\":\"EntryPoint\",\"urlTemplate\":\"https:\\\/\\\/dechets-beziersagglo.fr\\\/?s={search_term_string}\"},\"query-input\":{\"@type\":\"PropertyValueSpecification\",\"valueRequired\":true,\"valueName\":\"search_term_string\"}}],\"inLanguage\":\"fr-FR\"},{\"@type\":\"Organization\",\"@id\":\"https:\\\/\\\/dechets-beziersagglo.fr\\\/#organization\",\"name\":\"D\u00e9chets B\u00e9ziers\",\"url\":\"https:\\\/\\\/dechets-beziersagglo.fr\\\/\",\"logo\":{\"@type\":\"ImageObject\",\"inLanguage\":\"fr-FR\",\"@id\":\"https:\\\/\\\/dechets-beziersagglo.fr\\\/#\\\/schema\\\/logo\\\/image\\\/\",\"url\":\"https:\\\/\\\/dechets-beziersagglo.fr\\\/wp-content\\\/uploads\\\/2021\\\/05\\\/cropped-logov3.png\",\"contentUrl\":\"https:\\\/\\\/dechets-beziersagglo.fr\\\/wp-content\\\/uploads\\\/2021\\\/05\\\/cropped-logov3.png\",\"width\":532,\"height\":194,\"caption\":\"D\u00e9chets B\u00e9ziers\"},\"image\":{\"@id\":\"https:\\\/\\\/dechets-beziersagglo.fr\\\/#\\\/schema\\\/logo\\\/image\\\/\"}}]}<\/script>\n<!-- \/ Yoast SEO plugin. -->","yoast_head_json":{"title":"Produits Cosm\u00e9tiques - D\u00e9chets B\u00e9ziers","robots":{"index":"index","follow":"follow","max-snippet":"max-snippet:-1","max-image-preview":"max-image-preview:large","max-video-preview":"max-video-preview:-1"},"canonical":"https:\/\/dechets-beziersagglo.fr\/index.php\/produits-cosmetiques\/","og_locale":"fr_FR","og_type":"article","og_title":"Produits Cosm\u00e9tiques - D\u00e9chets B\u00e9ziers","og_description":"Produits cosm\u00e9tiques","og_url":"https:\/\/dechets-beziersagglo.fr\/index.php\/produits-cosmetiques\/","og_site_name":"D\u00e9chets B\u00e9ziers","article_modified_time":"2024-10-18T12:47:15+00:00","og_image":[{"url":"https:\/\/dechets-beziersagglo.fr\/wp-content\/uploads\/2024\/10\/baume-768x1086.png","type":"","width":"","height":""}],"twitter_card":"summary_large_image","schema":{"@context":"https:\/\/schema.org","@graph":[{"@type":"WebPage","@id":"https:\/\/dechets-beziersagglo.fr\/index.php\/produits-cosmetiques\/","url":"https:\/\/dechets-beziersagglo.fr\/index.php\/produits-cosmetiques\/","name":"Produits Cosm\u00e9tiques - D\u00e9chets B\u00e9ziers","isPartOf":{"@id":"https:\/\/dechets-beziersagglo.fr\/#website"},"primaryImageOfPage":{"@id":"https:\/\/dechets-beziersagglo.fr\/index.php\/produits-cosmetiques\/#primaryimage"},"image":{"@id":"https:\/\/dechets-beziersagglo.fr\/index.php\/produits-cosmetiques\/#primaryimage"},"thumbnailUrl":"https:\/\/dechets-beziersagglo.fr\/wp-content\/uploads\/2024\/10\/baume-768x1086.png","datePublished":"2024-10-18T12:41:40+00:00","dateModified":"2024-10-18T12:47:15+00:00","breadcrumb":{"@id":"https:\/\/dechets-beziersagglo.fr\/index.php\/produits-cosmetiques\/#breadcrumb"},"inLanguage":"fr-FR","potentialAction":[{"@type":"ReadAction","target":["https:\/\/dechets-beziersagglo.fr\/index.php\/produits-cosmetiques\/"]}]},{"@type":"ImageObject","inLanguage":"fr-FR","@id":"https:\/\/dechets-beziersagglo.fr\/index.php\/produits-cosmetiques\/#primaryimage","url":"https:\/\/dechets-beziersagglo.fr\/wp-content\/uploads\/2024\/10\/baume.png","contentUrl":"https:\/\/dechets-beziersagglo.fr\/wp-content\/uploads\/2024\/10\/baume.png","width":2481,"height":3509},{"@type":"BreadcrumbList","@id":"https:\/\/dechets-beziersagglo.fr\/index.php\/produits-cosmetiques\/#breadcrumb","itemListElement":[{"@type":"ListItem","position":1,"name":"Accueil","item":"https:\/\/dechets-beziersagglo.fr\/"},{"@type":"ListItem","position":2,"name":"Produits Cosm\u00e9tiques"}]},{"@type":"WebSite","@id":"https:\/\/dechets-beziersagglo.fr\/#website","url":"https:\/\/dechets-beziersagglo.fr\/","name":"D\u00e9chets B\u00e9ziers","description":"","publisher":{"@id":"https:\/\/dechets-beziersagglo.fr\/#organization"},"potentialAction":[{"@type":"SearchAction","target":{"@type":"EntryPoint","urlTemplate":"https:\/\/dechets-beziersagglo.fr\/?s={search_term_string}"},"query-input":{"@type":"PropertyValueSpecification","valueRequired":true,"valueName":"search_term_string"}}],"inLanguage":"fr-FR"},{"@type":"Organization","@id":"https:\/\/dechets-beziersagglo.fr\/#organization","name":"D\u00e9chets B\u00e9ziers","url":"https:\/\/dechets-beziersagglo.fr\/","logo":{"@type":"ImageObject","inLanguage":"fr-FR","@id":"https:\/\/dechets-beziersagglo.fr\/#\/schema\/logo\/image\/","url":"https:\/\/dechets-beziersagglo.fr\/wp-content\/uploads\/2021\/05\/cropped-logov3.png","contentUrl":"https:\/\/dechets-beziersagglo.fr\/wp-content\/uploads\/2021\/05\/cropped-logov3.png","width":532,"height":194,"caption":"D\u00e9chets B\u00e9ziers"},"image":{"@id":"https:\/\/dechets-beziersagglo.fr\/#\/schema\/logo\/image\/"}}]}},"_links":{"self":[{"href":"https:\/\/dechets-beziersagglo.fr\/index.php\/wp-json\/wp\/v2\/pages\/3573","targetHints":{"allow":["GET"]}}],"collection":[{"href":"https:\/\/dechets-beziersagglo.fr\/index.php\/wp-json\/wp\/v2\/pages"}],"about":[{"href":"https:\/\/dechets-beziersagglo.fr\/index.php\/wp-json\/wp\/v2\/types\/page"}],"author":[{"embeddable":true,"href":"https:\/\/dechets-beziersagglo.fr\/index.php\/wp-json\/wp\/v2\/users\/1"}],"replies":[{"embeddable":true,"href":"https:\/\/dechets-beziersagglo.fr\/index.php\/wp-json\/wp\/v2\/comments?post=3573"}],"version-history":[{"count":16,"href":"https:\/\/dechets-beziersagglo.fr\/index.php\/wp-json\/wp\/v2\/pages\/3573\/revisions"}],"predecessor-version":[{"id":3594,"href":"https:\/\/dechets-beziersagglo.fr\/index.php\/wp-json\/wp\/v2\/pages\/3573\/revisions\/3594"}],"wp:attachment":[{"href":"https:\/\/dechets-beziersagglo.fr\/index.php\/wp-json\/wp\/v2\/media?parent=3573"}],"curies":[{"name":"wp","href":"https:\/\/api.w.org\/{rel}","templated":true}]}}