{"id":3520,"date":"2024-10-18T11:48:49","date_gmt":"2024-10-18T09:48:49","guid":{"rendered":"https:\/\/dechets-beziersagglo.fr\/?page_id=3520"},"modified":"2024-10-18T14:47:56","modified_gmt":"2024-10-18T12:47:56","slug":"diy-faits-maison","status":"publish","type":"page","link":"https:\/\/dechets-beziersagglo.fr\/index.php\/diy-faits-maison\/","title":{"rendered":"DIY-Faits  maison"},"content":{"rendered":"\t\t<div data-elementor-type=\"wp-page\" data-elementor-id=\"3520\" class=\"elementor elementor-3520\">\n\t\t\t\t\t\t<section class=\"elementor-section elementor-top-section elementor-element elementor-element-68302f0 elementor-section-boxed elementor-section-height-default elementor-section-height-default\" data-id=\"68302f0\" data-element_type=\"section\" data-e-type=\"section\">\n\t\t\t\t\t\t<div class=\"elementor-container elementor-column-gap-default\">\n\t\t\t\t\t<div class=\"elementor-column elementor-col-100 elementor-top-column elementor-element elementor-element-f1ad430\" data-id=\"f1ad430\" data-element_type=\"column\" data-e-type=\"column\">\n\t\t\t<div class=\"elementor-widget-wrap elementor-element-populated\">\n\t\t\t\t\t\t<div class=\"elementor-element elementor-element-0e2cc08 elementor-widget elementor-widget-heading\" data-id=\"0e2cc08\" data-element_type=\"widget\" data-e-type=\"widget\" data-widget_type=\"heading.default\">\n\t\t\t\t<div class=\"elementor-widget-container\">\n\t\t\t\t\t<h4 class=\"elementor-heading-title elementor-size-default\">DIY-Faits  maison<\/h4>\t\t\t\t<\/div>\n\t\t\t\t<\/div>\n\t\t\t\t\t<\/div>\n\t\t<\/div>\n\t\t\t\t\t<\/div>\n\t\t<\/section>\n\t\t\t\t<section class=\"elementor-section elementor-top-section elementor-element elementor-element-52cee67 elementor-section-boxed elementor-section-height-default elementor-section-height-default\" data-id=\"52cee67\" data-element_type=\"section\" data-e-type=\"section\">\n\t\t\t\t\t\t<div class=\"elementor-container elementor-column-gap-default\">\n\t\t\t\t\t<div class=\"elementor-column elementor-col-100 elementor-top-column elementor-element elementor-element-f1df630\" data-id=\"f1df630\" data-element_type=\"column\" data-e-type=\"column\">\n\t\t\t<div class=\"elementor-widget-wrap elementor-element-populated\">\n\t\t\t\t\t\t<div class=\"elementor-element elementor-element-66c675f elementor-widget elementor-widget-spacer\" data-id=\"66c675f\" data-element_type=\"widget\" data-e-type=\"widget\" data-widget_type=\"spacer.default\">\n\t\t\t\t<div class=\"elementor-widget-container\">\n\t\t\t\t\t\t\t<div class=\"elementor-spacer\">\n\t\t\t<div class=\"elementor-spacer-inner\"><\/div>\n\t\t<\/div>\n\t\t\t\t\t\t<\/div>\n\t\t\t\t<\/div>\n\t\t\t\t\t<\/div>\n\t\t<\/div>\n\t\t\t\t\t<\/div>\n\t\t<\/section>\n\t\t\t\t<section class=\"elementor-section elementor-top-section elementor-element elementor-element-0641942 elementor-section-boxed elementor-section-height-default elementor-section-height-default\" data-id=\"0641942\" data-element_type=\"section\" data-e-type=\"section\">\n\t\t\t\t\t\t<div class=\"elementor-container elementor-column-gap-default\">\n\t\t\t\t\t<div class=\"elementor-column elementor-col-50 elementor-top-column elementor-element elementor-element-1734f22\" data-id=\"1734f22\" data-element_type=\"column\" data-e-type=\"column\">\n\t\t\t<div class=\"elementor-widget-wrap elementor-element-populated\">\n\t\t\t\t\t\t<div class=\"elementor-element elementor-element-f992fed elementor-widget elementor-widget-image\" data-id=\"f992fed\" data-element_type=\"widget\" data-e-type=\"widget\" data-widget_type=\"image.default\">\n\t\t\t\t<div class=\"elementor-widget-container\">\n\t\t\t\t\t\t\t\t\t\t\t\t\t\t\t\t<a href=\"https:\/\/dechets-beziersagglo.fr\/index.php\/produits-menagers\/\">\n\t\t\t\t\t\t\t<img fetchpriority=\"high\" decoding=\"async\" width=\"300\" height=\"300\" src=\"https:\/\/dechets-beziersagglo.fr\/wp-content\/uploads\/2024\/10\/produitsm-300x300.png\" class=\"elementor-animation-shrink attachment-medium size-medium wp-image-3523\" alt=\"\" srcset=\"https:\/\/dechets-beziersagglo.fr\/wp-content\/uploads\/2024\/10\/produitsm-300x300.png 300w, https:\/\/dechets-beziersagglo.fr\/wp-content\/uploads\/2024\/10\/produitsm-150x150.png 150w, https:\/\/dechets-beziersagglo.fr\/wp-content\/uploads\/2024\/10\/produitsm.png 333w\" sizes=\"(max-width: 300px) 100vw, 300px\" \/>\t\t\t\t\t\t\t\t<\/a>\n\t\t\t\t\t\t\t\t\t\t\t\t\t\t\t<\/div>\n\t\t\t\t<\/div>\n\t\t\t\t<div class=\"elementor-element elementor-element-aa92857 elementor-widget elementor-widget-heading\" data-id=\"aa92857\" data-element_type=\"widget\" data-e-type=\"widget\" data-widget_type=\"heading.default\">\n\t\t\t\t<div class=\"elementor-widget-container\">\n\t\t\t\t\t<h2 class=\"elementor-heading-title elementor-size-default\"><a href=\"https:\/\/dechets-beziersagglo.fr\/index.php\/produits-menagers\/\">Produits m\u00e9nagers<\/a><\/h2>\t\t\t\t<\/div>\n\t\t\t\t<\/div>\n\t\t\t\t\t<\/div>\n\t\t<\/div>\n\t\t\t\t<div class=\"elementor-column elementor-col-50 elementor-top-column elementor-element elementor-element-2aeb257\" data-id=\"2aeb257\" data-element_type=\"column\" data-e-type=\"column\">\n\t\t\t<div class=\"elementor-widget-wrap elementor-element-populated\">\n\t\t\t\t\t\t<div class=\"elementor-element elementor-element-bb59fc3 elementor-widget elementor-widget-image\" data-id=\"bb59fc3\" data-element_type=\"widget\" data-e-type=\"widget\" data-widget_type=\"image.default\">\n\t\t\t\t<div class=\"elementor-widget-container\">\n\t\t\t\t\t\t\t\t\t\t\t\t\t\t\t\t<a href=\"https:\/\/dechets-beziersagglo.fr\/index.php\/produits-cosmetiques\/\">\n\t\t\t\t\t\t\t<img decoding=\"async\" width=\"300\" height=\"300\" src=\"https:\/\/dechets-beziersagglo.fr\/wp-content\/uploads\/2024\/10\/produitc-300x300.png\" class=\"elementor-animation-shrink attachment-medium size-medium wp-image-3524\" alt=\"\" srcset=\"https:\/\/dechets-beziersagglo.fr\/wp-content\/uploads\/2024\/10\/produitc-300x300.png 300w, https:\/\/dechets-beziersagglo.fr\/wp-content\/uploads\/2024\/10\/produitc-150x150.png 150w, https:\/\/dechets-beziersagglo.fr\/wp-content\/uploads\/2024\/10\/produitc.png 333w\" sizes=\"(max-width: 300px) 100vw, 300px\" \/>\t\t\t\t\t\t\t\t<\/a>\n\t\t\t\t\t\t\t\t\t\t\t\t\t\t\t<\/div>\n\t\t\t\t<\/div>\n\t\t\t\t<div class=\"elementor-element elementor-element-9be447e elementor-widget elementor-widget-heading\" data-id=\"9be447e\" data-element_type=\"widget\" data-e-type=\"widget\" data-widget_type=\"heading.default\">\n\t\t\t\t<div class=\"elementor-widget-container\">\n\t\t\t\t\t<h2 class=\"elementor-heading-title elementor-size-default\"><a href=\"https:\/\/dechets-beziersagglo.fr\/index.php\/produits-cosmetiques\/\">Produits cosm\u00e9tiques<\/a><\/h2>\t\t\t\t<\/div>\n\t\t\t\t<\/div>\n\t\t\t\t\t<\/div>\n\t\t<\/div>\n\t\t\t\t\t<\/div>\n\t\t<\/section>\n\t\t\t\t<\/div>\n\t\t","protected":false},"excerpt":{"rendered":"<p>DIY-Faits maison Produits m\u00e9nagers Produits cosm\u00e9tiques<\/p>\n","protected":false},"author":1,"featured_media":0,"parent":0,"menu_order":0,"comment_status":"closed","ping_status":"closed","template":"","meta":{"footnotes":""},"class_list":["post-3520","page","type-page","status-publish","hentry"],"yoast_head":"<!-- This site is optimized with the Yoast SEO plugin v27.3 - https:\/\/yoast.com\/product\/yoast-seo-wordpress\/ -->\n<title>DIY-Faits maison - D\u00e9chets B\u00e9ziers<\/title>\n<meta name=\"robots\" content=\"index, follow, max-snippet:-1, max-image-preview:large, max-video-preview:-1\" \/>\n<link rel=\"canonical\" href=\"https:\/\/dechets-beziersagglo.fr\/index.php\/diy-faits-maison\/\" \/>\n<meta property=\"og:locale\" content=\"fr_FR\" \/>\n<meta property=\"og:type\" content=\"article\" \/>\n<meta property=\"og:title\" content=\"DIY-Faits maison - D\u00e9chets B\u00e9ziers\" \/>\n<meta property=\"og:description\" content=\"DIY-Faits maison Produits m\u00e9nagers Produits cosm\u00e9tiques\" \/>\n<meta property=\"og:url\" content=\"https:\/\/dechets-beziersagglo.fr\/index.php\/diy-faits-maison\/\" \/>\n<meta property=\"og:site_name\" content=\"D\u00e9chets B\u00e9ziers\" \/>\n<meta property=\"article:modified_time\" content=\"2024-10-18T12:47:56+00:00\" \/>\n<meta property=\"og:image\" content=\"https:\/\/dechets-beziersagglo.fr\/wp-content\/uploads\/2024\/10\/produitsm-300x300.png\" \/>\n<meta name=\"twitter:card\" content=\"summary_large_image\" \/>\n<script type=\"application\/ld+json\" class=\"yoast-schema-graph\">{\"@context\":\"https:\\\/\\\/schema.org\",\"@graph\":[{\"@type\":\"WebPage\",\"@id\":\"https:\\\/\\\/dechets-beziersagglo.fr\\\/index.php\\\/diy-faits-maison\\\/\",\"url\":\"https:\\\/\\\/dechets-beziersagglo.fr\\\/index.php\\\/diy-faits-maison\\\/\",\"name\":\"DIY-Faits maison - D\u00e9chets B\u00e9ziers\",\"isPartOf\":{\"@id\":\"https:\\\/\\\/dechets-beziersagglo.fr\\\/#website\"},\"primaryImageOfPage\":{\"@id\":\"https:\\\/\\\/dechets-beziersagglo.fr\\\/index.php\\\/diy-faits-maison\\\/#primaryimage\"},\"image\":{\"@id\":\"https:\\\/\\\/dechets-beziersagglo.fr\\\/index.php\\\/diy-faits-maison\\\/#primaryimage\"},\"thumbnailUrl\":\"https:\\\/\\\/dechets-beziersagglo.fr\\\/wp-content\\\/uploads\\\/2024\\\/10\\\/produitsm-300x300.png\",\"datePublished\":\"2024-10-18T09:48:49+00:00\",\"dateModified\":\"2024-10-18T12:47:56+00:00\",\"breadcrumb\":{\"@id\":\"https:\\\/\\\/dechets-beziersagglo.fr\\\/index.php\\\/diy-faits-maison\\\/#breadcrumb\"},\"inLanguage\":\"fr-FR\",\"potentialAction\":[{\"@type\":\"ReadAction\",\"target\":[\"https:\\\/\\\/dechets-beziersagglo.fr\\\/index.php\\\/diy-faits-maison\\\/\"]}]},{\"@type\":\"ImageObject\",\"inLanguage\":\"fr-FR\",\"@id\":\"https:\\\/\\\/dechets-beziersagglo.fr\\\/index.php\\\/diy-faits-maison\\\/#primaryimage\",\"url\":\"https:\\\/\\\/dechets-beziersagglo.fr\\\/wp-content\\\/uploads\\\/2024\\\/10\\\/produitsm.png\",\"contentUrl\":\"https:\\\/\\\/dechets-beziersagglo.fr\\\/wp-content\\\/uploads\\\/2024\\\/10\\\/produitsm.png\",\"width\":333,\"height\":333},{\"@type\":\"BreadcrumbList\",\"@id\":\"https:\\\/\\\/dechets-beziersagglo.fr\\\/index.php\\\/diy-faits-maison\\\/#breadcrumb\",\"itemListElement\":[{\"@type\":\"ListItem\",\"position\":1,\"name\":\"Accueil\",\"item\":\"https:\\\/\\\/dechets-beziersagglo.fr\\\/\"},{\"@type\":\"ListItem\",\"position\":2,\"name\":\"DIY-Faits maison\"}]},{\"@type\":\"WebSite\",\"@id\":\"https:\\\/\\\/dechets-beziersagglo.fr\\\/#website\",\"url\":\"https:\\\/\\\/dechets-beziersagglo.fr\\\/\",\"name\":\"D\u00e9chets B\u00e9ziers\",\"description\":\"\",\"publisher\":{\"@id\":\"https:\\\/\\\/dechets-beziersagglo.fr\\\/#organization\"},\"potentialAction\":[{\"@type\":\"SearchAction\",\"target\":{\"@type\":\"EntryPoint\",\"urlTemplate\":\"https:\\\/\\\/dechets-beziersagglo.fr\\\/?s={search_term_string}\"},\"query-input\":{\"@type\":\"PropertyValueSpecification\",\"valueRequired\":true,\"valueName\":\"search_term_string\"}}],\"inLanguage\":\"fr-FR\"},{\"@type\":\"Organization\",\"@id\":\"https:\\\/\\\/dechets-beziersagglo.fr\\\/#organization\",\"name\":\"D\u00e9chets B\u00e9ziers\",\"url\":\"https:\\\/\\\/dechets-beziersagglo.fr\\\/\",\"logo\":{\"@type\":\"ImageObject\",\"inLanguage\":\"fr-FR\",\"@id\":\"https:\\\/\\\/dechets-beziersagglo.fr\\\/#\\\/schema\\\/logo\\\/image\\\/\",\"url\":\"https:\\\/\\\/dechets-beziersagglo.fr\\\/wp-content\\\/uploads\\\/2021\\\/05\\\/cropped-logov3.png\",\"contentUrl\":\"https:\\\/\\\/dechets-beziersagglo.fr\\\/wp-content\\\/uploads\\\/2021\\\/05\\\/cropped-logov3.png\",\"width\":532,\"height\":194,\"caption\":\"D\u00e9chets B\u00e9ziers\"},\"image\":{\"@id\":\"https:\\\/\\\/dechets-beziersagglo.fr\\\/#\\\/schema\\\/logo\\\/image\\\/\"}}]}<\/script>\n<!-- \/ Yoast SEO plugin. -->","yoast_head_json":{"title":"DIY-Faits maison - D\u00e9chets B\u00e9ziers","robots":{"index":"index","follow":"follow","max-snippet":"max-snippet:-1","max-image-preview":"max-image-preview:large","max-video-preview":"max-video-preview:-1"},"canonical":"https:\/\/dechets-beziersagglo.fr\/index.php\/diy-faits-maison\/","og_locale":"fr_FR","og_type":"article","og_title":"DIY-Faits maison - D\u00e9chets B\u00e9ziers","og_description":"DIY-Faits maison Produits m\u00e9nagers Produits cosm\u00e9tiques","og_url":"https:\/\/dechets-beziersagglo.fr\/index.php\/diy-faits-maison\/","og_site_name":"D\u00e9chets B\u00e9ziers","article_modified_time":"2024-10-18T12:47:56+00:00","og_image":[{"url":"https:\/\/dechets-beziersagglo.fr\/wp-content\/uploads\/2024\/10\/produitsm-300x300.png","type":"","width":"","height":""}],"twitter_card":"summary_large_image","schema":{"@context":"https:\/\/schema.org","@graph":[{"@type":"WebPage","@id":"https:\/\/dechets-beziersagglo.fr\/index.php\/diy-faits-maison\/","url":"https:\/\/dechets-beziersagglo.fr\/index.php\/diy-faits-maison\/","name":"DIY-Faits maison - D\u00e9chets B\u00e9ziers","isPartOf":{"@id":"https:\/\/dechets-beziersagglo.fr\/#website"},"primaryImageOfPage":{"@id":"https:\/\/dechets-beziersagglo.fr\/index.php\/diy-faits-maison\/#primaryimage"},"image":{"@id":"https:\/\/dechets-beziersagglo.fr\/index.php\/diy-faits-maison\/#primaryimage"},"thumbnailUrl":"https:\/\/dechets-beziersagglo.fr\/wp-content\/uploads\/2024\/10\/produitsm-300x300.png","datePublished":"2024-10-18T09:48:49+00:00","dateModified":"2024-10-18T12:47:56+00:00","breadcrumb":{"@id":"https:\/\/dechets-beziersagglo.fr\/index.php\/diy-faits-maison\/#breadcrumb"},"inLanguage":"fr-FR","potentialAction":[{"@type":"ReadAction","target":["https:\/\/dechets-beziersagglo.fr\/index.php\/diy-faits-maison\/"]}]},{"@type":"ImageObject","inLanguage":"fr-FR","@id":"https:\/\/dechets-beziersagglo.fr\/index.php\/diy-faits-maison\/#primaryimage","url":"https:\/\/dechets-beziersagglo.fr\/wp-content\/uploads\/2024\/10\/produitsm.png","contentUrl":"https:\/\/dechets-beziersagglo.fr\/wp-content\/uploads\/2024\/10\/produitsm.png","width":333,"height":333},{"@type":"BreadcrumbList","@id":"https:\/\/dechets-beziersagglo.fr\/index.php\/diy-faits-maison\/#breadcrumb","itemListElement":[{"@type":"ListItem","position":1,"name":"Accueil","item":"https:\/\/dechets-beziersagglo.fr\/"},{"@type":"ListItem","position":2,"name":"DIY-Faits maison"}]},{"@type":"WebSite","@id":"https:\/\/dechets-beziersagglo.fr\/#website","url":"https:\/\/dechets-beziersagglo.fr\/","name":"D\u00e9chets B\u00e9ziers","description":"","publisher":{"@id":"https:\/\/dechets-beziersagglo.fr\/#organization"},"potentialAction":[{"@type":"SearchAction","target":{"@type":"EntryPoint","urlTemplate":"https:\/\/dechets-beziersagglo.fr\/?s={search_term_string}"},"query-input":{"@type":"PropertyValueSpecification","valueRequired":true,"valueName":"search_term_string"}}],"inLanguage":"fr-FR"},{"@type":"Organization","@id":"https:\/\/dechets-beziersagglo.fr\/#organization","name":"D\u00e9chets B\u00e9ziers","url":"https:\/\/dechets-beziersagglo.fr\/","logo":{"@type":"ImageObject","inLanguage":"fr-FR","@id":"https:\/\/dechets-beziersagglo.fr\/#\/schema\/logo\/image\/","url":"https:\/\/dechets-beziersagglo.fr\/wp-content\/uploads\/2021\/05\/cropped-logov3.png","contentUrl":"https:\/\/dechets-beziersagglo.fr\/wp-content\/uploads\/2021\/05\/cropped-logov3.png","width":532,"height":194,"caption":"D\u00e9chets B\u00e9ziers"},"image":{"@id":"https:\/\/dechets-beziersagglo.fr\/#\/schema\/logo\/image\/"}}]}},"_links":{"self":[{"href":"https:\/\/dechets-beziersagglo.fr\/index.php\/wp-json\/wp\/v2\/pages\/3520","targetHints":{"allow":["GET"]}}],"collection":[{"href":"https:\/\/dechets-beziersagglo.fr\/index.php\/wp-json\/wp\/v2\/pages"}],"about":[{"href":"https:\/\/dechets-beziersagglo.fr\/index.php\/wp-json\/wp\/v2\/types\/page"}],"author":[{"embeddable":true,"href":"https:\/\/dechets-beziersagglo.fr\/index.php\/wp-json\/wp\/v2\/users\/1"}],"replies":[{"embeddable":true,"href":"https:\/\/dechets-beziersagglo.fr\/index.php\/wp-json\/wp\/v2\/comments?post=3520"}],"version-history":[{"count":10,"href":"https:\/\/dechets-beziersagglo.fr\/index.php\/wp-json\/wp\/v2\/pages\/3520\/revisions"}],"predecessor-version":[{"id":3597,"href":"https:\/\/dechets-beziersagglo.fr\/index.php\/wp-json\/wp\/v2\/pages\/3520\/revisions\/3597"}],"wp:attachment":[{"href":"https:\/\/dechets-beziersagglo.fr\/index.php\/wp-json\/wp\/v2\/media?parent=3520"}],"curies":[{"name":"wp","href":"https:\/\/api.w.org\/{rel}","templated":true}]}}