{"id":3499,"date":"2024-10-18T11:40:33","date_gmt":"2024-10-18T09:40:33","guid":{"rendered":"https:\/\/dechets-beziersagglo.fr\/?page_id=3499"},"modified":"2025-10-10T13:35:12","modified_gmt":"2025-10-10T11:35:12","slug":"eco-gestes","status":"publish","type":"page","link":"https:\/\/dechets-beziersagglo.fr\/index.php\/eco-gestes\/","title":{"rendered":"Eco-gestes"},"content":{"rendered":"\t\t<div data-elementor-type=\"wp-page\" data-elementor-id=\"3499\" class=\"elementor elementor-3499\">\n\t\t\t\t\t\t<section class=\"elementor-section elementor-top-section elementor-element elementor-element-427a7d6 elementor-section-boxed elementor-section-height-default elementor-section-height-default\" data-id=\"427a7d6\" data-element_type=\"section\" data-e-type=\"section\">\n\t\t\t\t\t\t<div class=\"elementor-container elementor-column-gap-default\">\n\t\t\t\t\t<div class=\"elementor-column elementor-col-100 elementor-top-column elementor-element elementor-element-5844475\" data-id=\"5844475\" data-element_type=\"column\" data-e-type=\"column\">\n\t\t\t<div class=\"elementor-widget-wrap elementor-element-populated\">\n\t\t\t\t\t\t<div class=\"elementor-element elementor-element-b13a72b elementor-widget elementor-widget-heading\" data-id=\"b13a72b\" data-element_type=\"widget\" data-e-type=\"widget\" data-widget_type=\"heading.default\">\n\t\t\t\t<div class=\"elementor-widget-container\">\n\t\t\t\t\t<h4 class=\"elementor-heading-title elementor-size-default\">Eco-gestes<\/h4>\t\t\t\t<\/div>\n\t\t\t\t<\/div>\n\t\t\t\t\t<\/div>\n\t\t<\/div>\n\t\t\t\t\t<\/div>\n\t\t<\/section>\n\t\t\t\t<section class=\"elementor-section elementor-top-section elementor-element elementor-element-919c51d elementor-section-boxed elementor-section-height-default elementor-section-height-default\" data-id=\"919c51d\" data-element_type=\"section\" data-e-type=\"section\">\n\t\t\t\t\t\t<div class=\"elementor-container elementor-column-gap-default\">\n\t\t\t\t\t<div class=\"elementor-column elementor-col-100 elementor-top-column elementor-element elementor-element-28cd2ec\" data-id=\"28cd2ec\" data-element_type=\"column\" data-e-type=\"column\">\n\t\t\t<div class=\"elementor-widget-wrap\">\n\t\t\t\t\t\t\t<\/div>\n\t\t<\/div>\n\t\t\t\t\t<\/div>\n\t\t<\/section>\n\t\t\t\t<section class=\"elementor-section elementor-top-section elementor-element elementor-element-4b04e77 elementor-section-boxed elementor-section-height-default elementor-section-height-default\" data-id=\"4b04e77\" data-element_type=\"section\" data-e-type=\"section\">\n\t\t\t\t\t\t<div class=\"elementor-container elementor-column-gap-default\">\n\t\t\t\t\t<div class=\"elementor-column elementor-col-33 elementor-top-column elementor-element elementor-element-d63a6d6\" data-id=\"d63a6d6\" data-element_type=\"column\" data-e-type=\"column\">\n\t\t\t<div class=\"elementor-widget-wrap elementor-element-populated\">\n\t\t\t\t\t\t<div class=\"elementor-element elementor-element-44a007d elementor-widget elementor-widget-image\" data-id=\"44a007d\" data-element_type=\"widget\" data-e-type=\"widget\" data-widget_type=\"image.default\">\n\t\t\t\t<div class=\"elementor-widget-container\">\n\t\t\t\t\t\t\t\t\t\t\t\t\t\t\t\t<a href=\"https:\/\/dechets-beziersagglo.fr\/wp-content\/uploads\/2024\/10\/Re\u0301duire.png\">\n\t\t\t\t\t\t\t<img fetchpriority=\"high\" decoding=\"async\" width=\"724\" height=\"1024\" src=\"https:\/\/dechets-beziersagglo.fr\/wp-content\/uploads\/2024\/10\/Re\u0301utiliser-724x1024.png\" class=\"attachment-large size-large wp-image-3508\" alt=\"\" srcset=\"https:\/\/dechets-beziersagglo.fr\/wp-content\/uploads\/2024\/10\/Re\u0301utiliser-724x1024.png 724w, https:\/\/dechets-beziersagglo.fr\/wp-content\/uploads\/2024\/10\/Re\u0301utiliser-212x300.png 212w, https:\/\/dechets-beziersagglo.fr\/wp-content\/uploads\/2024\/10\/Re\u0301utiliser-768x1086.png 768w, https:\/\/dechets-beziersagglo.fr\/wp-content\/uploads\/2024\/10\/Re\u0301utiliser-1086x1536.png 1086w, https:\/\/dechets-beziersagglo.fr\/wp-content\/uploads\/2024\/10\/Re\u0301utiliser.png 1414w\" sizes=\"(max-width: 724px) 100vw, 724px\" \/>\t\t\t\t\t\t\t\t<\/a>\n\t\t\t\t\t\t\t\t\t\t\t\t\t\t\t<\/div>\n\t\t\t\t<\/div>\n\t\t\t\t\t<\/div>\n\t\t<\/div>\n\t\t\t\t<div class=\"elementor-column elementor-col-33 elementor-top-column elementor-element elementor-element-2fe3718\" data-id=\"2fe3718\" data-element_type=\"column\" data-e-type=\"column\">\n\t\t\t<div class=\"elementor-widget-wrap elementor-element-populated\">\n\t\t\t\t\t\t<div class=\"elementor-element elementor-element-229755d elementor-widget elementor-widget-image\" data-id=\"229755d\" data-element_type=\"widget\" data-e-type=\"widget\" data-widget_type=\"image.default\">\n\t\t\t\t<div class=\"elementor-widget-container\">\n\t\t\t\t\t\t\t\t\t\t\t\t\t\t\t\t<a href=\"https:\/\/dechets-beziersagglo.fr\/wp-content\/uploads\/2024\/10\/Re\u0301duire.png\">\n\t\t\t\t\t\t\t<img decoding=\"async\" width=\"724\" height=\"1024\" src=\"https:\/\/dechets-beziersagglo.fr\/wp-content\/uploads\/2024\/10\/Recycler-724x1024.png\" class=\"attachment-large size-large wp-image-3509\" alt=\"\" srcset=\"https:\/\/dechets-beziersagglo.fr\/wp-content\/uploads\/2024\/10\/Recycler-724x1024.png 724w, https:\/\/dechets-beziersagglo.fr\/wp-content\/uploads\/2024\/10\/Recycler-212x300.png 212w, https:\/\/dechets-beziersagglo.fr\/wp-content\/uploads\/2024\/10\/Recycler-768x1086.png 768w, https:\/\/dechets-beziersagglo.fr\/wp-content\/uploads\/2024\/10\/Recycler-1086x1536.png 1086w, https:\/\/dechets-beziersagglo.fr\/wp-content\/uploads\/2024\/10\/Recycler.png 1414w\" sizes=\"(max-width: 724px) 100vw, 724px\" \/>\t\t\t\t\t\t\t\t<\/a>\n\t\t\t\t\t\t\t\t\t\t\t\t\t\t\t<\/div>\n\t\t\t\t<\/div>\n\t\t\t\t<div class=\"elementor-element elementor-element-8310b58 elementor-widget elementor-widget-spacer\" data-id=\"8310b58\" data-element_type=\"widget\" data-e-type=\"widget\" data-widget_type=\"spacer.default\">\n\t\t\t\t<div class=\"elementor-widget-container\">\n\t\t\t\t\t\t\t<div class=\"elementor-spacer\">\n\t\t\t<div class=\"elementor-spacer-inner\"><\/div>\n\t\t<\/div>\n\t\t\t\t\t\t<\/div>\n\t\t\t\t<\/div>\n\t\t\t\t\t<\/div>\n\t\t<\/div>\n\t\t\t\t<div class=\"elementor-column elementor-col-33 elementor-top-column elementor-element elementor-element-34cbdcd\" data-id=\"34cbdcd\" data-element_type=\"column\" data-e-type=\"column\">\n\t\t\t<div class=\"elementor-widget-wrap elementor-element-populated\">\n\t\t\t\t\t\t<div class=\"elementor-element elementor-element-fdaec14 elementor-widget elementor-widget-image\" data-id=\"fdaec14\" data-element_type=\"widget\" data-e-type=\"widget\" data-widget_type=\"image.default\">\n\t\t\t\t<div class=\"elementor-widget-container\">\n\t\t\t\t\t\t\t\t\t\t\t\t\t\t\t\t<a href=\"https:\/\/dechets-beziersagglo.fr\/wp-content\/uploads\/2024\/10\/Rendre-a\u0300-la-terre.png\">\n\t\t\t\t\t\t\t<img decoding=\"async\" width=\"724\" height=\"1024\" src=\"https:\/\/dechets-beziersagglo.fr\/wp-content\/uploads\/2024\/10\/Rendre-a\u0300-la-terre-724x1024.png\" class=\"attachment-large size-large wp-image-3510\" alt=\"\" srcset=\"https:\/\/dechets-beziersagglo.fr\/wp-content\/uploads\/2024\/10\/Rendre-a\u0300-la-terre-724x1024.png 724w, https:\/\/dechets-beziersagglo.fr\/wp-content\/uploads\/2024\/10\/Rendre-a\u0300-la-terre-212x300.png 212w, https:\/\/dechets-beziersagglo.fr\/wp-content\/uploads\/2024\/10\/Rendre-a\u0300-la-terre-768x1086.png 768w, https:\/\/dechets-beziersagglo.fr\/wp-content\/uploads\/2024\/10\/Rendre-a\u0300-la-terre-1086x1536.png 1086w, https:\/\/dechets-beziersagglo.fr\/wp-content\/uploads\/2024\/10\/Rendre-a\u0300-la-terre.png 1414w\" sizes=\"(max-width: 724px) 100vw, 724px\" \/>\t\t\t\t\t\t\t\t<\/a>\n\t\t\t\t\t\t\t\t\t\t\t\t\t\t\t<\/div>\n\t\t\t\t<\/div>\n\t\t\t\t\t<\/div>\n\t\t<\/div>\n\t\t\t\t\t<\/div>\n\t\t<\/section>\n\t\t\t\t<section class=\"elementor-section elementor-top-section elementor-element elementor-element-d1c6803 elementor-section-boxed elementor-section-height-default elementor-section-height-default\" data-id=\"d1c6803\" data-element_type=\"section\" data-e-type=\"section\">\n\t\t\t\t\t\t<div class=\"elementor-container elementor-column-gap-default\">\n\t\t\t\t\t<div class=\"elementor-column elementor-col-100 elementor-top-column elementor-element elementor-element-08495f1\" data-id=\"08495f1\" data-element_type=\"column\" data-e-type=\"column\">\n\t\t\t<div class=\"elementor-widget-wrap elementor-element-populated\">\n\t\t\t\t\t\t<div class=\"elementor-element elementor-element-994a9e1 elementor-widget elementor-widget-text-editor\" data-id=\"994a9e1\" data-element_type=\"widget\" data-e-type=\"widget\" data-widget_type=\"text-editor.default\">\n\t\t\t\t<div class=\"elementor-widget-container\">\n\t\t\t\t\t\t\t\t\t<div data-olk-copy-source=\"MessageBody\">Adopter un mode de vie &#8220;z\u00e9ro d\u00e9chet&#8221; pr\u00e9sente de nombreux avantages&#8230; Pour nous mais aussi pour notre plan\u00e8te.<\/div><div data-olk-copy-source=\"MessageBody\">\u00a0<\/div><div data-olk-copy-source=\"MessageBody\">En r\u00e9duisant nos d\u00e9chets, nous contribuons \u00e0 diminuer la pollution et \u00e0 pr\u00e9server nos ressources naturelles.<\/div><div>Oui c&#8217;est vrai, s&#8217;engager dans cette d\u00e9marche peut sembler intimidant. On a parfois le sentiment que c&#8217;est une goutte d&#8217;eau dans un oc\u00e9an&#8230;.\u00a0<\/div><div>Pensons \u00e0 l&#8217;histoire de l&#8217;incendie et du colibri&#8230;. si chacun fait sa part, les choses pourront avancer!<\/div><div>Parmi les principaux d\u00e9fis, on trouve la n\u00e9cessit\u00e9 de changer ses habitudes de consommation et de rechercher des alternatives durables aux produits jetables.<\/div><div>\u00a0<\/div><div>Pour bien commencer, allez y \u00e9tape par \u00e9tape : choisissez des produits en vrac, \u00e0 faire soi-m\u00eame, utilisez des sacs r\u00e9utilisables, n&#8217;h\u00e9sitez pas \u00e0 faire r\u00e9parer au lieu d&#8217;acheter et pratiquez le compostage. Chaque geste, m\u00eame le plus petit, aide \u00e0 cr\u00e9er un mode de vie plus respectueux de notre environnement.<\/div><div>\u00a0<\/div><div>Alors, vous \u00eates pr\u00eats?<\/div><div role=\"presentation\">\u00a0<\/div>\t\t\t\t\t\t\t\t<\/div>\n\t\t\t\t<\/div>\n\t\t\t\t\t<\/div>\n\t\t<\/div>\n\t\t\t\t\t<\/div>\n\t\t<\/section>\n\t\t\t\t<\/div>\n\t\t","protected":false},"excerpt":{"rendered":"<p>Eco-gestes Adopter un mode de vie &#8220;z\u00e9ro d\u00e9chet&#8221; pr\u00e9sente de nombreux avantages&#8230; Pour nous mais aussi pour notre plan\u00e8te.\u00a0En r\u00e9duisant nos d\u00e9chets, nous contribuons \u00e0 diminuer la pollution et \u00e0 pr\u00e9server nos ressources naturelles.Oui c&#8217;est vrai, s&#8217;engager dans cette d\u00e9marche peut sembler intimidant. On a parfois le sentiment que c&#8217;est une goutte d&#8217;eau dans un [&hellip;]<\/p>\n","protected":false},"author":1,"featured_media":0,"parent":0,"menu_order":0,"comment_status":"closed","ping_status":"closed","template":"","meta":{"footnotes":""},"class_list":["post-3499","page","type-page","status-publish","hentry"],"yoast_head":"<!-- This site is optimized with the Yoast SEO plugin v27.3 - https:\/\/yoast.com\/product\/yoast-seo-wordpress\/ -->\n<title>Eco-gestes - D\u00e9chets B\u00e9ziers<\/title>\n<meta name=\"robots\" content=\"index, follow, max-snippet:-1, max-image-preview:large, max-video-preview:-1\" \/>\n<link rel=\"canonical\" href=\"https:\/\/dechets-beziersagglo.fr\/index.php\/eco-gestes\/\" \/>\n<meta property=\"og:locale\" content=\"fr_FR\" \/>\n<meta property=\"og:type\" content=\"article\" \/>\n<meta property=\"og:title\" content=\"Eco-gestes - D\u00e9chets B\u00e9ziers\" \/>\n<meta property=\"og:description\" content=\"Eco-gestes Adopter un mode de vie &#8220;z\u00e9ro d\u00e9chet&#8221; pr\u00e9sente de nombreux avantages&#8230; Pour nous mais aussi pour notre plan\u00e8te.\u00a0En r\u00e9duisant nos d\u00e9chets, nous contribuons \u00e0 diminuer la pollution et \u00e0 pr\u00e9server nos ressources naturelles.Oui c&#8217;est vrai, s&#8217;engager dans cette d\u00e9marche peut sembler intimidant. On a parfois le sentiment que c&#8217;est une goutte d&#8217;eau dans un [&hellip;]\" \/>\n<meta property=\"og:url\" content=\"https:\/\/dechets-beziersagglo.fr\/index.php\/eco-gestes\/\" \/>\n<meta property=\"og:site_name\" content=\"D\u00e9chets B\u00e9ziers\" \/>\n<meta property=\"article:modified_time\" content=\"2025-10-10T11:35:12+00:00\" \/>\n<meta property=\"og:image\" content=\"https:\/\/dechets-beziersagglo.fr\/wp-content\/uploads\/2024\/10\/Recycler-724x1024.png\" \/>\n<meta name=\"twitter:card\" content=\"summary_large_image\" \/>\n<meta name=\"twitter:label1\" content=\"Dur\u00e9e de lecture estim\u00e9e\" \/>\n\t<meta name=\"twitter:data1\" content=\"2 minutes\" \/>\n<script type=\"application\/ld+json\" class=\"yoast-schema-graph\">{\"@context\":\"https:\\\/\\\/schema.org\",\"@graph\":[{\"@type\":\"WebPage\",\"@id\":\"https:\\\/\\\/dechets-beziersagglo.fr\\\/index.php\\\/eco-gestes\\\/\",\"url\":\"https:\\\/\\\/dechets-beziersagglo.fr\\\/index.php\\\/eco-gestes\\\/\",\"name\":\"Eco-gestes - D\u00e9chets B\u00e9ziers\",\"isPartOf\":{\"@id\":\"https:\\\/\\\/dechets-beziersagglo.fr\\\/#website\"},\"primaryImageOfPage\":{\"@id\":\"https:\\\/\\\/dechets-beziersagglo.fr\\\/index.php\\\/eco-gestes\\\/#primaryimage\"},\"image\":{\"@id\":\"https:\\\/\\\/dechets-beziersagglo.fr\\\/index.php\\\/eco-gestes\\\/#primaryimage\"},\"thumbnailUrl\":\"https:\\\/\\\/dechets-beziersagglo.fr\\\/wp-content\\\/uploads\\\/2024\\\/10\\\/Recycler-724x1024.png\",\"datePublished\":\"2024-10-18T09:40:33+00:00\",\"dateModified\":\"2025-10-10T11:35:12+00:00\",\"breadcrumb\":{\"@id\":\"https:\\\/\\\/dechets-beziersagglo.fr\\\/index.php\\\/eco-gestes\\\/#breadcrumb\"},\"inLanguage\":\"fr-FR\",\"potentialAction\":[{\"@type\":\"ReadAction\",\"target\":[\"https:\\\/\\\/dechets-beziersagglo.fr\\\/index.php\\\/eco-gestes\\\/\"]}]},{\"@type\":\"ImageObject\",\"inLanguage\":\"fr-FR\",\"@id\":\"https:\\\/\\\/dechets-beziersagglo.fr\\\/index.php\\\/eco-gestes\\\/#primaryimage\",\"url\":\"https:\\\/\\\/dechets-beziersagglo.fr\\\/wp-content\\\/uploads\\\/2024\\\/10\\\/Recycler.png\",\"contentUrl\":\"https:\\\/\\\/dechets-beziersagglo.fr\\\/wp-content\\\/uploads\\\/2024\\\/10\\\/Recycler.png\",\"width\":1414,\"height\":2000},{\"@type\":\"BreadcrumbList\",\"@id\":\"https:\\\/\\\/dechets-beziersagglo.fr\\\/index.php\\\/eco-gestes\\\/#breadcrumb\",\"itemListElement\":[{\"@type\":\"ListItem\",\"position\":1,\"name\":\"Accueil\",\"item\":\"https:\\\/\\\/dechets-beziersagglo.fr\\\/\"},{\"@type\":\"ListItem\",\"position\":2,\"name\":\"Eco-gestes\"}]},{\"@type\":\"WebSite\",\"@id\":\"https:\\\/\\\/dechets-beziersagglo.fr\\\/#website\",\"url\":\"https:\\\/\\\/dechets-beziersagglo.fr\\\/\",\"name\":\"D\u00e9chets B\u00e9ziers\",\"description\":\"\",\"publisher\":{\"@id\":\"https:\\\/\\\/dechets-beziersagglo.fr\\\/#organization\"},\"potentialAction\":[{\"@type\":\"SearchAction\",\"target\":{\"@type\":\"EntryPoint\",\"urlTemplate\":\"https:\\\/\\\/dechets-beziersagglo.fr\\\/?s={search_term_string}\"},\"query-input\":{\"@type\":\"PropertyValueSpecification\",\"valueRequired\":true,\"valueName\":\"search_term_string\"}}],\"inLanguage\":\"fr-FR\"},{\"@type\":\"Organization\",\"@id\":\"https:\\\/\\\/dechets-beziersagglo.fr\\\/#organization\",\"name\":\"D\u00e9chets B\u00e9ziers\",\"url\":\"https:\\\/\\\/dechets-beziersagglo.fr\\\/\",\"logo\":{\"@type\":\"ImageObject\",\"inLanguage\":\"fr-FR\",\"@id\":\"https:\\\/\\\/dechets-beziersagglo.fr\\\/#\\\/schema\\\/logo\\\/image\\\/\",\"url\":\"https:\\\/\\\/dechets-beziersagglo.fr\\\/wp-content\\\/uploads\\\/2021\\\/05\\\/cropped-logov3.png\",\"contentUrl\":\"https:\\\/\\\/dechets-beziersagglo.fr\\\/wp-content\\\/uploads\\\/2021\\\/05\\\/cropped-logov3.png\",\"width\":532,\"height\":194,\"caption\":\"D\u00e9chets B\u00e9ziers\"},\"image\":{\"@id\":\"https:\\\/\\\/dechets-beziersagglo.fr\\\/#\\\/schema\\\/logo\\\/image\\\/\"}}]}<\/script>\n<!-- \/ Yoast SEO plugin. -->","yoast_head_json":{"title":"Eco-gestes - D\u00e9chets B\u00e9ziers","robots":{"index":"index","follow":"follow","max-snippet":"max-snippet:-1","max-image-preview":"max-image-preview:large","max-video-preview":"max-video-preview:-1"},"canonical":"https:\/\/dechets-beziersagglo.fr\/index.php\/eco-gestes\/","og_locale":"fr_FR","og_type":"article","og_title":"Eco-gestes - D\u00e9chets B\u00e9ziers","og_description":"Eco-gestes Adopter un mode de vie &#8220;z\u00e9ro d\u00e9chet&#8221; pr\u00e9sente de nombreux avantages&#8230; Pour nous mais aussi pour notre plan\u00e8te.\u00a0En r\u00e9duisant nos d\u00e9chets, nous contribuons \u00e0 diminuer la pollution et \u00e0 pr\u00e9server nos ressources naturelles.Oui c&#8217;est vrai, s&#8217;engager dans cette d\u00e9marche peut sembler intimidant. On a parfois le sentiment que c&#8217;est une goutte d&#8217;eau dans un [&hellip;]","og_url":"https:\/\/dechets-beziersagglo.fr\/index.php\/eco-gestes\/","og_site_name":"D\u00e9chets B\u00e9ziers","article_modified_time":"2025-10-10T11:35:12+00:00","og_image":[{"url":"https:\/\/dechets-beziersagglo.fr\/wp-content\/uploads\/2024\/10\/Recycler-724x1024.png","type":"","width":"","height":""}],"twitter_card":"summary_large_image","twitter_misc":{"Dur\u00e9e de lecture estim\u00e9e":"2 minutes"},"schema":{"@context":"https:\/\/schema.org","@graph":[{"@type":"WebPage","@id":"https:\/\/dechets-beziersagglo.fr\/index.php\/eco-gestes\/","url":"https:\/\/dechets-beziersagglo.fr\/index.php\/eco-gestes\/","name":"Eco-gestes - D\u00e9chets B\u00e9ziers","isPartOf":{"@id":"https:\/\/dechets-beziersagglo.fr\/#website"},"primaryImageOfPage":{"@id":"https:\/\/dechets-beziersagglo.fr\/index.php\/eco-gestes\/#primaryimage"},"image":{"@id":"https:\/\/dechets-beziersagglo.fr\/index.php\/eco-gestes\/#primaryimage"},"thumbnailUrl":"https:\/\/dechets-beziersagglo.fr\/wp-content\/uploads\/2024\/10\/Recycler-724x1024.png","datePublished":"2024-10-18T09:40:33+00:00","dateModified":"2025-10-10T11:35:12+00:00","breadcrumb":{"@id":"https:\/\/dechets-beziersagglo.fr\/index.php\/eco-gestes\/#breadcrumb"},"inLanguage":"fr-FR","potentialAction":[{"@type":"ReadAction","target":["https:\/\/dechets-beziersagglo.fr\/index.php\/eco-gestes\/"]}]},{"@type":"ImageObject","inLanguage":"fr-FR","@id":"https:\/\/dechets-beziersagglo.fr\/index.php\/eco-gestes\/#primaryimage","url":"https:\/\/dechets-beziersagglo.fr\/wp-content\/uploads\/2024\/10\/Recycler.png","contentUrl":"https:\/\/dechets-beziersagglo.fr\/wp-content\/uploads\/2024\/10\/Recycler.png","width":1414,"height":2000},{"@type":"BreadcrumbList","@id":"https:\/\/dechets-beziersagglo.fr\/index.php\/eco-gestes\/#breadcrumb","itemListElement":[{"@type":"ListItem","position":1,"name":"Accueil","item":"https:\/\/dechets-beziersagglo.fr\/"},{"@type":"ListItem","position":2,"name":"Eco-gestes"}]},{"@type":"WebSite","@id":"https:\/\/dechets-beziersagglo.fr\/#website","url":"https:\/\/dechets-beziersagglo.fr\/","name":"D\u00e9chets B\u00e9ziers","description":"","publisher":{"@id":"https:\/\/dechets-beziersagglo.fr\/#organization"},"potentialAction":[{"@type":"SearchAction","target":{"@type":"EntryPoint","urlTemplate":"https:\/\/dechets-beziersagglo.fr\/?s={search_term_string}"},"query-input":{"@type":"PropertyValueSpecification","valueRequired":true,"valueName":"search_term_string"}}],"inLanguage":"fr-FR"},{"@type":"Organization","@id":"https:\/\/dechets-beziersagglo.fr\/#organization","name":"D\u00e9chets B\u00e9ziers","url":"https:\/\/dechets-beziersagglo.fr\/","logo":{"@type":"ImageObject","inLanguage":"fr-FR","@id":"https:\/\/dechets-beziersagglo.fr\/#\/schema\/logo\/image\/","url":"https:\/\/dechets-beziersagglo.fr\/wp-content\/uploads\/2021\/05\/cropped-logov3.png","contentUrl":"https:\/\/dechets-beziersagglo.fr\/wp-content\/uploads\/2021\/05\/cropped-logov3.png","width":532,"height":194,"caption":"D\u00e9chets B\u00e9ziers"},"image":{"@id":"https:\/\/dechets-beziersagglo.fr\/#\/schema\/logo\/image\/"}}]}},"_links":{"self":[{"href":"https:\/\/dechets-beziersagglo.fr\/index.php\/wp-json\/wp\/v2\/pages\/3499","targetHints":{"allow":["GET"]}}],"collection":[{"href":"https:\/\/dechets-beziersagglo.fr\/index.php\/wp-json\/wp\/v2\/pages"}],"about":[{"href":"https:\/\/dechets-beziersagglo.fr\/index.php\/wp-json\/wp\/v2\/types\/page"}],"author":[{"embeddable":true,"href":"https:\/\/dechets-beziersagglo.fr\/index.php\/wp-json\/wp\/v2\/users\/1"}],"replies":[{"embeddable":true,"href":"https:\/\/dechets-beziersagglo.fr\/index.php\/wp-json\/wp\/v2\/comments?post=3499"}],"version-history":[{"count":13,"href":"https:\/\/dechets-beziersagglo.fr\/index.php\/wp-json\/wp\/v2\/pages\/3499\/revisions"}],"predecessor-version":[{"id":3847,"href":"https:\/\/dechets-beziersagglo.fr\/index.php\/wp-json\/wp\/v2\/pages\/3499\/revisions\/3847"}],"wp:attachment":[{"href":"https:\/\/dechets-beziersagglo.fr\/index.php\/wp-json\/wp\/v2\/media?parent=3499"}],"curies":[{"name":"wp","href":"https:\/\/api.w.org\/{rel}","templated":true}]}}