{"id":2997,"date":"2023-04-18T11:37:31","date_gmt":"2023-04-18T09:37:31","guid":{"rendered":"https:\/\/dechets-beziersagglo.fr\/?page_id=2997"},"modified":"2024-11-18T16:03:51","modified_gmt":"2024-11-18T15:03:51","slug":"programme-local-de-prevention-des-dechets-menagers-et-assimiles-plpdma","status":"publish","type":"page","link":"https:\/\/dechets-beziersagglo.fr\/index.php\/programme-local-de-prevention-des-dechets-menagers-et-assimiles-plpdma\/","title":{"rendered":"Programme Local de Pr\u00e9vention des D\u00e9chets M\u00e9nagers et Assimil\u00e9s (PLPDMA)"},"content":{"rendered":"\t\t<div data-elementor-type=\"wp-page\" data-elementor-id=\"2997\" class=\"elementor elementor-2997\">\n\t\t\t\t\t\t<section class=\"elementor-section elementor-top-section elementor-element elementor-element-7b5988b elementor-section-boxed elementor-section-height-default elementor-section-height-default\" data-id=\"7b5988b\" data-element_type=\"section\" data-e-type=\"section\">\n\t\t\t\t\t\t<div class=\"elementor-container elementor-column-gap-default\">\n\t\t\t\t\t<div class=\"elementor-column elementor-col-100 elementor-top-column elementor-element elementor-element-fad7479\" data-id=\"fad7479\" data-element_type=\"column\" data-e-type=\"column\">\n\t\t\t<div class=\"elementor-widget-wrap elementor-element-populated\">\n\t\t\t\t\t\t<div class=\"elementor-element elementor-element-bf509c7 elementor-widget elementor-widget-heading\" data-id=\"bf509c7\" data-element_type=\"widget\" data-e-type=\"widget\" data-widget_type=\"heading.default\">\n\t\t\t\t<div class=\"elementor-widget-container\">\n\t\t\t\t\t<h4 class=\"elementor-heading-title elementor-size-default\">Programme Local de Pr\u00e9vention des D\u00e9chets M\u00e9nagers et Assimil\u00e9s <\/h4>\t\t\t\t<\/div>\n\t\t\t\t<\/div>\n\t\t\t\t\t<\/div>\n\t\t<\/div>\n\t\t\t\t\t<\/div>\n\t\t<\/section>\n\t\t\t\t<section class=\"elementor-section elementor-top-section elementor-element elementor-element-7c289a5 elementor-section-boxed elementor-section-height-default elementor-section-height-default\" data-id=\"7c289a5\" data-element_type=\"section\" data-e-type=\"section\">\n\t\t\t\t\t\t<div class=\"elementor-container elementor-column-gap-default\">\n\t\t\t\t\t<div class=\"elementor-column elementor-col-100 elementor-top-column elementor-element elementor-element-b2416e4\" data-id=\"b2416e4\" data-element_type=\"column\" data-e-type=\"column\">\n\t\t\t<div class=\"elementor-widget-wrap elementor-element-populated\">\n\t\t\t\t\t\t<div class=\"elementor-element elementor-element-3575edf elementor-widget elementor-widget-spacer\" data-id=\"3575edf\" data-element_type=\"widget\" data-e-type=\"widget\" data-widget_type=\"spacer.default\">\n\t\t\t\t<div class=\"elementor-widget-container\">\n\t\t\t\t\t\t\t<div class=\"elementor-spacer\">\n\t\t\t<div class=\"elementor-spacer-inner\"><\/div>\n\t\t<\/div>\n\t\t\t\t\t\t<\/div>\n\t\t\t\t<\/div>\n\t\t\t\t\t<\/div>\n\t\t<\/div>\n\t\t\t\t\t<\/div>\n\t\t<\/section>\n\t\t\t\t<section class=\"elementor-section elementor-top-section elementor-element elementor-element-792cd8c elementor-section-boxed elementor-section-height-default elementor-section-height-default\" data-id=\"792cd8c\" data-element_type=\"section\" data-e-type=\"section\" data-settings=\"{&quot;shape_divider_top&quot;:&quot;arrow&quot;}\">\n\t\t\t\t\t<div class=\"elementor-shape elementor-shape-top\" aria-hidden=\"true\" data-negative=\"false\">\n\t\t\t<svg xmlns=\"http:\/\/www.w3.org\/2000\/svg\" viewBox=\"0 0 700 10\" preserveAspectRatio=\"none\">\n\t<path class=\"elementor-shape-fill\" d=\"M350,10L340,0h20L350,10z\"\/>\n<\/svg>\t\t<\/div>\n\t\t\t\t\t<div class=\"elementor-container elementor-column-gap-default\">\n\t\t\t\t\t<div class=\"elementor-column elementor-col-100 elementor-top-column elementor-element elementor-element-2c4f06f\" data-id=\"2c4f06f\" data-element_type=\"column\" data-e-type=\"column\">\n\t\t\t<div class=\"elementor-widget-wrap elementor-element-populated\">\n\t\t\t\t\t\t<div class=\"elementor-element elementor-element-f47bfb4 elementor-widget elementor-widget-spacer\" data-id=\"f47bfb4\" data-element_type=\"widget\" data-e-type=\"widget\" data-widget_type=\"spacer.default\">\n\t\t\t\t<div class=\"elementor-widget-container\">\n\t\t\t\t\t\t\t<div class=\"elementor-spacer\">\n\t\t\t<div class=\"elementor-spacer-inner\"><\/div>\n\t\t<\/div>\n\t\t\t\t\t\t<\/div>\n\t\t\t\t<\/div>\n\t\t\t\t\t<\/div>\n\t\t<\/div>\n\t\t\t\t\t<\/div>\n\t\t<\/section>\n\t\t\t\t<section class=\"elementor-section elementor-top-section elementor-element elementor-element-e1c3e6a elementor-section-boxed elementor-section-height-default elementor-section-height-default\" data-id=\"e1c3e6a\" data-element_type=\"section\" data-e-type=\"section\">\n\t\t\t\t\t\t<div class=\"elementor-container elementor-column-gap-default\">\n\t\t\t\t\t<div class=\"elementor-column elementor-col-66 elementor-top-column elementor-element elementor-element-fe4956b\" data-id=\"fe4956b\" data-element_type=\"column\" data-e-type=\"column\">\n\t\t\t<div class=\"elementor-widget-wrap elementor-element-populated\">\n\t\t\t\t\t\t<div class=\"elementor-element elementor-element-d223899 elementor-hidden-tablet elementor-hidden-phone elementor-widget elementor-widget-spacer\" data-id=\"d223899\" data-element_type=\"widget\" data-e-type=\"widget\" data-widget_type=\"spacer.default\">\n\t\t\t\t<div class=\"elementor-widget-container\">\n\t\t\t\t\t\t\t<div class=\"elementor-spacer\">\n\t\t\t<div class=\"elementor-spacer-inner\"><\/div>\n\t\t<\/div>\n\t\t\t\t\t\t<\/div>\n\t\t\t\t<\/div>\n\t\t\t\t<div class=\"elementor-element elementor-element-565f2af elementor-widget elementor-widget-heading\" data-id=\"565f2af\" data-element_type=\"widget\" data-e-type=\"widget\" data-widget_type=\"heading.default\">\n\t\t\t\t<div class=\"elementor-widget-container\">\n\t\t\t\t\t<h2 class=\"elementor-heading-title elementor-size-default\">Retrouvez le Programme Local de Pr\u00e9vention des D\u00e9chets M\u00e9nagers et Assimil\u00e9s (PLPDMA)\n\n<\/h2>\t\t\t\t<\/div>\n\t\t\t\t<\/div>\n\t\t\t\t\t<\/div>\n\t\t<\/div>\n\t\t\t\t<div class=\"elementor-column elementor-col-33 elementor-top-column elementor-element elementor-element-c02ec08\" data-id=\"c02ec08\" data-element_type=\"column\" data-e-type=\"column\">\n\t\t\t<div class=\"elementor-widget-wrap elementor-element-populated\">\n\t\t\t\t\t\t<div class=\"elementor-element elementor-element-a803e67 elementor-widget elementor-widget-spacer\" data-id=\"a803e67\" data-element_type=\"widget\" data-e-type=\"widget\" data-widget_type=\"spacer.default\">\n\t\t\t\t<div class=\"elementor-widget-container\">\n\t\t\t\t\t\t\t<div class=\"elementor-spacer\">\n\t\t\t<div class=\"elementor-spacer-inner\"><\/div>\n\t\t<\/div>\n\t\t\t\t\t\t<\/div>\n\t\t\t\t<\/div>\n\t\t\t\t<div class=\"elementor-element elementor-element-10e8baf elementor-widget elementor-widget-image\" data-id=\"10e8baf\" data-element_type=\"widget\" data-e-type=\"widget\" data-widget_type=\"image.default\">\n\t\t\t\t<div class=\"elementor-widget-container\">\n\t\t\t\t\t\t\t\t\t\t\t\t\t\t\t<img fetchpriority=\"high\" decoding=\"async\" width=\"300\" height=\"300\" src=\"https:\/\/dechets-beziersagglo.fr\/wp-content\/uploads\/2023\/04\/vignette1620-1.png\" class=\"attachment-large size-large wp-image-2999\" alt=\"\" srcset=\"https:\/\/dechets-beziersagglo.fr\/wp-content\/uploads\/2023\/04\/vignette1620-1.png 300w, https:\/\/dechets-beziersagglo.fr\/wp-content\/uploads\/2023\/04\/vignette1620-1-150x150.png 150w\" sizes=\"(max-width: 300px) 100vw, 300px\" \/>\t\t\t\t\t\t\t\t\t\t\t\t\t\t\t<\/div>\n\t\t\t\t<\/div>\n\t\t\t\t\t<\/div>\n\t\t<\/div>\n\t\t\t\t\t<\/div>\n\t\t<\/section>\n\t\t\t\t<section class=\"elementor-section elementor-top-section elementor-element elementor-element-d60c8a1 elementor-section-boxed elementor-section-height-default elementor-section-height-default\" data-id=\"d60c8a1\" data-element_type=\"section\" data-e-type=\"section\">\n\t\t\t\t\t\t<div class=\"elementor-container elementor-column-gap-default\">\n\t\t\t\t\t<div class=\"elementor-column elementor-col-100 elementor-top-column elementor-element elementor-element-160942a\" data-id=\"160942a\" data-element_type=\"column\" data-e-type=\"column\">\n\t\t\t<div class=\"elementor-widget-wrap elementor-element-populated\">\n\t\t\t\t\t\t<div class=\"elementor-element elementor-element-d60af62 elementor-widget elementor-widget-spacer\" data-id=\"d60af62\" data-element_type=\"widget\" data-e-type=\"widget\" data-widget_type=\"spacer.default\">\n\t\t\t\t<div class=\"elementor-widget-container\">\n\t\t\t\t\t\t\t<div class=\"elementor-spacer\">\n\t\t\t<div class=\"elementor-spacer-inner\"><\/div>\n\t\t<\/div>\n\t\t\t\t\t\t<\/div>\n\t\t\t\t<\/div>\n\t\t\t\t\t<\/div>\n\t\t<\/div>\n\t\t\t\t\t<\/div>\n\t\t<\/section>\n\t\t\t\t<section class=\"elementor-section elementor-top-section elementor-element elementor-element-e31ab84 elementor-section-boxed elementor-section-height-default elementor-section-height-default\" data-id=\"e31ab84\" data-element_type=\"section\" data-e-type=\"section\">\n\t\t\t\t\t\t<div class=\"elementor-container elementor-column-gap-default\">\n\t\t\t\t\t<div class=\"elementor-column elementor-col-33 elementor-top-column elementor-element elementor-element-b23a070\" data-id=\"b23a070\" data-element_type=\"column\" data-e-type=\"column\">\n\t\t\t<div class=\"elementor-widget-wrap\">\n\t\t\t\t\t\t\t<\/div>\n\t\t<\/div>\n\t\t\t\t<div class=\"elementor-column elementor-col-33 elementor-top-column elementor-element elementor-element-d891151\" data-id=\"d891151\" data-element_type=\"column\" data-e-type=\"column\">\n\t\t\t<div class=\"elementor-widget-wrap elementor-element-populated\">\n\t\t\t\t\t\t<div class=\"elementor-element elementor-element-a5ee9d6 elementor-widget elementor-widget-button\" data-id=\"a5ee9d6\" data-element_type=\"widget\" data-e-type=\"widget\" data-widget_type=\"button.default\">\n\t\t\t\t<div class=\"elementor-widget-container\">\n\t\t\t\t\t\t\t\t\t<div class=\"elementor-button-wrapper\">\n\t\t\t\t\t<a class=\"elementor-button elementor-button-link elementor-size-sm elementor-animation-shrink\" href=\"https:\/\/www.calameo.com\/read\/00490051621593ac5b473\">\n\t\t\t\t\t\t<span class=\"elementor-button-content-wrapper\">\n\t\t\t\t\t\t<span class=\"elementor-button-icon\">\n\t\t\t\t<i aria-hidden=\"true\" class=\"far fa-arrow-alt-circle-right\"><\/i>\t\t\t<\/span>\n\t\t\t\t\t\t\t\t\t<span class=\"elementor-button-text\">Je consulte le PLPDMA<\/span>\n\t\t\t\t\t<\/span>\n\t\t\t\t\t<\/a>\n\t\t\t\t<\/div>\n\t\t\t\t\t\t\t\t<\/div>\n\t\t\t\t<\/div>\n\t\t\t\t\t<\/div>\n\t\t<\/div>\n\t\t\t\t<div class=\"elementor-column elementor-col-33 elementor-top-column elementor-element elementor-element-cd7c0b4\" data-id=\"cd7c0b4\" data-element_type=\"column\" data-e-type=\"column\">\n\t\t\t<div class=\"elementor-widget-wrap\">\n\t\t\t\t\t\t\t<\/div>\n\t\t<\/div>\n\t\t\t\t\t<\/div>\n\t\t<\/section>\n\t\t\t\t<\/div>\n\t\t","protected":false},"excerpt":{"rendered":"<p>Programme Local de Pr\u00e9vention des D\u00e9chets M\u00e9nagers et Assimil\u00e9s Retrouvez le Programme Local de Pr\u00e9vention des D\u00e9chets M\u00e9nagers et Assimil\u00e9s (PLPDMA) Je consulte le PLPDMA<\/p>\n","protected":false},"author":1,"featured_media":0,"parent":0,"menu_order":0,"comment_status":"closed","ping_status":"closed","template":"","meta":{"footnotes":""},"class_list":["post-2997","page","type-page","status-publish","hentry"],"yoast_head":"<!-- This site is optimized with the Yoast SEO plugin v27.3 - https:\/\/yoast.com\/product\/yoast-seo-wordpress\/ -->\n<title>Programme Local de Pr\u00e9vention des D\u00e9chets M\u00e9nagers et Assimil\u00e9s (PLPDMA) - D\u00e9chets B\u00e9ziers<\/title>\n<meta name=\"robots\" content=\"index, follow, max-snippet:-1, max-image-preview:large, max-video-preview:-1\" \/>\n<link rel=\"canonical\" href=\"https:\/\/dechets-beziersagglo.fr\/index.php\/programme-local-de-prevention-des-dechets-menagers-et-assimiles-plpdma\/\" \/>\n<meta property=\"og:locale\" content=\"fr_FR\" \/>\n<meta property=\"og:type\" content=\"article\" \/>\n<meta property=\"og:title\" content=\"Programme Local de Pr\u00e9vention des D\u00e9chets M\u00e9nagers et Assimil\u00e9s (PLPDMA) - D\u00e9chets B\u00e9ziers\" \/>\n<meta property=\"og:description\" content=\"Programme Local de Pr\u00e9vention des D\u00e9chets M\u00e9nagers et Assimil\u00e9s Retrouvez le Programme Local de Pr\u00e9vention des D\u00e9chets M\u00e9nagers et Assimil\u00e9s (PLPDMA) Je consulte le PLPDMA\" \/>\n<meta property=\"og:url\" content=\"https:\/\/dechets-beziersagglo.fr\/index.php\/programme-local-de-prevention-des-dechets-menagers-et-assimiles-plpdma\/\" \/>\n<meta property=\"og:site_name\" content=\"D\u00e9chets B\u00e9ziers\" \/>\n<meta property=\"article:modified_time\" content=\"2024-11-18T15:03:51+00:00\" \/>\n<meta property=\"og:image\" content=\"https:\/\/dechets-beziersagglo.fr\/wp-content\/uploads\/2023\/04\/vignette1620-1.png\" \/>\n<meta name=\"twitter:card\" content=\"summary_large_image\" \/>\n<script type=\"application\/ld+json\" class=\"yoast-schema-graph\">{\"@context\":\"https:\\\/\\\/schema.org\",\"@graph\":[{\"@type\":\"WebPage\",\"@id\":\"https:\\\/\\\/dechets-beziersagglo.fr\\\/index.php\\\/programme-local-de-prevention-des-dechets-menagers-et-assimiles-plpdma\\\/\",\"url\":\"https:\\\/\\\/dechets-beziersagglo.fr\\\/index.php\\\/programme-local-de-prevention-des-dechets-menagers-et-assimiles-plpdma\\\/\",\"name\":\"Programme Local de Pr\u00e9vention des D\u00e9chets M\u00e9nagers et Assimil\u00e9s (PLPDMA) - D\u00e9chets B\u00e9ziers\",\"isPartOf\":{\"@id\":\"https:\\\/\\\/dechets-beziersagglo.fr\\\/#website\"},\"primaryImageOfPage\":{\"@id\":\"https:\\\/\\\/dechets-beziersagglo.fr\\\/index.php\\\/programme-local-de-prevention-des-dechets-menagers-et-assimiles-plpdma\\\/#primaryimage\"},\"image\":{\"@id\":\"https:\\\/\\\/dechets-beziersagglo.fr\\\/index.php\\\/programme-local-de-prevention-des-dechets-menagers-et-assimiles-plpdma\\\/#primaryimage\"},\"thumbnailUrl\":\"https:\\\/\\\/dechets-beziersagglo.fr\\\/wp-content\\\/uploads\\\/2023\\\/04\\\/vignette1620-1.png\",\"datePublished\":\"2023-04-18T09:37:31+00:00\",\"dateModified\":\"2024-11-18T15:03:51+00:00\",\"breadcrumb\":{\"@id\":\"https:\\\/\\\/dechets-beziersagglo.fr\\\/index.php\\\/programme-local-de-prevention-des-dechets-menagers-et-assimiles-plpdma\\\/#breadcrumb\"},\"inLanguage\":\"fr-FR\",\"potentialAction\":[{\"@type\":\"ReadAction\",\"target\":[\"https:\\\/\\\/dechets-beziersagglo.fr\\\/index.php\\\/programme-local-de-prevention-des-dechets-menagers-et-assimiles-plpdma\\\/\"]}]},{\"@type\":\"ImageObject\",\"inLanguage\":\"fr-FR\",\"@id\":\"https:\\\/\\\/dechets-beziersagglo.fr\\\/index.php\\\/programme-local-de-prevention-des-dechets-menagers-et-assimiles-plpdma\\\/#primaryimage\",\"url\":\"https:\\\/\\\/dechets-beziersagglo.fr\\\/wp-content\\\/uploads\\\/2023\\\/04\\\/vignette1620-1.png\",\"contentUrl\":\"https:\\\/\\\/dechets-beziersagglo.fr\\\/wp-content\\\/uploads\\\/2023\\\/04\\\/vignette1620-1.png\",\"width\":300,\"height\":300},{\"@type\":\"BreadcrumbList\",\"@id\":\"https:\\\/\\\/dechets-beziersagglo.fr\\\/index.php\\\/programme-local-de-prevention-des-dechets-menagers-et-assimiles-plpdma\\\/#breadcrumb\",\"itemListElement\":[{\"@type\":\"ListItem\",\"position\":1,\"name\":\"Accueil\",\"item\":\"https:\\\/\\\/dechets-beziersagglo.fr\\\/\"},{\"@type\":\"ListItem\",\"position\":2,\"name\":\"Programme Local de Pr\u00e9vention des D\u00e9chets M\u00e9nagers et Assimil\u00e9s (PLPDMA)\"}]},{\"@type\":\"WebSite\",\"@id\":\"https:\\\/\\\/dechets-beziersagglo.fr\\\/#website\",\"url\":\"https:\\\/\\\/dechets-beziersagglo.fr\\\/\",\"name\":\"D\u00e9chets B\u00e9ziers\",\"description\":\"\",\"publisher\":{\"@id\":\"https:\\\/\\\/dechets-beziersagglo.fr\\\/#organization\"},\"potentialAction\":[{\"@type\":\"SearchAction\",\"target\":{\"@type\":\"EntryPoint\",\"urlTemplate\":\"https:\\\/\\\/dechets-beziersagglo.fr\\\/?s={search_term_string}\"},\"query-input\":{\"@type\":\"PropertyValueSpecification\",\"valueRequired\":true,\"valueName\":\"search_term_string\"}}],\"inLanguage\":\"fr-FR\"},{\"@type\":\"Organization\",\"@id\":\"https:\\\/\\\/dechets-beziersagglo.fr\\\/#organization\",\"name\":\"D\u00e9chets B\u00e9ziers\",\"url\":\"https:\\\/\\\/dechets-beziersagglo.fr\\\/\",\"logo\":{\"@type\":\"ImageObject\",\"inLanguage\":\"fr-FR\",\"@id\":\"https:\\\/\\\/dechets-beziersagglo.fr\\\/#\\\/schema\\\/logo\\\/image\\\/\",\"url\":\"https:\\\/\\\/dechets-beziersagglo.fr\\\/wp-content\\\/uploads\\\/2021\\\/05\\\/cropped-logov3.png\",\"contentUrl\":\"https:\\\/\\\/dechets-beziersagglo.fr\\\/wp-content\\\/uploads\\\/2021\\\/05\\\/cropped-logov3.png\",\"width\":532,\"height\":194,\"caption\":\"D\u00e9chets B\u00e9ziers\"},\"image\":{\"@id\":\"https:\\\/\\\/dechets-beziersagglo.fr\\\/#\\\/schema\\\/logo\\\/image\\\/\"}}]}<\/script>\n<!-- \/ Yoast SEO plugin. -->","yoast_head_json":{"title":"Programme Local de Pr\u00e9vention des D\u00e9chets M\u00e9nagers et Assimil\u00e9s (PLPDMA) - D\u00e9chets B\u00e9ziers","robots":{"index":"index","follow":"follow","max-snippet":"max-snippet:-1","max-image-preview":"max-image-preview:large","max-video-preview":"max-video-preview:-1"},"canonical":"https:\/\/dechets-beziersagglo.fr\/index.php\/programme-local-de-prevention-des-dechets-menagers-et-assimiles-plpdma\/","og_locale":"fr_FR","og_type":"article","og_title":"Programme Local de Pr\u00e9vention des D\u00e9chets M\u00e9nagers et Assimil\u00e9s (PLPDMA) - D\u00e9chets B\u00e9ziers","og_description":"Programme Local de Pr\u00e9vention des D\u00e9chets M\u00e9nagers et Assimil\u00e9s Retrouvez le Programme Local de Pr\u00e9vention des D\u00e9chets M\u00e9nagers et Assimil\u00e9s (PLPDMA) Je consulte le PLPDMA","og_url":"https:\/\/dechets-beziersagglo.fr\/index.php\/programme-local-de-prevention-des-dechets-menagers-et-assimiles-plpdma\/","og_site_name":"D\u00e9chets B\u00e9ziers","article_modified_time":"2024-11-18T15:03:51+00:00","og_image":[{"url":"https:\/\/dechets-beziersagglo.fr\/wp-content\/uploads\/2023\/04\/vignette1620-1.png","type":"","width":"","height":""}],"twitter_card":"summary_large_image","schema":{"@context":"https:\/\/schema.org","@graph":[{"@type":"WebPage","@id":"https:\/\/dechets-beziersagglo.fr\/index.php\/programme-local-de-prevention-des-dechets-menagers-et-assimiles-plpdma\/","url":"https:\/\/dechets-beziersagglo.fr\/index.php\/programme-local-de-prevention-des-dechets-menagers-et-assimiles-plpdma\/","name":"Programme Local de Pr\u00e9vention des D\u00e9chets M\u00e9nagers et Assimil\u00e9s (PLPDMA) - D\u00e9chets B\u00e9ziers","isPartOf":{"@id":"https:\/\/dechets-beziersagglo.fr\/#website"},"primaryImageOfPage":{"@id":"https:\/\/dechets-beziersagglo.fr\/index.php\/programme-local-de-prevention-des-dechets-menagers-et-assimiles-plpdma\/#primaryimage"},"image":{"@id":"https:\/\/dechets-beziersagglo.fr\/index.php\/programme-local-de-prevention-des-dechets-menagers-et-assimiles-plpdma\/#primaryimage"},"thumbnailUrl":"https:\/\/dechets-beziersagglo.fr\/wp-content\/uploads\/2023\/04\/vignette1620-1.png","datePublished":"2023-04-18T09:37:31+00:00","dateModified":"2024-11-18T15:03:51+00:00","breadcrumb":{"@id":"https:\/\/dechets-beziersagglo.fr\/index.php\/programme-local-de-prevention-des-dechets-menagers-et-assimiles-plpdma\/#breadcrumb"},"inLanguage":"fr-FR","potentialAction":[{"@type":"ReadAction","target":["https:\/\/dechets-beziersagglo.fr\/index.php\/programme-local-de-prevention-des-dechets-menagers-et-assimiles-plpdma\/"]}]},{"@type":"ImageObject","inLanguage":"fr-FR","@id":"https:\/\/dechets-beziersagglo.fr\/index.php\/programme-local-de-prevention-des-dechets-menagers-et-assimiles-plpdma\/#primaryimage","url":"https:\/\/dechets-beziersagglo.fr\/wp-content\/uploads\/2023\/04\/vignette1620-1.png","contentUrl":"https:\/\/dechets-beziersagglo.fr\/wp-content\/uploads\/2023\/04\/vignette1620-1.png","width":300,"height":300},{"@type":"BreadcrumbList","@id":"https:\/\/dechets-beziersagglo.fr\/index.php\/programme-local-de-prevention-des-dechets-menagers-et-assimiles-plpdma\/#breadcrumb","itemListElement":[{"@type":"ListItem","position":1,"name":"Accueil","item":"https:\/\/dechets-beziersagglo.fr\/"},{"@type":"ListItem","position":2,"name":"Programme Local de Pr\u00e9vention des D\u00e9chets M\u00e9nagers et Assimil\u00e9s (PLPDMA)"}]},{"@type":"WebSite","@id":"https:\/\/dechets-beziersagglo.fr\/#website","url":"https:\/\/dechets-beziersagglo.fr\/","name":"D\u00e9chets B\u00e9ziers","description":"","publisher":{"@id":"https:\/\/dechets-beziersagglo.fr\/#organization"},"potentialAction":[{"@type":"SearchAction","target":{"@type":"EntryPoint","urlTemplate":"https:\/\/dechets-beziersagglo.fr\/?s={search_term_string}"},"query-input":{"@type":"PropertyValueSpecification","valueRequired":true,"valueName":"search_term_string"}}],"inLanguage":"fr-FR"},{"@type":"Organization","@id":"https:\/\/dechets-beziersagglo.fr\/#organization","name":"D\u00e9chets B\u00e9ziers","url":"https:\/\/dechets-beziersagglo.fr\/","logo":{"@type":"ImageObject","inLanguage":"fr-FR","@id":"https:\/\/dechets-beziersagglo.fr\/#\/schema\/logo\/image\/","url":"https:\/\/dechets-beziersagglo.fr\/wp-content\/uploads\/2021\/05\/cropped-logov3.png","contentUrl":"https:\/\/dechets-beziersagglo.fr\/wp-content\/uploads\/2021\/05\/cropped-logov3.png","width":532,"height":194,"caption":"D\u00e9chets B\u00e9ziers"},"image":{"@id":"https:\/\/dechets-beziersagglo.fr\/#\/schema\/logo\/image\/"}}]}},"_links":{"self":[{"href":"https:\/\/dechets-beziersagglo.fr\/index.php\/wp-json\/wp\/v2\/pages\/2997","targetHints":{"allow":["GET"]}}],"collection":[{"href":"https:\/\/dechets-beziersagglo.fr\/index.php\/wp-json\/wp\/v2\/pages"}],"about":[{"href":"https:\/\/dechets-beziersagglo.fr\/index.php\/wp-json\/wp\/v2\/types\/page"}],"author":[{"embeddable":true,"href":"https:\/\/dechets-beziersagglo.fr\/index.php\/wp-json\/wp\/v2\/users\/1"}],"replies":[{"embeddable":true,"href":"https:\/\/dechets-beziersagglo.fr\/index.php\/wp-json\/wp\/v2\/comments?post=2997"}],"version-history":[{"count":13,"href":"https:\/\/dechets-beziersagglo.fr\/index.php\/wp-json\/wp\/v2\/pages\/2997\/revisions"}],"predecessor-version":[{"id":3659,"href":"https:\/\/dechets-beziersagglo.fr\/index.php\/wp-json\/wp\/v2\/pages\/2997\/revisions\/3659"}],"wp:attachment":[{"href":"https:\/\/dechets-beziersagglo.fr\/index.php\/wp-json\/wp\/v2\/media?parent=2997"}],"curies":[{"name":"wp","href":"https:\/\/api.w.org\/{rel}","templated":true}]}}