{"id":2536,"date":"2023-01-17T14:11:30","date_gmt":"2023-01-17T13:11:30","guid":{"rendered":"https:\/\/dechets-beziersagglo.fr\/?page_id=2536"},"modified":"2024-04-10T09:30:10","modified_gmt":"2024-04-10T07:30:10","slug":"rdv-encombrant","status":"publish","type":"page","link":"https:\/\/dechets-beziersagglo.fr\/index.php\/rdv-encombrant\/","title":{"rendered":"RDV encombrant"},"content":{"rendered":"\t\t<div data-elementor-type=\"wp-page\" data-elementor-id=\"2536\" class=\"elementor elementor-2536\">\n\t\t\t\t\t\t<section class=\"elementor-section elementor-top-section elementor-element elementor-element-83c4f95 elementor-section-boxed elementor-section-height-default elementor-section-height-default\" data-id=\"83c4f95\" data-element_type=\"section\" data-e-type=\"section\">\n\t\t\t\t\t\t<div class=\"elementor-container elementor-column-gap-default\">\n\t\t\t\t\t<div class=\"elementor-column elementor-col-100 elementor-top-column elementor-element elementor-element-2a141dc\" data-id=\"2a141dc\" data-element_type=\"column\" data-e-type=\"column\">\n\t\t\t<div class=\"elementor-widget-wrap elementor-element-populated\">\n\t\t\t\t\t\t<div class=\"elementor-element elementor-element-8adad04 elementor-widget elementor-widget-heading\" data-id=\"8adad04\" data-element_type=\"widget\" data-e-type=\"widget\" data-widget_type=\"heading.default\">\n\t\t\t\t<div class=\"elementor-widget-container\">\n\t\t\t\t\t<h4 class=\"elementor-heading-title elementor-size-default\">Encombr\u00e9 par vos encombrants ?<\/h4>\t\t\t\t<\/div>\n\t\t\t\t<\/div>\n\t\t\t\t\t<\/div>\n\t\t<\/div>\n\t\t\t\t\t<\/div>\n\t\t<\/section>\n\t\t\t\t<section class=\"elementor-section elementor-top-section elementor-element elementor-element-ca91a2e elementor-section-boxed elementor-section-height-default elementor-section-height-default\" data-id=\"ca91a2e\" data-element_type=\"section\" data-e-type=\"section\">\n\t\t\t\t\t\t<div class=\"elementor-container elementor-column-gap-default\">\n\t\t\t\t\t<div class=\"elementor-column elementor-col-100 elementor-top-column elementor-element elementor-element-65a942c\" data-id=\"65a942c\" data-element_type=\"column\" data-e-type=\"column\">\n\t\t\t<div class=\"elementor-widget-wrap elementor-element-populated\">\n\t\t\t\t\t\t<div class=\"elementor-element elementor-element-150e5b7 elementor-widget elementor-widget-spacer\" data-id=\"150e5b7\" data-element_type=\"widget\" data-e-type=\"widget\" data-widget_type=\"spacer.default\">\n\t\t\t\t<div class=\"elementor-widget-container\">\n\t\t\t\t\t\t\t<div class=\"elementor-spacer\">\n\t\t\t<div class=\"elementor-spacer-inner\"><\/div>\n\t\t<\/div>\n\t\t\t\t\t\t<\/div>\n\t\t\t\t<\/div>\n\t\t\t\t\t<\/div>\n\t\t<\/div>\n\t\t\t\t\t<\/div>\n\t\t<\/section>\n\t\t\t\t<section class=\"elementor-section elementor-top-section elementor-element elementor-element-a205b8f elementor-section-boxed elementor-section-height-default elementor-section-height-default\" data-id=\"a205b8f\" data-element_type=\"section\" data-e-type=\"section\">\n\t\t\t\t\t\t<div class=\"elementor-container elementor-column-gap-default\">\n\t\t\t\t\t<div class=\"elementor-column elementor-col-100 elementor-top-column elementor-element elementor-element-4627161\" data-id=\"4627161\" data-element_type=\"column\" data-e-type=\"column\">\n\t\t\t<div class=\"elementor-widget-wrap elementor-element-populated\">\n\t\t\t\t\t\t<div class=\"elementor-element elementor-element-3eaa1bb elementor-widget elementor-widget-heading\" data-id=\"3eaa1bb\" data-element_type=\"widget\" data-e-type=\"widget\" data-widget_type=\"heading.default\">\n\t\t\t\t<div class=\"elementor-widget-container\">\n\t\t\t\t\t<h4 class=\"elementor-heading-title elementor-size-default\">Avant d'appeler, je regarde si je peux DONNER ou VENDRE<\/h4>\t\t\t\t<\/div>\n\t\t\t\t<\/div>\n\t\t\t\t<div class=\"elementor-element elementor-element-6126dc4 elementor-widget elementor-widget-heading\" data-id=\"6126dc4\" data-element_type=\"widget\" data-e-type=\"widget\" data-widget_type=\"heading.default\">\n\t\t\t\t<div class=\"elementor-widget-container\">\n\t\t\t\t\t<h4 class=\"elementor-heading-title elementor-size-default\">Vous souhaitez \u00e9vacuer des d\u00e9chets volumineux ? Contactez le 0 800 0 800 34<\/h4>\t\t\t\t<\/div>\n\t\t\t\t<\/div>\n\t\t\t\t\t<\/div>\n\t\t<\/div>\n\t\t\t\t\t<\/div>\n\t\t<\/section>\n\t\t\t\t<section class=\"elementor-section elementor-top-section elementor-element elementor-element-f4b6179 elementor-section-boxed elementor-section-height-default elementor-section-height-default\" data-id=\"f4b6179\" data-element_type=\"section\" data-e-type=\"section\">\n\t\t\t\t\t\t<div class=\"elementor-container elementor-column-gap-default\">\n\t\t\t\t\t<div class=\"elementor-column elementor-col-100 elementor-top-column elementor-element elementor-element-748247b\" data-id=\"748247b\" data-element_type=\"column\" data-e-type=\"column\">\n\t\t\t<div class=\"elementor-widget-wrap elementor-element-populated\">\n\t\t\t\t\t\t<div class=\"elementor-element elementor-element-59e15bb elementor-widget elementor-widget-spacer\" data-id=\"59e15bb\" data-element_type=\"widget\" data-e-type=\"widget\" data-widget_type=\"spacer.default\">\n\t\t\t\t<div class=\"elementor-widget-container\">\n\t\t\t\t\t\t\t<div class=\"elementor-spacer\">\n\t\t\t<div class=\"elementor-spacer-inner\"><\/div>\n\t\t<\/div>\n\t\t\t\t\t\t<\/div>\n\t\t\t\t<\/div>\n\t\t\t\t\t<\/div>\n\t\t<\/div>\n\t\t\t\t\t<\/div>\n\t\t<\/section>\n\t\t\t\t<section class=\"elementor-section elementor-top-section elementor-element elementor-element-2dae740 elementor-section-boxed elementor-section-height-default elementor-section-height-default\" data-id=\"2dae740\" data-element_type=\"section\" data-e-type=\"section\">\n\t\t\t\t\t\t<div class=\"elementor-container elementor-column-gap-default\">\n\t\t\t\t\t<div class=\"elementor-column elementor-col-25 elementor-top-column elementor-element elementor-element-bc3dc99\" data-id=\"bc3dc99\" data-element_type=\"column\" data-e-type=\"column\">\n\t\t\t<div class=\"elementor-widget-wrap\">\n\t\t\t\t\t\t\t<\/div>\n\t\t<\/div>\n\t\t\t\t<div class=\"elementor-column elementor-col-50 elementor-top-column elementor-element elementor-element-14d2b30\" data-id=\"14d2b30\" data-element_type=\"column\" data-e-type=\"column\">\n\t\t\t<div class=\"elementor-widget-wrap elementor-element-populated\">\n\t\t\t\t\t\t<section class=\"elementor-section elementor-inner-section elementor-element elementor-element-628e3ab elementor-section-boxed elementor-section-height-default elementor-section-height-default\" data-id=\"628e3ab\" data-element_type=\"section\" data-e-type=\"section\">\n\t\t\t\t\t\t<div class=\"elementor-container elementor-column-gap-default\">\n\t\t\t\t\t<div class=\"elementor-column elementor-col-50 elementor-inner-column elementor-element elementor-element-1f0ae11\" data-id=\"1f0ae11\" data-element_type=\"column\" data-e-type=\"column\">\n\t\t\t<div class=\"elementor-widget-wrap elementor-element-populated\">\n\t\t\t\t\t\t<div class=\"elementor-element elementor-element-f0cc4f1 elementor-view-default elementor-invisible elementor-widget elementor-widget-icon\" data-id=\"f0cc4f1\" data-element_type=\"widget\" data-e-type=\"widget\" data-settings=\"{&quot;_animation&quot;:&quot;fadeInLeft&quot;}\" data-widget_type=\"icon.default\">\n\t\t\t\t<div class=\"elementor-widget-container\">\n\t\t\t\t\t\t\t<div class=\"elementor-icon-wrapper\">\n\t\t\t<div class=\"elementor-icon\">\n\t\t\t<i aria-hidden=\"true\" class=\"fas fa-play\"><\/i>\t\t\t<\/div>\n\t\t<\/div>\n\t\t\t\t\t\t<\/div>\n\t\t\t\t<\/div>\n\t\t\t\t\t<\/div>\n\t\t<\/div>\n\t\t\t\t<div class=\"elementor-column elementor-col-50 elementor-inner-column elementor-element elementor-element-4054795\" data-id=\"4054795\" data-element_type=\"column\" data-e-type=\"column\">\n\t\t\t<div class=\"elementor-widget-wrap elementor-element-populated\">\n\t\t\t\t\t\t<div class=\"elementor-element elementor-element-670b2da elementor-widget elementor-widget-heading\" data-id=\"670b2da\" data-element_type=\"widget\" data-e-type=\"widget\" data-widget_type=\"heading.default\">\n\t\t\t\t<div class=\"elementor-widget-container\">\n\t\t\t\t\t<h2 class=\"elementor-heading-title elementor-size-default\">Un rendez-vous par mois<\/h2>\t\t\t\t<\/div>\n\t\t\t\t<\/div>\n\t\t\t\t\t<\/div>\n\t\t<\/div>\n\t\t\t\t\t<\/div>\n\t\t<\/section>\n\t\t\t\t<section class=\"elementor-section elementor-inner-section elementor-element elementor-element-04e4e56 elementor-section-boxed elementor-section-height-default elementor-section-height-default\" data-id=\"04e4e56\" data-element_type=\"section\" data-e-type=\"section\">\n\t\t\t\t\t\t<div class=\"elementor-container elementor-column-gap-default\">\n\t\t\t\t\t<div class=\"elementor-column elementor-col-50 elementor-inner-column elementor-element elementor-element-a718743\" data-id=\"a718743\" data-element_type=\"column\" data-e-type=\"column\">\n\t\t\t<div class=\"elementor-widget-wrap elementor-element-populated\">\n\t\t\t\t\t\t<div class=\"elementor-element elementor-element-8b9b0e5 elementor-view-default elementor-invisible elementor-widget elementor-widget-icon\" data-id=\"8b9b0e5\" data-element_type=\"widget\" data-e-type=\"widget\" data-settings=\"{&quot;_animation&quot;:&quot;fadeInLeft&quot;}\" data-widget_type=\"icon.default\">\n\t\t\t\t<div class=\"elementor-widget-container\">\n\t\t\t\t\t\t\t<div class=\"elementor-icon-wrapper\">\n\t\t\t<div class=\"elementor-icon\">\n\t\t\t<i aria-hidden=\"true\" class=\"fas fa-play\"><\/i>\t\t\t<\/div>\n\t\t<\/div>\n\t\t\t\t\t\t<\/div>\n\t\t\t\t<\/div>\n\t\t\t\t\t<\/div>\n\t\t<\/div>\n\t\t\t\t<div class=\"elementor-column elementor-col-50 elementor-inner-column elementor-element elementor-element-6a2e748\" data-id=\"6a2e748\" data-element_type=\"column\" data-e-type=\"column\">\n\t\t\t<div class=\"elementor-widget-wrap elementor-element-populated\">\n\t\t\t\t\t\t<div class=\"elementor-element elementor-element-3bbcd5b elementor-widget elementor-widget-heading\" data-id=\"3bbcd5b\" data-element_type=\"widget\" data-e-type=\"widget\" data-widget_type=\"heading.default\">\n\t\t\t\t<div class=\"elementor-widget-container\">\n\t\t\t\t\t<h2 class=\"elementor-heading-title elementor-size-default\">3 objets maximum par rdv <\/h2>\t\t\t\t<\/div>\n\t\t\t\t<\/div>\n\t\t\t\t\t<\/div>\n\t\t<\/div>\n\t\t\t\t\t<\/div>\n\t\t<\/section>\n\t\t\t\t<section class=\"elementor-section elementor-inner-section elementor-element elementor-element-ea03263 elementor-section-boxed elementor-section-height-default elementor-section-height-default\" data-id=\"ea03263\" data-element_type=\"section\" data-e-type=\"section\">\n\t\t\t\t\t\t<div class=\"elementor-container elementor-column-gap-default\">\n\t\t\t\t\t<div class=\"elementor-column elementor-col-50 elementor-inner-column elementor-element elementor-element-499429e\" data-id=\"499429e\" data-element_type=\"column\" data-e-type=\"column\">\n\t\t\t<div class=\"elementor-widget-wrap elementor-element-populated\">\n\t\t\t\t\t\t<div class=\"elementor-element elementor-element-f7b856a elementor-view-default elementor-invisible elementor-widget elementor-widget-icon\" data-id=\"f7b856a\" data-element_type=\"widget\" data-e-type=\"widget\" data-settings=\"{&quot;_animation&quot;:&quot;fadeInLeft&quot;}\" data-widget_type=\"icon.default\">\n\t\t\t\t<div class=\"elementor-widget-container\">\n\t\t\t\t\t\t\t<div class=\"elementor-icon-wrapper\">\n\t\t\t<div class=\"elementor-icon\">\n\t\t\t<i aria-hidden=\"true\" class=\"fas fa-play\"><\/i>\t\t\t<\/div>\n\t\t<\/div>\n\t\t\t\t\t\t<\/div>\n\t\t\t\t<\/div>\n\t\t\t\t\t<\/div>\n\t\t<\/div>\n\t\t\t\t<div class=\"elementor-column elementor-col-50 elementor-inner-column elementor-element elementor-element-7fe5a38\" data-id=\"7fe5a38\" data-element_type=\"column\" data-e-type=\"column\">\n\t\t\t<div class=\"elementor-widget-wrap elementor-element-populated\">\n\t\t\t\t\t\t<div class=\"elementor-element elementor-element-c1a4489 elementor-widget elementor-widget-heading\" data-id=\"c1a4489\" data-element_type=\"widget\" data-e-type=\"widget\" data-widget_type=\"heading.default\">\n\t\t\t\t<div class=\"elementor-widget-container\">\n\t\t\t\t\t<h2 class=\"elementor-heading-title elementor-size-default\">Uniquement des encombrants (mobilier et gros \u00e9lectrom\u00e9nagers)<\/h2>\t\t\t\t<\/div>\n\t\t\t\t<\/div>\n\t\t\t\t\t<\/div>\n\t\t<\/div>\n\t\t\t\t\t<\/div>\n\t\t<\/section>\n\t\t\t\t<section class=\"elementor-section elementor-inner-section elementor-element elementor-element-23b8b7c elementor-section-boxed elementor-section-height-default elementor-section-height-default\" data-id=\"23b8b7c\" data-element_type=\"section\" data-e-type=\"section\">\n\t\t\t\t\t\t<div class=\"elementor-container elementor-column-gap-default\">\n\t\t\t\t\t<div class=\"elementor-column elementor-col-50 elementor-inner-column elementor-element elementor-element-cfa03c6\" data-id=\"cfa03c6\" data-element_type=\"column\" data-e-type=\"column\">\n\t\t\t<div class=\"elementor-widget-wrap elementor-element-populated\">\n\t\t\t\t\t\t<div class=\"elementor-element elementor-element-990c38e elementor-view-default elementor-invisible elementor-widget elementor-widget-icon\" data-id=\"990c38e\" data-element_type=\"widget\" data-e-type=\"widget\" data-settings=\"{&quot;_animation&quot;:&quot;fadeInLeft&quot;}\" data-widget_type=\"icon.default\">\n\t\t\t\t<div class=\"elementor-widget-container\">\n\t\t\t\t\t\t\t<div class=\"elementor-icon-wrapper\">\n\t\t\t<div class=\"elementor-icon\">\n\t\t\t<i aria-hidden=\"true\" class=\"fas fa-play\"><\/i>\t\t\t<\/div>\n\t\t<\/div>\n\t\t\t\t\t\t<\/div>\n\t\t\t\t<\/div>\n\t\t\t\t\t<\/div>\n\t\t<\/div>\n\t\t\t\t<div class=\"elementor-column elementor-col-50 elementor-inner-column elementor-element elementor-element-e98b757\" data-id=\"e98b757\" data-element_type=\"column\" data-e-type=\"column\">\n\t\t\t<div class=\"elementor-widget-wrap elementor-element-populated\">\n\t\t\t\t\t\t<div class=\"elementor-element elementor-element-9f073fd elementor-widget elementor-widget-heading\" data-id=\"9f073fd\" data-element_type=\"widget\" data-e-type=\"widget\" data-widget_type=\"heading.default\">\n\t\t\t\t<div class=\"elementor-widget-container\">\n\t\t\t\t\t<h2 class=\"elementor-heading-title elementor-size-default\">Service gratuit ! <\/h2>\t\t\t\t<\/div>\n\t\t\t\t<\/div>\n\t\t\t\t\t<\/div>\n\t\t<\/div>\n\t\t\t\t\t<\/div>\n\t\t<\/section>\n\t\t\t\t\t<\/div>\n\t\t<\/div>\n\t\t\t\t<div class=\"elementor-column elementor-col-25 elementor-top-column elementor-element elementor-element-cd2698c\" data-id=\"cd2698c\" data-element_type=\"column\" data-e-type=\"column\">\n\t\t\t<div class=\"elementor-widget-wrap\">\n\t\t\t\t\t\t\t<\/div>\n\t\t<\/div>\n\t\t\t\t\t<\/div>\n\t\t<\/section>\n\t\t\t\t<section class=\"elementor-section elementor-top-section elementor-element elementor-element-1889997 elementor-section-boxed elementor-section-height-default elementor-section-height-default\" data-id=\"1889997\" data-element_type=\"section\" data-e-type=\"section\">\n\t\t\t\t\t\t<div class=\"elementor-container elementor-column-gap-default\">\n\t\t\t\t\t<div class=\"elementor-column elementor-col-100 elementor-top-column elementor-element elementor-element-345d0c4\" data-id=\"345d0c4\" data-element_type=\"column\" data-e-type=\"column\">\n\t\t\t<div class=\"elementor-widget-wrap elementor-element-populated\">\n\t\t\t\t\t\t<div class=\"elementor-element elementor-element-d711cb3 elementor-widget elementor-widget-spacer\" data-id=\"d711cb3\" data-element_type=\"widget\" data-e-type=\"widget\" data-widget_type=\"spacer.default\">\n\t\t\t\t<div class=\"elementor-widget-container\">\n\t\t\t\t\t\t\t<div class=\"elementor-spacer\">\n\t\t\t<div class=\"elementor-spacer-inner\"><\/div>\n\t\t<\/div>\n\t\t\t\t\t\t<\/div>\n\t\t\t\t<\/div>\n\t\t\t\t\t<\/div>\n\t\t<\/div>\n\t\t\t\t\t<\/div>\n\t\t<\/section>\n\t\t\t\t<section class=\"elementor-section elementor-top-section elementor-element elementor-element-380b44f elementor-section-boxed elementor-section-height-default elementor-section-height-default\" data-id=\"380b44f\" data-element_type=\"section\" data-e-type=\"section\">\n\t\t\t\t\t\t<div class=\"elementor-container elementor-column-gap-default\">\n\t\t\t\t\t<div class=\"elementor-column elementor-col-25 elementor-top-column elementor-element elementor-element-8a7edb2\" data-id=\"8a7edb2\" data-element_type=\"column\" data-e-type=\"column\">\n\t\t\t<div class=\"elementor-widget-wrap\">\n\t\t\t\t\t\t\t<\/div>\n\t\t<\/div>\n\t\t\t\t<div class=\"elementor-column elementor-col-50 elementor-top-column elementor-element elementor-element-d645786\" data-id=\"d645786\" data-element_type=\"column\" data-e-type=\"column\">\n\t\t\t<div class=\"elementor-widget-wrap elementor-element-populated\">\n\t\t\t\t\t\t<div class=\"elementor-element elementor-element-3c38068 elementor-widget elementor-widget-image\" data-id=\"3c38068\" data-element_type=\"widget\" data-e-type=\"widget\" data-widget_type=\"image.default\">\n\t\t\t\t<div class=\"elementor-widget-container\">\n\t\t\t\t\t\t\t\t\t\t\t\t\t\t\t<img fetchpriority=\"high\" decoding=\"async\" width=\"731\" height=\"1024\" src=\"https:\/\/dechets-beziersagglo.fr\/wp-content\/uploads\/2024\/04\/Capture-de\u0301cran-2024-04-10-a\u0300-09.29.37-731x1024.png\" class=\"attachment-large size-large wp-image-3230\" alt=\"\" srcset=\"https:\/\/dechets-beziersagglo.fr\/wp-content\/uploads\/2024\/04\/Capture-de\u0301cran-2024-04-10-a\u0300-09.29.37-731x1024.png 731w, https:\/\/dechets-beziersagglo.fr\/wp-content\/uploads\/2024\/04\/Capture-de\u0301cran-2024-04-10-a\u0300-09.29.37-214x300.png 214w, https:\/\/dechets-beziersagglo.fr\/wp-content\/uploads\/2024\/04\/Capture-de\u0301cran-2024-04-10-a\u0300-09.29.37-768x1075.png 768w, https:\/\/dechets-beziersagglo.fr\/wp-content\/uploads\/2024\/04\/Capture-de\u0301cran-2024-04-10-a\u0300-09.29.37-1097x1536.png 1097w, https:\/\/dechets-beziersagglo.fr\/wp-content\/uploads\/2024\/04\/Capture-de\u0301cran-2024-04-10-a\u0300-09.29.37.png 1274w\" sizes=\"(max-width: 731px) 100vw, 731px\" \/>\t\t\t\t\t\t\t\t\t\t\t\t\t\t\t<\/div>\n\t\t\t\t<\/div>\n\t\t\t\t\t<\/div>\n\t\t<\/div>\n\t\t\t\t<div class=\"elementor-column elementor-col-25 elementor-top-column elementor-element elementor-element-d02c764\" data-id=\"d02c764\" data-element_type=\"column\" data-e-type=\"column\">\n\t\t\t<div class=\"elementor-widget-wrap\">\n\t\t\t\t\t\t\t<\/div>\n\t\t<\/div>\n\t\t\t\t\t<\/div>\n\t\t<\/section>\n\t\t\t\t<\/div>\n\t\t","protected":false},"excerpt":{"rendered":"<p>Encombr\u00e9 par vos encombrants ? Avant d&#8217;appeler, je regarde si je peux DONNER ou VENDRE Vous souhaitez \u00e9vacuer des d\u00e9chets volumineux ? Contactez le 0 800 0 800 34 Un rendez-vous par mois 3 objets maximum par rdv Uniquement des encombrants (mobilier et gros \u00e9lectrom\u00e9nagers) Service gratuit !<\/p>\n","protected":false},"author":1,"featured_media":0,"parent":0,"menu_order":0,"comment_status":"closed","ping_status":"closed","template":"","meta":{"footnotes":""},"class_list":["post-2536","page","type-page","status-publish","hentry"],"yoast_head":"<!-- This site is optimized with the Yoast SEO plugin v27.3 - https:\/\/yoast.com\/product\/yoast-seo-wordpress\/ -->\n<title>RDV encombrant - D\u00e9chets B\u00e9ziers<\/title>\n<meta name=\"robots\" content=\"index, follow, max-snippet:-1, max-image-preview:large, max-video-preview:-1\" \/>\n<link rel=\"canonical\" href=\"https:\/\/dechets-beziersagglo.fr\/index.php\/rdv-encombrant\/\" \/>\n<meta property=\"og:locale\" content=\"fr_FR\" \/>\n<meta property=\"og:type\" content=\"article\" \/>\n<meta property=\"og:title\" content=\"RDV encombrant - D\u00e9chets B\u00e9ziers\" \/>\n<meta property=\"og:description\" content=\"Encombr\u00e9 par vos encombrants ? Avant d&#8217;appeler, je regarde si je peux DONNER ou VENDRE Vous souhaitez \u00e9vacuer des d\u00e9chets volumineux ? Contactez le 0 800 0 800 34 Un rendez-vous par mois 3 objets maximum par rdv Uniquement des encombrants (mobilier et gros \u00e9lectrom\u00e9nagers) Service gratuit !\" \/>\n<meta property=\"og:url\" content=\"https:\/\/dechets-beziersagglo.fr\/index.php\/rdv-encombrant\/\" \/>\n<meta property=\"og:site_name\" content=\"D\u00e9chets B\u00e9ziers\" \/>\n<meta property=\"article:modified_time\" content=\"2024-04-10T07:30:10+00:00\" \/>\n<meta name=\"twitter:card\" content=\"summary_large_image\" \/>\n<script type=\"application\/ld+json\" class=\"yoast-schema-graph\">{\"@context\":\"https:\\\/\\\/schema.org\",\"@graph\":[{\"@type\":\"WebPage\",\"@id\":\"https:\\\/\\\/dechets-beziersagglo.fr\\\/index.php\\\/rdv-encombrant\\\/\",\"url\":\"https:\\\/\\\/dechets-beziersagglo.fr\\\/index.php\\\/rdv-encombrant\\\/\",\"name\":\"RDV encombrant - D\u00e9chets B\u00e9ziers\",\"isPartOf\":{\"@id\":\"https:\\\/\\\/dechets-beziersagglo.fr\\\/#website\"},\"datePublished\":\"2023-01-17T13:11:30+00:00\",\"dateModified\":\"2024-04-10T07:30:10+00:00\",\"breadcrumb\":{\"@id\":\"https:\\\/\\\/dechets-beziersagglo.fr\\\/index.php\\\/rdv-encombrant\\\/#breadcrumb\"},\"inLanguage\":\"fr-FR\",\"potentialAction\":[{\"@type\":\"ReadAction\",\"target\":[\"https:\\\/\\\/dechets-beziersagglo.fr\\\/index.php\\\/rdv-encombrant\\\/\"]}]},{\"@type\":\"BreadcrumbList\",\"@id\":\"https:\\\/\\\/dechets-beziersagglo.fr\\\/index.php\\\/rdv-encombrant\\\/#breadcrumb\",\"itemListElement\":[{\"@type\":\"ListItem\",\"position\":1,\"name\":\"Accueil\",\"item\":\"https:\\\/\\\/dechets-beziersagglo.fr\\\/\"},{\"@type\":\"ListItem\",\"position\":2,\"name\":\"RDV encombrant\"}]},{\"@type\":\"WebSite\",\"@id\":\"https:\\\/\\\/dechets-beziersagglo.fr\\\/#website\",\"url\":\"https:\\\/\\\/dechets-beziersagglo.fr\\\/\",\"name\":\"D\u00e9chets B\u00e9ziers\",\"description\":\"\",\"publisher\":{\"@id\":\"https:\\\/\\\/dechets-beziersagglo.fr\\\/#organization\"},\"potentialAction\":[{\"@type\":\"SearchAction\",\"target\":{\"@type\":\"EntryPoint\",\"urlTemplate\":\"https:\\\/\\\/dechets-beziersagglo.fr\\\/?s={search_term_string}\"},\"query-input\":{\"@type\":\"PropertyValueSpecification\",\"valueRequired\":true,\"valueName\":\"search_term_string\"}}],\"inLanguage\":\"fr-FR\"},{\"@type\":\"Organization\",\"@id\":\"https:\\\/\\\/dechets-beziersagglo.fr\\\/#organization\",\"name\":\"D\u00e9chets B\u00e9ziers\",\"url\":\"https:\\\/\\\/dechets-beziersagglo.fr\\\/\",\"logo\":{\"@type\":\"ImageObject\",\"inLanguage\":\"fr-FR\",\"@id\":\"https:\\\/\\\/dechets-beziersagglo.fr\\\/#\\\/schema\\\/logo\\\/image\\\/\",\"url\":\"https:\\\/\\\/dechets-beziersagglo.fr\\\/wp-content\\\/uploads\\\/2021\\\/05\\\/cropped-logov3.png\",\"contentUrl\":\"https:\\\/\\\/dechets-beziersagglo.fr\\\/wp-content\\\/uploads\\\/2021\\\/05\\\/cropped-logov3.png\",\"width\":532,\"height\":194,\"caption\":\"D\u00e9chets B\u00e9ziers\"},\"image\":{\"@id\":\"https:\\\/\\\/dechets-beziersagglo.fr\\\/#\\\/schema\\\/logo\\\/image\\\/\"}}]}<\/script>\n<!-- \/ Yoast SEO plugin. -->","yoast_head_json":{"title":"RDV encombrant - D\u00e9chets B\u00e9ziers","robots":{"index":"index","follow":"follow","max-snippet":"max-snippet:-1","max-image-preview":"max-image-preview:large","max-video-preview":"max-video-preview:-1"},"canonical":"https:\/\/dechets-beziersagglo.fr\/index.php\/rdv-encombrant\/","og_locale":"fr_FR","og_type":"article","og_title":"RDV encombrant - D\u00e9chets B\u00e9ziers","og_description":"Encombr\u00e9 par vos encombrants ? Avant d&#8217;appeler, je regarde si je peux DONNER ou VENDRE Vous souhaitez \u00e9vacuer des d\u00e9chets volumineux ? Contactez le 0 800 0 800 34 Un rendez-vous par mois 3 objets maximum par rdv Uniquement des encombrants (mobilier et gros \u00e9lectrom\u00e9nagers) Service gratuit !","og_url":"https:\/\/dechets-beziersagglo.fr\/index.php\/rdv-encombrant\/","og_site_name":"D\u00e9chets B\u00e9ziers","article_modified_time":"2024-04-10T07:30:10+00:00","twitter_card":"summary_large_image","schema":{"@context":"https:\/\/schema.org","@graph":[{"@type":"WebPage","@id":"https:\/\/dechets-beziersagglo.fr\/index.php\/rdv-encombrant\/","url":"https:\/\/dechets-beziersagglo.fr\/index.php\/rdv-encombrant\/","name":"RDV encombrant - D\u00e9chets B\u00e9ziers","isPartOf":{"@id":"https:\/\/dechets-beziersagglo.fr\/#website"},"datePublished":"2023-01-17T13:11:30+00:00","dateModified":"2024-04-10T07:30:10+00:00","breadcrumb":{"@id":"https:\/\/dechets-beziersagglo.fr\/index.php\/rdv-encombrant\/#breadcrumb"},"inLanguage":"fr-FR","potentialAction":[{"@type":"ReadAction","target":["https:\/\/dechets-beziersagglo.fr\/index.php\/rdv-encombrant\/"]}]},{"@type":"BreadcrumbList","@id":"https:\/\/dechets-beziersagglo.fr\/index.php\/rdv-encombrant\/#breadcrumb","itemListElement":[{"@type":"ListItem","position":1,"name":"Accueil","item":"https:\/\/dechets-beziersagglo.fr\/"},{"@type":"ListItem","position":2,"name":"RDV encombrant"}]},{"@type":"WebSite","@id":"https:\/\/dechets-beziersagglo.fr\/#website","url":"https:\/\/dechets-beziersagglo.fr\/","name":"D\u00e9chets B\u00e9ziers","description":"","publisher":{"@id":"https:\/\/dechets-beziersagglo.fr\/#organization"},"potentialAction":[{"@type":"SearchAction","target":{"@type":"EntryPoint","urlTemplate":"https:\/\/dechets-beziersagglo.fr\/?s={search_term_string}"},"query-input":{"@type":"PropertyValueSpecification","valueRequired":true,"valueName":"search_term_string"}}],"inLanguage":"fr-FR"},{"@type":"Organization","@id":"https:\/\/dechets-beziersagglo.fr\/#organization","name":"D\u00e9chets B\u00e9ziers","url":"https:\/\/dechets-beziersagglo.fr\/","logo":{"@type":"ImageObject","inLanguage":"fr-FR","@id":"https:\/\/dechets-beziersagglo.fr\/#\/schema\/logo\/image\/","url":"https:\/\/dechets-beziersagglo.fr\/wp-content\/uploads\/2021\/05\/cropped-logov3.png","contentUrl":"https:\/\/dechets-beziersagglo.fr\/wp-content\/uploads\/2021\/05\/cropped-logov3.png","width":532,"height":194,"caption":"D\u00e9chets B\u00e9ziers"},"image":{"@id":"https:\/\/dechets-beziersagglo.fr\/#\/schema\/logo\/image\/"}}]}},"_links":{"self":[{"href":"https:\/\/dechets-beziersagglo.fr\/index.php\/wp-json\/wp\/v2\/pages\/2536","targetHints":{"allow":["GET"]}}],"collection":[{"href":"https:\/\/dechets-beziersagglo.fr\/index.php\/wp-json\/wp\/v2\/pages"}],"about":[{"href":"https:\/\/dechets-beziersagglo.fr\/index.php\/wp-json\/wp\/v2\/types\/page"}],"author":[{"embeddable":true,"href":"https:\/\/dechets-beziersagglo.fr\/index.php\/wp-json\/wp\/v2\/users\/1"}],"replies":[{"embeddable":true,"href":"https:\/\/dechets-beziersagglo.fr\/index.php\/wp-json\/wp\/v2\/comments?post=2536"}],"version-history":[{"count":16,"href":"https:\/\/dechets-beziersagglo.fr\/index.php\/wp-json\/wp\/v2\/pages\/2536\/revisions"}],"predecessor-version":[{"id":3233,"href":"https:\/\/dechets-beziersagglo.fr\/index.php\/wp-json\/wp\/v2\/pages\/2536\/revisions\/3233"}],"wp:attachment":[{"href":"https:\/\/dechets-beziersagglo.fr\/index.php\/wp-json\/wp\/v2\/media?parent=2536"}],"curies":[{"name":"wp","href":"https:\/\/api.w.org\/{rel}","templated":true}]}}