{"id":2197,"date":"2023-01-05T10:46:13","date_gmt":"2023-01-05T09:46:13","guid":{"rendered":"https:\/\/dechets-beziersagglo.fr\/?page_id=2197"},"modified":"2024-04-09T10:04:34","modified_gmt":"2024-04-09T08:04:34","slug":"pour-votre-porte-monnaie","status":"publish","type":"page","link":"https:\/\/dechets-beziersagglo.fr\/index.php\/pour-votre-porte-monnaie\/","title":{"rendered":"Pour votre porte-monnaie"},"content":{"rendered":"\t\t<div data-elementor-type=\"wp-page\" data-elementor-id=\"2197\" class=\"elementor elementor-2197\">\n\t\t\t\t\t\t<section class=\"elementor-section elementor-top-section elementor-element elementor-element-30919fa elementor-section-boxed elementor-section-height-default elementor-section-height-default\" data-id=\"30919fa\" data-element_type=\"section\" data-e-type=\"section\">\n\t\t\t\t\t\t<div class=\"elementor-container elementor-column-gap-default\">\n\t\t\t\t\t<div class=\"elementor-column elementor-col-100 elementor-top-column elementor-element elementor-element-553e5a1\" data-id=\"553e5a1\" data-element_type=\"column\" data-e-type=\"column\">\n\t\t\t<div class=\"elementor-widget-wrap elementor-element-populated\">\n\t\t\t\t\t\t<div class=\"elementor-element elementor-element-43a9e44 elementor-widget elementor-widget-heading\" data-id=\"43a9e44\" data-element_type=\"widget\" data-e-type=\"widget\" data-widget_type=\"heading.default\">\n\t\t\t\t<div class=\"elementor-widget-container\">\n\t\t\t\t\t<h4 class=\"elementor-heading-title elementor-size-default\">Trier pour votre porte-monnaie<\/h4>\t\t\t\t<\/div>\n\t\t\t\t<\/div>\n\t\t\t\t\t<\/div>\n\t\t<\/div>\n\t\t\t\t\t<\/div>\n\t\t<\/section>\n\t\t\t\t<section class=\"elementor-section elementor-top-section elementor-element elementor-element-1349fad elementor-section-boxed elementor-section-height-default elementor-section-height-default\" data-id=\"1349fad\" data-element_type=\"section\" data-e-type=\"section\">\n\t\t\t\t\t\t<div class=\"elementor-container elementor-column-gap-default\">\n\t\t\t\t\t<div class=\"elementor-column elementor-col-66 elementor-top-column elementor-element elementor-element-a5a04ba\" data-id=\"a5a04ba\" data-element_type=\"column\" data-e-type=\"column\">\n\t\t\t<div class=\"elementor-widget-wrap elementor-element-populated\">\n\t\t\t\t\t\t<section class=\"elementor-section elementor-inner-section elementor-element elementor-element-a1bb862 elementor-section-boxed elementor-section-height-default elementor-section-height-default\" data-id=\"a1bb862\" data-element_type=\"section\" data-e-type=\"section\">\n\t\t\t\t\t\t<div class=\"elementor-container elementor-column-gap-default\">\n\t\t\t\t\t<div class=\"elementor-column elementor-col-100 elementor-inner-column elementor-element elementor-element-b185d96\" data-id=\"b185d96\" data-element_type=\"column\" data-e-type=\"column\">\n\t\t\t<div class=\"elementor-widget-wrap elementor-element-populated\">\n\t\t\t\t\t\t\t<\/div>\n\t\t<\/div>\n\t\t\t\t\t<\/div>\n\t\t<\/section>\n\t\t\t\t<section class=\"elementor-section elementor-inner-section elementor-element elementor-element-4d9c6cf elementor-section-boxed elementor-section-height-default elementor-section-height-default\" data-id=\"4d9c6cf\" data-element_type=\"section\" data-e-type=\"section\">\n\t\t\t\t\t\t<div class=\"elementor-container elementor-column-gap-default\">\n\t\t\t\t\t<div class=\"elementor-column elementor-col-50 elementor-inner-column elementor-element elementor-element-fa25886\" data-id=\"fa25886\" data-element_type=\"column\" data-e-type=\"column\">\n\t\t\t<div class=\"elementor-widget-wrap elementor-element-populated\">\n\t\t\t\t\t\t<div class=\"elementor-element elementor-element-b30e3c0 elementor-view-default elementor-invisible elementor-widget elementor-widget-icon\" data-id=\"b30e3c0\" data-element_type=\"widget\" data-e-type=\"widget\" data-settings=\"{&quot;_animation&quot;:&quot;fadeInLeft&quot;}\" data-widget_type=\"icon.default\">\n\t\t\t\t<div class=\"elementor-widget-container\">\n\t\t\t\t\t\t\t<div class=\"elementor-icon-wrapper\">\n\t\t\t<div class=\"elementor-icon\">\n\t\t\t<i aria-hidden=\"true\" class=\"fas fa-play\"><\/i>\t\t\t<\/div>\n\t\t<\/div>\n\t\t\t\t\t\t<\/div>\n\t\t\t\t<\/div>\n\t\t\t\t\t<\/div>\n\t\t<\/div>\n\t\t\t\t<div class=\"elementor-column elementor-col-50 elementor-inner-column elementor-element elementor-element-0fd9aa8\" data-id=\"0fd9aa8\" data-element_type=\"column\" data-e-type=\"column\">\n\t\t\t<div class=\"elementor-widget-wrap elementor-element-populated\">\n\t\t\t\t\t\t<div class=\"elementor-element elementor-element-61d03fb elementor-widget elementor-widget-heading\" data-id=\"61d03fb\" data-element_type=\"widget\" data-e-type=\"widget\" data-widget_type=\"heading.default\">\n\t\t\t\t<div class=\"elementor-widget-container\">\n\t\t\t\t\t<h2 class=\"elementor-heading-title elementor-size-default\">Plus vous triez, moins le co\u00fbt des d\u00e9chets est \u00e9lev\u00e9 : le tri permet de limiter des d\u00e9penses importantes qui seraient, in\u00e9vitablement, financ\u00e9s par votre imp\u00f4t (TEOM).<\/h2>\t\t\t\t<\/div>\n\t\t\t\t<\/div>\n\t\t\t\t\t<\/div>\n\t\t<\/div>\n\t\t\t\t\t<\/div>\n\t\t<\/section>\n\t\t\t\t<div class=\"elementor-element elementor-element-6c11620 elementor-hidden-tablet elementor-hidden-phone elementor-widget elementor-widget-spacer\" data-id=\"6c11620\" data-element_type=\"widget\" data-e-type=\"widget\" data-widget_type=\"spacer.default\">\n\t\t\t\t<div class=\"elementor-widget-container\">\n\t\t\t\t\t\t\t<div class=\"elementor-spacer\">\n\t\t\t<div class=\"elementor-spacer-inner\"><\/div>\n\t\t<\/div>\n\t\t\t\t\t\t<\/div>\n\t\t\t\t<\/div>\n\t\t\t\t<section class=\"elementor-section elementor-inner-section elementor-element elementor-element-814fd11 elementor-section-boxed elementor-section-height-default elementor-section-height-default\" data-id=\"814fd11\" data-element_type=\"section\" data-e-type=\"section\">\n\t\t\t\t\t\t<div class=\"elementor-container elementor-column-gap-default\">\n\t\t\t\t\t<div class=\"elementor-column elementor-col-50 elementor-inner-column elementor-element elementor-element-4f8e114 elementor-invisible\" data-id=\"4f8e114\" data-element_type=\"column\" data-e-type=\"column\" data-settings=\"{&quot;animation&quot;:&quot;fadeInLeft&quot;}\">\n\t\t\t<div class=\"elementor-widget-wrap elementor-element-populated\">\n\t\t\t\t\t\t<div class=\"elementor-element elementor-element-f953706 elementor-view-default elementor-widget elementor-widget-icon\" data-id=\"f953706\" data-element_type=\"widget\" data-e-type=\"widget\" data-widget_type=\"icon.default\">\n\t\t\t\t<div class=\"elementor-widget-container\">\n\t\t\t\t\t\t\t<div class=\"elementor-icon-wrapper\">\n\t\t\t<div class=\"elementor-icon\">\n\t\t\t<i aria-hidden=\"true\" class=\"fas fa-play\"><\/i>\t\t\t<\/div>\n\t\t<\/div>\n\t\t\t\t\t\t<\/div>\n\t\t\t\t<\/div>\n\t\t\t\t\t<\/div>\n\t\t<\/div>\n\t\t\t\t<div class=\"elementor-column elementor-col-50 elementor-inner-column elementor-element elementor-element-0f3fc97\" data-id=\"0f3fc97\" data-element_type=\"column\" data-e-type=\"column\">\n\t\t\t<div class=\"elementor-widget-wrap elementor-element-populated\">\n\t\t\t\t\t\t<div class=\"elementor-element elementor-element-78b2951 elementor-widget elementor-widget-heading\" data-id=\"78b2951\" data-element_type=\"widget\" data-e-type=\"widget\" data-widget_type=\"heading.default\">\n\t\t\t\t<div class=\"elementor-widget-container\">\n\t\t\t\t\t<h2 class=\"elementor-heading-title elementor-size-default\">Le tri peut aussi vous rapporter : pour le verre, par exemple, les bornes \u00e9quip\u00e9es du dispositif CLIIINK vous permettent d\u2019obtenir des r\u00e9ductions chez nos partenaires locaux.<\/h2>\t\t\t\t<\/div>\n\t\t\t\t<\/div>\n\t\t\t\t\t<\/div>\n\t\t<\/div>\n\t\t\t\t\t<\/div>\n\t\t<\/section>\n\t\t\t\t<div class=\"elementor-element elementor-element-3f5e7c9 elementor-hidden-tablet elementor-hidden-phone elementor-widget elementor-widget-spacer\" data-id=\"3f5e7c9\" data-element_type=\"widget\" data-e-type=\"widget\" data-widget_type=\"spacer.default\">\n\t\t\t\t<div class=\"elementor-widget-container\">\n\t\t\t\t\t\t\t<div class=\"elementor-spacer\">\n\t\t\t<div class=\"elementor-spacer-inner\"><\/div>\n\t\t<\/div>\n\t\t\t\t\t\t<\/div>\n\t\t\t\t<\/div>\n\t\t\t\t<section class=\"elementor-section elementor-inner-section elementor-element elementor-element-08fc149 elementor-section-boxed elementor-section-height-default elementor-section-height-default\" data-id=\"08fc149\" data-element_type=\"section\" data-e-type=\"section\">\n\t\t\t\t\t\t<div class=\"elementor-container elementor-column-gap-default\">\n\t\t\t\t\t<div class=\"elementor-column elementor-col-50 elementor-inner-column elementor-element elementor-element-e64803a elementor-invisible\" data-id=\"e64803a\" data-element_type=\"column\" data-e-type=\"column\" data-settings=\"{&quot;animation&quot;:&quot;fadeInLeft&quot;}\">\n\t\t\t<div class=\"elementor-widget-wrap elementor-element-populated\">\n\t\t\t\t\t\t<div class=\"elementor-element elementor-element-7b22d92 elementor-view-default elementor-widget elementor-widget-icon\" data-id=\"7b22d92\" data-element_type=\"widget\" data-e-type=\"widget\" data-widget_type=\"icon.default\">\n\t\t\t\t<div class=\"elementor-widget-container\">\n\t\t\t\t\t\t\t<div class=\"elementor-icon-wrapper\">\n\t\t\t<div class=\"elementor-icon\">\n\t\t\t<i aria-hidden=\"true\" class=\"fas fa-play\"><\/i>\t\t\t<\/div>\n\t\t<\/div>\n\t\t\t\t\t\t<\/div>\n\t\t\t\t<\/div>\n\t\t\t\t\t<\/div>\n\t\t<\/div>\n\t\t\t\t<div class=\"elementor-column elementor-col-50 elementor-inner-column elementor-element elementor-element-f4148ed\" data-id=\"f4148ed\" data-element_type=\"column\" data-e-type=\"column\">\n\t\t\t<div class=\"elementor-widget-wrap elementor-element-populated\">\n\t\t\t\t\t\t<div class=\"elementor-element elementor-element-740035f elementor-widget elementor-widget-heading\" data-id=\"740035f\" data-element_type=\"widget\" data-e-type=\"widget\" data-widget_type=\"heading.default\">\n\t\t\t\t<div class=\"elementor-widget-container\">\n\t\t\t\t\t<h2 class=\"elementor-heading-title elementor-size-default\">Alors, pour faire rimer \u00e9conomie et \u00e9cologie, TRIEZ !!<\/h2>\t\t\t\t<\/div>\n\t\t\t\t<\/div>\n\t\t\t\t\t<\/div>\n\t\t<\/div>\n\t\t\t\t\t<\/div>\n\t\t<\/section>\n\t\t\t\t\t<\/div>\n\t\t<\/div>\n\t\t\t\t<div class=\"elementor-column elementor-col-33 elementor-top-column elementor-element elementor-element-97220e2\" data-id=\"97220e2\" data-element_type=\"column\" data-e-type=\"column\">\n\t\t\t<div class=\"elementor-widget-wrap elementor-element-populated\">\n\t\t\t\t\t\t<div class=\"elementor-element elementor-element-e621b78 elementor-widget elementor-widget-spacer\" data-id=\"e621b78\" data-element_type=\"widget\" data-e-type=\"widget\" data-widget_type=\"spacer.default\">\n\t\t\t\t<div class=\"elementor-widget-container\">\n\t\t\t\t\t\t\t<div class=\"elementor-spacer\">\n\t\t\t<div class=\"elementor-spacer-inner\"><\/div>\n\t\t<\/div>\n\t\t\t\t\t\t<\/div>\n\t\t\t\t<\/div>\n\t\t\t\t<div class=\"elementor-element elementor-element-bbb3d95 elementor-widget elementor-widget-video\" data-id=\"bbb3d95\" data-element_type=\"widget\" data-e-type=\"widget\" data-settings=\"{&quot;youtube_url&quot;:&quot;https:\\\/\\\/youtu.be\\\/PfMMby18DVo?list=TLGGH78_mtXfecIwNTAxMjAyMw&quot;,&quot;autoplay&quot;:&quot;yes&quot;,&quot;play_on_mobile&quot;:&quot;yes&quot;,&quot;mute&quot;:&quot;yes&quot;,&quot;loop&quot;:&quot;yes&quot;,&quot;video_type&quot;:&quot;youtube&quot;}\" data-widget_type=\"video.default\">\n\t\t\t\t<div class=\"elementor-widget-container\">\n\t\t\t\t\t\t\t<div class=\"elementor-wrapper elementor-open-inline\">\n\t\t\t<div class=\"elementor-video\"><\/div>\t\t<\/div>\n\t\t\t\t\t\t<\/div>\n\t\t\t\t<\/div>\n\t\t\t\t\t<\/div>\n\t\t<\/div>\n\t\t\t\t\t<\/div>\n\t\t<\/section>\n\t\t\t\t<section class=\"elementor-section elementor-top-section elementor-element elementor-element-42c5443 elementor-section-boxed elementor-section-height-default elementor-section-height-default\" data-id=\"42c5443\" data-element_type=\"section\" data-e-type=\"section\">\n\t\t\t\t\t\t<div class=\"elementor-container elementor-column-gap-default\">\n\t\t\t\t\t<div class=\"elementor-column elementor-col-100 elementor-top-column elementor-element elementor-element-5133f9e\" data-id=\"5133f9e\" data-element_type=\"column\" data-e-type=\"column\">\n\t\t\t<div class=\"elementor-widget-wrap elementor-element-populated\">\n\t\t\t\t\t\t<div class=\"elementor-element elementor-element-c15959a elementor-widget elementor-widget-spacer\" data-id=\"c15959a\" data-element_type=\"widget\" data-e-type=\"widget\" data-widget_type=\"spacer.default\">\n\t\t\t\t<div class=\"elementor-widget-container\">\n\t\t\t\t\t\t\t<div class=\"elementor-spacer\">\n\t\t\t<div class=\"elementor-spacer-inner\"><\/div>\n\t\t<\/div>\n\t\t\t\t\t\t<\/div>\n\t\t\t\t<\/div>\n\t\t\t\t\t<\/div>\n\t\t<\/div>\n\t\t\t\t\t<\/div>\n\t\t<\/section>\n\t\t\t\t<section class=\"elementor-section elementor-top-section elementor-element elementor-element-82fe642 elementor-section-boxed elementor-section-height-default elementor-section-height-default\" data-id=\"82fe642\" data-element_type=\"section\" data-e-type=\"section\">\n\t\t\t\t\t\t<div class=\"elementor-container elementor-column-gap-default\">\n\t\t\t\t\t<div class=\"elementor-column elementor-col-33 elementor-top-column elementor-element elementor-element-a863add\" data-id=\"a863add\" data-element_type=\"column\" data-e-type=\"column\">\n\t\t\t<div class=\"elementor-widget-wrap\">\n\t\t\t\t\t\t\t<\/div>\n\t\t<\/div>\n\t\t\t\t<div class=\"elementor-column elementor-col-33 elementor-top-column elementor-element elementor-element-930f717\" data-id=\"930f717\" data-element_type=\"column\" data-e-type=\"column\">\n\t\t\t<div class=\"elementor-widget-wrap elementor-element-populated\">\n\t\t\t\t\t\t<div class=\"elementor-element elementor-element-4fe8bb1 elementor-align-center elementor-widget elementor-widget-button\" data-id=\"4fe8bb1\" data-element_type=\"widget\" data-e-type=\"widget\" data-widget_type=\"button.default\">\n\t\t\t\t<div class=\"elementor-widget-container\">\n\t\t\t\t\t\t\t\t\t<div class=\"elementor-button-wrapper\">\n\t\t\t\t\t<a class=\"elementor-button elementor-button-link elementor-size-md elementor-animation-shrink\" href=\"https:\/\/www.cliiink.com\/fr\/how-it-works\">\n\t\t\t\t\t\t<span class=\"elementor-button-content-wrapper\">\n\t\t\t\t\t\t\t\t\t<span class=\"elementor-button-text\">Cliink c'est ici<\/span>\n\t\t\t\t\t<\/span>\n\t\t\t\t\t<\/a>\n\t\t\t\t<\/div>\n\t\t\t\t\t\t\t\t<\/div>\n\t\t\t\t<\/div>\n\t\t\t\t\t<\/div>\n\t\t<\/div>\n\t\t\t\t<div class=\"elementor-column elementor-col-33 elementor-top-column elementor-element elementor-element-56683ed\" data-id=\"56683ed\" data-element_type=\"column\" data-e-type=\"column\">\n\t\t\t<div class=\"elementor-widget-wrap\">\n\t\t\t\t\t\t\t<\/div>\n\t\t<\/div>\n\t\t\t\t\t<\/div>\n\t\t<\/section>\n\t\t\t\t<section class=\"elementor-section elementor-top-section elementor-element elementor-element-335d6be elementor-section-boxed elementor-section-height-default elementor-section-height-default\" data-id=\"335d6be\" data-element_type=\"section\" data-e-type=\"section\">\n\t\t\t\t\t\t<div class=\"elementor-container elementor-column-gap-default\">\n\t\t\t\t\t<div class=\"elementor-column elementor-col-100 elementor-top-column elementor-element elementor-element-14cbf7d\" data-id=\"14cbf7d\" data-element_type=\"column\" data-e-type=\"column\">\n\t\t\t<div class=\"elementor-widget-wrap elementor-element-populated\">\n\t\t\t\t\t\t<div class=\"elementor-element elementor-element-d6b766b elementor-widget elementor-widget-spacer\" data-id=\"d6b766b\" data-element_type=\"widget\" data-e-type=\"widget\" data-widget_type=\"spacer.default\">\n\t\t\t\t<div class=\"elementor-widget-container\">\n\t\t\t\t\t\t\t<div class=\"elementor-spacer\">\n\t\t\t<div class=\"elementor-spacer-inner\"><\/div>\n\t\t<\/div>\n\t\t\t\t\t\t<\/div>\n\t\t\t\t<\/div>\n\t\t\t\t<div class=\"elementor-element elementor-element-0300152 elementor-widget elementor-widget-heading\" data-id=\"0300152\" data-element_type=\"widget\" data-e-type=\"widget\" data-widget_type=\"heading.default\">\n\t\t\t\t<div class=\"elementor-widget-container\">\n\t\t\t\t\t<h4 class=\"elementor-heading-title elementor-size-default\">Le refus du tri<\/h4>\t\t\t\t<\/div>\n\t\t\t\t<\/div>\n\t\t\t\t\t<\/div>\n\t\t<\/div>\n\t\t\t\t\t<\/div>\n\t\t<\/section>\n\t\t\t\t<section class=\"elementor-section elementor-top-section elementor-element elementor-element-5708b67 elementor-section-boxed elementor-section-height-default elementor-section-height-default\" data-id=\"5708b67\" data-element_type=\"section\" data-e-type=\"section\">\n\t\t\t\t\t\t<div class=\"elementor-container elementor-column-gap-default\">\n\t\t\t\t\t<div class=\"elementor-column elementor-col-100 elementor-top-column elementor-element elementor-element-eab10d2\" data-id=\"eab10d2\" data-element_type=\"column\" data-e-type=\"column\">\n\t\t\t<div class=\"elementor-widget-wrap elementor-element-populated\">\n\t\t\t\t\t\t<div class=\"elementor-element elementor-element-fc25503 elementor-widget elementor-widget-heading\" data-id=\"fc25503\" data-element_type=\"widget\" data-e-type=\"widget\" data-widget_type=\"heading.default\">\n\t\t\t\t<div class=\"elementor-widget-container\">\n\t\t\t\t\t<h2 class=\"elementor-heading-title elementor-size-default\">Apr\u00e8s la collecte du bac jaune, les emballages m\u00e9nagers recyclables sont achemin\u00e9s vers le centre de tri o\u00f9 ils sont tri\u00e9s manuellement par type de mat\u00e9riaux.\n\n<br>\n\n<br>\nLe terme \"refus de tri\" d\u00e9signe les d\u00e9chets qui ne respectent pas les consignes de tri du centre de tri. Ce sont des d\u00e9chets non conformes aux normes.\n\n<br>\n\n<br>\nLe traitement de ces d\u00e9chets non conformes repr\u00e9sente un co\u00fbt \u00e9lev\u00e9 car ils doivent \u00eatre dirig\u00e9s vers un site d'enfouissement pour \u00eatre trait\u00e9s. Ces \u00e9tapes entra\u00eenent des frais suppl\u00e9mentaires (transport, traitement...) qui pourraient \u00eatre \u00e9vit\u00e9s.\n\n<br>\n\n<br>\nEn revanche, lorsque le tri est effectu\u00e9 correctement, les d\u00e9chets sont valoris\u00e9s c\u2019est-\u00e0-dire revendus et recycl\u00e9s.\n\n<br>\n<\/h2>\t\t\t\t<\/div>\n\t\t\t\t<\/div>\n\t\t\t\t\t<\/div>\n\t\t<\/div>\n\t\t\t\t\t<\/div>\n\t\t<\/section>\n\t\t\t\t<\/div>\n\t\t","protected":false},"excerpt":{"rendered":"<p>Trier pour votre porte-monnaie Plus vous triez, moins le co\u00fbt des d\u00e9chets est \u00e9lev\u00e9 : le tri permet de limiter des d\u00e9penses importantes qui seraient, in\u00e9vitablement, financ\u00e9s par votre imp\u00f4t (TEOM). Le tri peut aussi vous rapporter : pour le verre, par exemple, les bornes \u00e9quip\u00e9es du dispositif CLIIINK vous permettent d\u2019obtenir des r\u00e9ductions chez [&hellip;]<\/p>\n","protected":false},"author":1,"featured_media":0,"parent":0,"menu_order":0,"comment_status":"closed","ping_status":"closed","template":"","meta":{"footnotes":""},"class_list":["post-2197","page","type-page","status-publish","hentry"],"yoast_head":"<!-- This site is optimized with the Yoast SEO plugin v27.3 - https:\/\/yoast.com\/product\/yoast-seo-wordpress\/ -->\n<title>Pour votre porte-monnaie - D\u00e9chets B\u00e9ziers<\/title>\n<meta name=\"robots\" content=\"index, follow, max-snippet:-1, max-image-preview:large, max-video-preview:-1\" \/>\n<link rel=\"canonical\" href=\"https:\/\/dechets-beziersagglo.fr\/index.php\/pour-votre-porte-monnaie\/\" \/>\n<meta property=\"og:locale\" content=\"fr_FR\" \/>\n<meta property=\"og:type\" content=\"article\" \/>\n<meta property=\"og:title\" content=\"Pour votre porte-monnaie - D\u00e9chets B\u00e9ziers\" \/>\n<meta property=\"og:description\" content=\"Trier pour votre porte-monnaie Plus vous triez, moins le co\u00fbt des d\u00e9chets est \u00e9lev\u00e9 : le tri permet de limiter des d\u00e9penses importantes qui seraient, in\u00e9vitablement, financ\u00e9s par votre imp\u00f4t (TEOM). Le tri peut aussi vous rapporter : pour le verre, par exemple, les bornes \u00e9quip\u00e9es du dispositif CLIIINK vous permettent d\u2019obtenir des r\u00e9ductions chez [&hellip;]\" \/>\n<meta property=\"og:url\" content=\"https:\/\/dechets-beziersagglo.fr\/index.php\/pour-votre-porte-monnaie\/\" \/>\n<meta property=\"og:site_name\" content=\"D\u00e9chets B\u00e9ziers\" \/>\n<meta property=\"article:modified_time\" content=\"2024-04-09T08:04:34+00:00\" \/>\n<meta name=\"twitter:card\" content=\"summary_large_image\" \/>\n<meta name=\"twitter:label1\" content=\"Dur\u00e9e de lecture estim\u00e9e\" \/>\n\t<meta name=\"twitter:data1\" content=\"1 minute\" \/>\n<script type=\"application\/ld+json\" class=\"yoast-schema-graph\">{\"@context\":\"https:\\\/\\\/schema.org\",\"@graph\":[{\"@type\":\"WebPage\",\"@id\":\"https:\\\/\\\/dechets-beziersagglo.fr\\\/index.php\\\/pour-votre-porte-monnaie\\\/\",\"url\":\"https:\\\/\\\/dechets-beziersagglo.fr\\\/index.php\\\/pour-votre-porte-monnaie\\\/\",\"name\":\"Pour votre porte-monnaie - D\u00e9chets B\u00e9ziers\",\"isPartOf\":{\"@id\":\"https:\\\/\\\/dechets-beziersagglo.fr\\\/#website\"},\"datePublished\":\"2023-01-05T09:46:13+00:00\",\"dateModified\":\"2024-04-09T08:04:34+00:00\",\"breadcrumb\":{\"@id\":\"https:\\\/\\\/dechets-beziersagglo.fr\\\/index.php\\\/pour-votre-porte-monnaie\\\/#breadcrumb\"},\"inLanguage\":\"fr-FR\",\"potentialAction\":[{\"@type\":\"ReadAction\",\"target\":[\"https:\\\/\\\/dechets-beziersagglo.fr\\\/index.php\\\/pour-votre-porte-monnaie\\\/\"]}]},{\"@type\":\"BreadcrumbList\",\"@id\":\"https:\\\/\\\/dechets-beziersagglo.fr\\\/index.php\\\/pour-votre-porte-monnaie\\\/#breadcrumb\",\"itemListElement\":[{\"@type\":\"ListItem\",\"position\":1,\"name\":\"Accueil\",\"item\":\"https:\\\/\\\/dechets-beziersagglo.fr\\\/\"},{\"@type\":\"ListItem\",\"position\":2,\"name\":\"Pour votre porte-monnaie\"}]},{\"@type\":\"WebSite\",\"@id\":\"https:\\\/\\\/dechets-beziersagglo.fr\\\/#website\",\"url\":\"https:\\\/\\\/dechets-beziersagglo.fr\\\/\",\"name\":\"D\u00e9chets B\u00e9ziers\",\"description\":\"\",\"publisher\":{\"@id\":\"https:\\\/\\\/dechets-beziersagglo.fr\\\/#organization\"},\"potentialAction\":[{\"@type\":\"SearchAction\",\"target\":{\"@type\":\"EntryPoint\",\"urlTemplate\":\"https:\\\/\\\/dechets-beziersagglo.fr\\\/?s={search_term_string}\"},\"query-input\":{\"@type\":\"PropertyValueSpecification\",\"valueRequired\":true,\"valueName\":\"search_term_string\"}}],\"inLanguage\":\"fr-FR\"},{\"@type\":\"Organization\",\"@id\":\"https:\\\/\\\/dechets-beziersagglo.fr\\\/#organization\",\"name\":\"D\u00e9chets B\u00e9ziers\",\"url\":\"https:\\\/\\\/dechets-beziersagglo.fr\\\/\",\"logo\":{\"@type\":\"ImageObject\",\"inLanguage\":\"fr-FR\",\"@id\":\"https:\\\/\\\/dechets-beziersagglo.fr\\\/#\\\/schema\\\/logo\\\/image\\\/\",\"url\":\"https:\\\/\\\/dechets-beziersagglo.fr\\\/wp-content\\\/uploads\\\/2021\\\/05\\\/cropped-logov3.png\",\"contentUrl\":\"https:\\\/\\\/dechets-beziersagglo.fr\\\/wp-content\\\/uploads\\\/2021\\\/05\\\/cropped-logov3.png\",\"width\":532,\"height\":194,\"caption\":\"D\u00e9chets B\u00e9ziers\"},\"image\":{\"@id\":\"https:\\\/\\\/dechets-beziersagglo.fr\\\/#\\\/schema\\\/logo\\\/image\\\/\"}}]}<\/script>\n<!-- \/ Yoast SEO plugin. -->","yoast_head_json":{"title":"Pour votre porte-monnaie - D\u00e9chets B\u00e9ziers","robots":{"index":"index","follow":"follow","max-snippet":"max-snippet:-1","max-image-preview":"max-image-preview:large","max-video-preview":"max-video-preview:-1"},"canonical":"https:\/\/dechets-beziersagglo.fr\/index.php\/pour-votre-porte-monnaie\/","og_locale":"fr_FR","og_type":"article","og_title":"Pour votre porte-monnaie - D\u00e9chets B\u00e9ziers","og_description":"Trier pour votre porte-monnaie Plus vous triez, moins le co\u00fbt des d\u00e9chets est \u00e9lev\u00e9 : le tri permet de limiter des d\u00e9penses importantes qui seraient, in\u00e9vitablement, financ\u00e9s par votre imp\u00f4t (TEOM). Le tri peut aussi vous rapporter : pour le verre, par exemple, les bornes \u00e9quip\u00e9es du dispositif CLIIINK vous permettent d\u2019obtenir des r\u00e9ductions chez [&hellip;]","og_url":"https:\/\/dechets-beziersagglo.fr\/index.php\/pour-votre-porte-monnaie\/","og_site_name":"D\u00e9chets B\u00e9ziers","article_modified_time":"2024-04-09T08:04:34+00:00","twitter_card":"summary_large_image","twitter_misc":{"Dur\u00e9e de lecture estim\u00e9e":"1 minute"},"schema":{"@context":"https:\/\/schema.org","@graph":[{"@type":"WebPage","@id":"https:\/\/dechets-beziersagglo.fr\/index.php\/pour-votre-porte-monnaie\/","url":"https:\/\/dechets-beziersagglo.fr\/index.php\/pour-votre-porte-monnaie\/","name":"Pour votre porte-monnaie - D\u00e9chets B\u00e9ziers","isPartOf":{"@id":"https:\/\/dechets-beziersagglo.fr\/#website"},"datePublished":"2023-01-05T09:46:13+00:00","dateModified":"2024-04-09T08:04:34+00:00","breadcrumb":{"@id":"https:\/\/dechets-beziersagglo.fr\/index.php\/pour-votre-porte-monnaie\/#breadcrumb"},"inLanguage":"fr-FR","potentialAction":[{"@type":"ReadAction","target":["https:\/\/dechets-beziersagglo.fr\/index.php\/pour-votre-porte-monnaie\/"]}]},{"@type":"BreadcrumbList","@id":"https:\/\/dechets-beziersagglo.fr\/index.php\/pour-votre-porte-monnaie\/#breadcrumb","itemListElement":[{"@type":"ListItem","position":1,"name":"Accueil","item":"https:\/\/dechets-beziersagglo.fr\/"},{"@type":"ListItem","position":2,"name":"Pour votre porte-monnaie"}]},{"@type":"WebSite","@id":"https:\/\/dechets-beziersagglo.fr\/#website","url":"https:\/\/dechets-beziersagglo.fr\/","name":"D\u00e9chets B\u00e9ziers","description":"","publisher":{"@id":"https:\/\/dechets-beziersagglo.fr\/#organization"},"potentialAction":[{"@type":"SearchAction","target":{"@type":"EntryPoint","urlTemplate":"https:\/\/dechets-beziersagglo.fr\/?s={search_term_string}"},"query-input":{"@type":"PropertyValueSpecification","valueRequired":true,"valueName":"search_term_string"}}],"inLanguage":"fr-FR"},{"@type":"Organization","@id":"https:\/\/dechets-beziersagglo.fr\/#organization","name":"D\u00e9chets B\u00e9ziers","url":"https:\/\/dechets-beziersagglo.fr\/","logo":{"@type":"ImageObject","inLanguage":"fr-FR","@id":"https:\/\/dechets-beziersagglo.fr\/#\/schema\/logo\/image\/","url":"https:\/\/dechets-beziersagglo.fr\/wp-content\/uploads\/2021\/05\/cropped-logov3.png","contentUrl":"https:\/\/dechets-beziersagglo.fr\/wp-content\/uploads\/2021\/05\/cropped-logov3.png","width":532,"height":194,"caption":"D\u00e9chets B\u00e9ziers"},"image":{"@id":"https:\/\/dechets-beziersagglo.fr\/#\/schema\/logo\/image\/"}}]}},"_links":{"self":[{"href":"https:\/\/dechets-beziersagglo.fr\/index.php\/wp-json\/wp\/v2\/pages\/2197","targetHints":{"allow":["GET"]}}],"collection":[{"href":"https:\/\/dechets-beziersagglo.fr\/index.php\/wp-json\/wp\/v2\/pages"}],"about":[{"href":"https:\/\/dechets-beziersagglo.fr\/index.php\/wp-json\/wp\/v2\/types\/page"}],"author":[{"embeddable":true,"href":"https:\/\/dechets-beziersagglo.fr\/index.php\/wp-json\/wp\/v2\/users\/1"}],"replies":[{"embeddable":true,"href":"https:\/\/dechets-beziersagglo.fr\/index.php\/wp-json\/wp\/v2\/comments?post=2197"}],"version-history":[{"count":13,"href":"https:\/\/dechets-beziersagglo.fr\/index.php\/wp-json\/wp\/v2\/pages\/2197\/revisions"}],"predecessor-version":[{"id":3133,"href":"https:\/\/dechets-beziersagglo.fr\/index.php\/wp-json\/wp\/v2\/pages\/2197\/revisions\/3133"}],"wp:attachment":[{"href":"https:\/\/dechets-beziersagglo.fr\/index.php\/wp-json\/wp\/v2\/media?parent=2197"}],"curies":[{"name":"wp","href":"https:\/\/api.w.org\/{rel}","templated":true}]}}