{"id":2121,"date":"2023-01-04T17:09:43","date_gmt":"2023-01-04T16:09:43","guid":{"rendered":"https:\/\/dechets-beziersagglo.fr\/?page_id=2121"},"modified":"2024-10-18T09:24:48","modified_gmt":"2024-10-18T07:24:48","slug":"nos-grandes-categories","status":"publish","type":"page","link":"https:\/\/dechets-beziersagglo.fr\/index.php\/nos-grandes-categories\/","title":{"rendered":"Nos grandes cat\u00e9gories"},"content":{"rendered":"\t\t<div data-elementor-type=\"wp-page\" data-elementor-id=\"2121\" class=\"elementor elementor-2121\">\n\t\t\t\t\t\t<section class=\"elementor-section elementor-top-section elementor-element elementor-element-aaa3410 elementor-section-boxed elementor-section-height-default elementor-section-height-default\" data-id=\"aaa3410\" data-element_type=\"section\" data-e-type=\"section\">\n\t\t\t\t\t\t<div class=\"elementor-container elementor-column-gap-default\">\n\t\t\t\t\t<div class=\"elementor-column elementor-col-33 elementor-top-column elementor-element elementor-element-9fc192d\" data-id=\"9fc192d\" data-element_type=\"column\" data-e-type=\"column\">\n\t\t\t<div class=\"elementor-widget-wrap elementor-element-populated\">\n\t\t\t\t\t\t<div class=\"elementor-element elementor-element-7412f24 elementor-widget elementor-widget-image\" data-id=\"7412f24\" data-element_type=\"widget\" data-e-type=\"widget\" data-widget_type=\"image.default\">\n\t\t\t\t<div class=\"elementor-widget-container\">\n\t\t\t\t\t\t\t\t\t\t\t\t\t\t\t\t<a href=\"https:\/\/dechets-beziersagglo.fr\/index.php\/pourquoi\/\">\n\t\t\t\t\t\t\t<img fetchpriority=\"high\" decoding=\"async\" width=\"300\" height=\"300\" src=\"https:\/\/dechets-beziersagglo.fr\/wp-content\/uploads\/2024\/10\/COMMENT-TRIER-300x300.jpg\" class=\"elementor-animation-shrink attachment-medium size-medium wp-image-3353\" alt=\"\" srcset=\"https:\/\/dechets-beziersagglo.fr\/wp-content\/uploads\/2024\/10\/COMMENT-TRIER-300x300.jpg 300w, https:\/\/dechets-beziersagglo.fr\/wp-content\/uploads\/2024\/10\/COMMENT-TRIER-1024x1024.jpg 1024w, https:\/\/dechets-beziersagglo.fr\/wp-content\/uploads\/2024\/10\/COMMENT-TRIER-150x150.jpg 150w, https:\/\/dechets-beziersagglo.fr\/wp-content\/uploads\/2024\/10\/COMMENT-TRIER-768x768.jpg 768w, https:\/\/dechets-beziersagglo.fr\/wp-content\/uploads\/2024\/10\/COMMENT-TRIER.jpg 1042w\" sizes=\"(max-width: 300px) 100vw, 300px\" \/>\t\t\t\t\t\t\t\t<\/a>\n\t\t\t\t\t\t\t\t\t\t\t\t\t\t\t<\/div>\n\t\t\t\t<\/div>\n\t\t\t\t\t<\/div>\n\t\t<\/div>\n\t\t\t\t<div class=\"elementor-column elementor-col-33 elementor-top-column elementor-element elementor-element-f6eba78\" data-id=\"f6eba78\" data-element_type=\"column\" data-e-type=\"column\">\n\t\t\t<div class=\"elementor-widget-wrap elementor-element-populated\">\n\t\t\t\t\t\t<div class=\"elementor-element elementor-element-549a4be elementor-widget elementor-widget-image\" data-id=\"549a4be\" data-element_type=\"widget\" data-e-type=\"widget\" data-widget_type=\"image.default\">\n\t\t\t\t<div class=\"elementor-widget-container\">\n\t\t\t\t\t\t\t\t\t\t\t\t\t\t\t\t<a href=\"https:\/\/beziers-agglo.maps.arcgis.com\/apps\/instant\/lookup\/index.html?appid=d3e0bfef24e3444c95c56094bd7bc8ec\">\n\t\t\t\t\t\t\t<img decoding=\"async\" width=\"300\" height=\"300\" src=\"https:\/\/dechets-beziersagglo.fr\/wp-content\/uploads\/2024\/02\/TOURNEE-300x300.png\" class=\"elementor-animation-shrink attachment-medium size-medium wp-image-3088\" alt=\"\" srcset=\"https:\/\/dechets-beziersagglo.fr\/wp-content\/uploads\/2024\/02\/TOURNEE-300x300.png 300w, https:\/\/dechets-beziersagglo.fr\/wp-content\/uploads\/2024\/02\/TOURNEE-150x150.png 150w, https:\/\/dechets-beziersagglo.fr\/wp-content\/uploads\/2024\/02\/TOURNEE.png 333w\" sizes=\"(max-width: 300px) 100vw, 300px\" \/>\t\t\t\t\t\t\t\t<\/a>\n\t\t\t\t\t\t\t\t\t\t\t\t\t\t\t<\/div>\n\t\t\t\t<\/div>\n\t\t\t\t\t<\/div>\n\t\t<\/div>\n\t\t\t\t<div class=\"elementor-column elementor-col-33 elementor-top-column elementor-element elementor-element-9c13b9e\" data-id=\"9c13b9e\" data-element_type=\"column\" data-e-type=\"column\">\n\t\t\t<div class=\"elementor-widget-wrap elementor-element-populated\">\n\t\t\t\t\t\t<div class=\"elementor-element elementor-element-5ad43b2 elementor-widget elementor-widget-image\" data-id=\"5ad43b2\" data-element_type=\"widget\" data-e-type=\"widget\" data-widget_type=\"image.default\">\n\t\t\t\t<div class=\"elementor-widget-container\">\n\t\t\t\t\t\t\t\t\t\t\t\t\t\t\t\t<a href=\"https:\/\/dechets-beziersagglo.fr\/index.php\/je-vais-en-dechetterie\/\">\n\t\t\t\t\t\t\t<img decoding=\"async\" width=\"300\" height=\"300\" src=\"https:\/\/dechets-beziersagglo.fr\/wp-content\/uploads\/2023\/01\/TITRES-RUBRIQUES-DECHETS-FLO4-300x300.jpg\" class=\"elementor-animation-shrink attachment-medium size-medium wp-image-2339\" alt=\"\" srcset=\"https:\/\/dechets-beziersagglo.fr\/wp-content\/uploads\/2023\/01\/TITRES-RUBRIQUES-DECHETS-FLO4-300x300.jpg 300w, https:\/\/dechets-beziersagglo.fr\/wp-content\/uploads\/2023\/01\/TITRES-RUBRIQUES-DECHETS-FLO4-150x150.jpg 150w, https:\/\/dechets-beziersagglo.fr\/wp-content\/uploads\/2023\/01\/TITRES-RUBRIQUES-DECHETS-FLO4.jpg 333w\" sizes=\"(max-width: 300px) 100vw, 300px\" \/>\t\t\t\t\t\t\t\t<\/a>\n\t\t\t\t\t\t\t\t\t\t\t\t\t\t\t<\/div>\n\t\t\t\t<\/div>\n\t\t\t\t\t<\/div>\n\t\t<\/div>\n\t\t\t\t\t<\/div>\n\t\t<\/section>\n\t\t\t\t<section class=\"elementor-section elementor-top-section elementor-element elementor-element-eb2805a elementor-section-boxed elementor-section-height-default elementor-section-height-default\" data-id=\"eb2805a\" data-element_type=\"section\" data-e-type=\"section\">\n\t\t\t\t\t\t<div class=\"elementor-container elementor-column-gap-default\">\n\t\t\t\t\t<div class=\"elementor-column elementor-col-100 elementor-top-column elementor-element elementor-element-40829ba\" data-id=\"40829ba\" data-element_type=\"column\" data-e-type=\"column\">\n\t\t\t<div class=\"elementor-widget-wrap elementor-element-populated\">\n\t\t\t\t\t\t<div class=\"elementor-element elementor-element-aeea4db elementor-widget elementor-widget-spacer\" data-id=\"aeea4db\" data-element_type=\"widget\" data-e-type=\"widget\" data-widget_type=\"spacer.default\">\n\t\t\t\t<div class=\"elementor-widget-container\">\n\t\t\t\t\t\t\t<div class=\"elementor-spacer\">\n\t\t\t<div class=\"elementor-spacer-inner\"><\/div>\n\t\t<\/div>\n\t\t\t\t\t\t<\/div>\n\t\t\t\t<\/div>\n\t\t\t\t\t<\/div>\n\t\t<\/div>\n\t\t\t\t\t<\/div>\n\t\t<\/section>\n\t\t\t\t<section class=\"elementor-section elementor-top-section elementor-element elementor-element-0d0fdd5 elementor-section-boxed elementor-section-height-default elementor-section-height-default\" data-id=\"0d0fdd5\" data-element_type=\"section\" data-e-type=\"section\">\n\t\t\t\t\t\t<div class=\"elementor-container elementor-column-gap-default\">\n\t\t\t\t\t<div class=\"elementor-column elementor-col-33 elementor-top-column elementor-element elementor-element-3f211e7\" data-id=\"3f211e7\" data-element_type=\"column\" data-e-type=\"column\">\n\t\t\t<div class=\"elementor-widget-wrap elementor-element-populated\">\n\t\t\t\t\t\t<div class=\"elementor-element elementor-element-cbd5181 elementor-widget elementor-widget-image\" data-id=\"cbd5181\" data-element_type=\"widget\" data-e-type=\"widget\" data-widget_type=\"image.default\">\n\t\t\t\t<div class=\"elementor-widget-container\">\n\t\t\t\t\t\t\t\t\t\t\t\t\t\t\t\t<a href=\"https:\/\/dechets-beziersagglo.fr\/index.php\/les-points-dapport-volontaire\/\">\n\t\t\t\t\t\t\t<img loading=\"lazy\" decoding=\"async\" width=\"300\" height=\"300\" src=\"https:\/\/dechets-beziersagglo.fr\/wp-content\/uploads\/2023\/01\/TITRES-RUBRIQUES-DECHETS-FLO16-300x300.jpg\" class=\"elementor-animation-shrink attachment-medium size-medium wp-image-2340\" alt=\"\" srcset=\"https:\/\/dechets-beziersagglo.fr\/wp-content\/uploads\/2023\/01\/TITRES-RUBRIQUES-DECHETS-FLO16-300x300.jpg 300w, https:\/\/dechets-beziersagglo.fr\/wp-content\/uploads\/2023\/01\/TITRES-RUBRIQUES-DECHETS-FLO16-150x150.jpg 150w, https:\/\/dechets-beziersagglo.fr\/wp-content\/uploads\/2023\/01\/TITRES-RUBRIQUES-DECHETS-FLO16.jpg 333w\" sizes=\"(max-width: 300px) 100vw, 300px\" \/>\t\t\t\t\t\t\t\t<\/a>\n\t\t\t\t\t\t\t\t\t\t\t\t\t\t\t<\/div>\n\t\t\t\t<\/div>\n\t\t\t\t\t<\/div>\n\t\t<\/div>\n\t\t\t\t<div class=\"elementor-column elementor-col-33 elementor-top-column elementor-element elementor-element-8ffd5a0\" data-id=\"8ffd5a0\" data-element_type=\"column\" data-e-type=\"column\">\n\t\t\t<div class=\"elementor-widget-wrap elementor-element-populated\">\n\t\t\t\t\t\t<div class=\"elementor-element elementor-element-cc94784 elementor-widget elementor-widget-image\" data-id=\"cc94784\" data-element_type=\"widget\" data-e-type=\"widget\" data-widget_type=\"image.default\">\n\t\t\t\t<div class=\"elementor-widget-container\">\n\t\t\t\t\t\t\t\t\t\t\t\t\t\t\t\t<a href=\"https:\/\/dechets-beziersagglo.fr\/index.php\/vos-demarches-en-ligne\/\">\n\t\t\t\t\t\t\t<img loading=\"lazy\" decoding=\"async\" width=\"300\" height=\"300\" src=\"https:\/\/dechets-beziersagglo.fr\/wp-content\/uploads\/2023\/01\/TITRES-RUBRIQUES-DECHETS-FLO10-300x300.jpg\" class=\"elementor-animation-shrink attachment-medium size-medium wp-image-2341\" alt=\"\" srcset=\"https:\/\/dechets-beziersagglo.fr\/wp-content\/uploads\/2023\/01\/TITRES-RUBRIQUES-DECHETS-FLO10-300x300.jpg 300w, https:\/\/dechets-beziersagglo.fr\/wp-content\/uploads\/2023\/01\/TITRES-RUBRIQUES-DECHETS-FLO10-150x150.jpg 150w, https:\/\/dechets-beziersagglo.fr\/wp-content\/uploads\/2023\/01\/TITRES-RUBRIQUES-DECHETS-FLO10.jpg 333w\" sizes=\"(max-width: 300px) 100vw, 300px\" \/>\t\t\t\t\t\t\t\t<\/a>\n\t\t\t\t\t\t\t\t\t\t\t\t\t\t\t<\/div>\n\t\t\t\t<\/div>\n\t\t\t\t\t<\/div>\n\t\t<\/div>\n\t\t\t\t<div class=\"elementor-column elementor-col-33 elementor-top-column elementor-element elementor-element-0935e52\" data-id=\"0935e52\" data-element_type=\"column\" data-e-type=\"column\">\n\t\t\t<div class=\"elementor-widget-wrap elementor-element-populated\">\n\t\t\t\t\t\t<div class=\"elementor-element elementor-element-7060212 elementor-widget elementor-widget-image\" data-id=\"7060212\" data-element_type=\"widget\" data-e-type=\"widget\" data-widget_type=\"image.default\">\n\t\t\t\t<div class=\"elementor-widget-container\">\n\t\t\t\t\t\t\t\t\t\t\t\t\t\t\t\t<a href=\"https:\/\/dechets-beziersagglo.fr\/index.php\/traitement-de-vos-dechets\/\">\n\t\t\t\t\t\t\t<img loading=\"lazy\" decoding=\"async\" width=\"300\" height=\"300\" src=\"https:\/\/dechets-beziersagglo.fr\/wp-content\/uploads\/2023\/01\/TITRES-RUBRIQUES-DECHETS-FLO11-300x300.jpg\" class=\"elementor-animation-shrink attachment-medium size-medium wp-image-2342\" alt=\"\" srcset=\"https:\/\/dechets-beziersagglo.fr\/wp-content\/uploads\/2023\/01\/TITRES-RUBRIQUES-DECHETS-FLO11-300x300.jpg 300w, https:\/\/dechets-beziersagglo.fr\/wp-content\/uploads\/2023\/01\/TITRES-RUBRIQUES-DECHETS-FLO11-150x150.jpg 150w, https:\/\/dechets-beziersagglo.fr\/wp-content\/uploads\/2023\/01\/TITRES-RUBRIQUES-DECHETS-FLO11.jpg 333w\" sizes=\"(max-width: 300px) 100vw, 300px\" \/>\t\t\t\t\t\t\t\t<\/a>\n\t\t\t\t\t\t\t\t\t\t\t\t\t\t\t<\/div>\n\t\t\t\t<\/div>\n\t\t\t\t\t<\/div>\n\t\t<\/div>\n\t\t\t\t\t<\/div>\n\t\t<\/section>\n\t\t\t\t<section class=\"elementor-section elementor-top-section elementor-element elementor-element-0b738e9 elementor-section-boxed elementor-section-height-default elementor-section-height-default\" data-id=\"0b738e9\" data-element_type=\"section\" data-e-type=\"section\">\n\t\t\t\t\t\t<div class=\"elementor-container elementor-column-gap-default\">\n\t\t\t\t\t<div class=\"elementor-column elementor-col-100 elementor-top-column elementor-element elementor-element-df3515c\" data-id=\"df3515c\" data-element_type=\"column\" data-e-type=\"column\">\n\t\t\t<div class=\"elementor-widget-wrap elementor-element-populated\">\n\t\t\t\t\t\t<div class=\"elementor-element elementor-element-dec4481 elementor-widget elementor-widget-spacer\" data-id=\"dec4481\" data-element_type=\"widget\" data-e-type=\"widget\" data-widget_type=\"spacer.default\">\n\t\t\t\t<div class=\"elementor-widget-container\">\n\t\t\t\t\t\t\t<div class=\"elementor-spacer\">\n\t\t\t<div class=\"elementor-spacer-inner\"><\/div>\n\t\t<\/div>\n\t\t\t\t\t\t<\/div>\n\t\t\t\t<\/div>\n\t\t\t\t\t<\/div>\n\t\t<\/div>\n\t\t\t\t\t<\/div>\n\t\t<\/section>\n\t\t\t\t<section class=\"elementor-section elementor-top-section elementor-element elementor-element-b1bf590 elementor-section-boxed elementor-section-height-default elementor-section-height-default\" data-id=\"b1bf590\" data-element_type=\"section\" data-e-type=\"section\">\n\t\t\t\t\t\t<div class=\"elementor-container elementor-column-gap-default\">\n\t\t\t\t\t<div class=\"elementor-column elementor-col-33 elementor-top-column elementor-element elementor-element-14e9fe9\" data-id=\"14e9fe9\" data-element_type=\"column\" data-e-type=\"column\">\n\t\t\t<div class=\"elementor-widget-wrap elementor-element-populated\">\n\t\t\t\t\t\t<div class=\"elementor-element elementor-element-d9bf976 elementor-widget elementor-widget-image\" data-id=\"d9bf976\" data-element_type=\"widget\" data-e-type=\"widget\" data-widget_type=\"image.default\">\n\t\t\t\t<div class=\"elementor-widget-container\">\n\t\t\t\t\t\t\t\t\t\t\t\t\t\t\t\t<a href=\"https:\/\/dechets-beziersagglo.fr\/index.php\/stop-aux-depots-sauvages\/\">\n\t\t\t\t\t\t\t<img loading=\"lazy\" decoding=\"async\" width=\"300\" height=\"300\" src=\"https:\/\/dechets-beziersagglo.fr\/wp-content\/uploads\/2023\/01\/TITRES-RUBRIQUES-DECHETS-FLO13-300x300.jpg\" class=\"elementor-animation-shrink attachment-medium size-medium wp-image-2343\" alt=\"\" srcset=\"https:\/\/dechets-beziersagglo.fr\/wp-content\/uploads\/2023\/01\/TITRES-RUBRIQUES-DECHETS-FLO13-300x300.jpg 300w, https:\/\/dechets-beziersagglo.fr\/wp-content\/uploads\/2023\/01\/TITRES-RUBRIQUES-DECHETS-FLO13-150x150.jpg 150w, https:\/\/dechets-beziersagglo.fr\/wp-content\/uploads\/2023\/01\/TITRES-RUBRIQUES-DECHETS-FLO13.jpg 333w\" sizes=\"(max-width: 300px) 100vw, 300px\" \/>\t\t\t\t\t\t\t\t<\/a>\n\t\t\t\t\t\t\t\t\t\t\t\t\t\t\t<\/div>\n\t\t\t\t<\/div>\n\t\t\t\t\t<\/div>\n\t\t<\/div>\n\t\t\t\t<div class=\"elementor-column elementor-col-33 elementor-top-column elementor-element elementor-element-93614b0\" data-id=\"93614b0\" data-element_type=\"column\" data-e-type=\"column\">\n\t\t\t<div class=\"elementor-widget-wrap elementor-element-populated\">\n\t\t\t\t\t\t<div class=\"elementor-element elementor-element-e975641 elementor-widget elementor-widget-image\" data-id=\"e975641\" data-element_type=\"widget\" data-e-type=\"widget\" data-widget_type=\"image.default\">\n\t\t\t\t<div class=\"elementor-widget-container\">\n\t\t\t\t\t\t\t\t\t\t\t\t\t\t\t\t<a href=\"https:\/\/dechets-beziersagglo.fr\/index.php\/prevention-des-dechets\/\">\n\t\t\t\t\t\t\t<img loading=\"lazy\" decoding=\"async\" width=\"300\" height=\"300\" src=\"https:\/\/dechets-beziersagglo.fr\/wp-content\/uploads\/2023\/01\/TITRES-RUBRIQUES-DECHETS-FLO9-300x300.jpg\" class=\"elementor-animation-shrink attachment-medium size-medium wp-image-2344\" alt=\"\" srcset=\"https:\/\/dechets-beziersagglo.fr\/wp-content\/uploads\/2023\/01\/TITRES-RUBRIQUES-DECHETS-FLO9-300x300.jpg 300w, https:\/\/dechets-beziersagglo.fr\/wp-content\/uploads\/2023\/01\/TITRES-RUBRIQUES-DECHETS-FLO9-150x150.jpg 150w, https:\/\/dechets-beziersagglo.fr\/wp-content\/uploads\/2023\/01\/TITRES-RUBRIQUES-DECHETS-FLO9.jpg 333w\" sizes=\"(max-width: 300px) 100vw, 300px\" \/>\t\t\t\t\t\t\t\t<\/a>\n\t\t\t\t\t\t\t\t\t\t\t\t\t\t\t<\/div>\n\t\t\t\t<\/div>\n\t\t\t\t\t<\/div>\n\t\t<\/div>\n\t\t\t\t<div class=\"elementor-column elementor-col-33 elementor-top-column elementor-element elementor-element-a70ad8d\" data-id=\"a70ad8d\" data-element_type=\"column\" data-e-type=\"column\">\n\t\t\t<div class=\"elementor-widget-wrap elementor-element-populated\">\n\t\t\t\t\t\t<div class=\"elementor-element elementor-element-cc74c8f elementor-widget elementor-widget-image\" data-id=\"cc74c8f\" data-element_type=\"widget\" data-e-type=\"widget\" data-widget_type=\"image.default\">\n\t\t\t\t<div class=\"elementor-widget-container\">\n\t\t\t\t\t\t\t\t\t\t\t\t\t\t\t\t<a href=\"https:\/\/dechets-beziersagglo.fr\/index.php\/espace-professionnels\/\">\n\t\t\t\t\t\t\t<img loading=\"lazy\" decoding=\"async\" width=\"300\" height=\"300\" src=\"https:\/\/dechets-beziersagglo.fr\/wp-content\/uploads\/2023\/01\/TITRES-RUBRIQUES-DECHETS-FLO17-300x300.jpg\" class=\"elementor-animation-shrink attachment-medium size-medium wp-image-2345\" alt=\"\" srcset=\"https:\/\/dechets-beziersagglo.fr\/wp-content\/uploads\/2023\/01\/TITRES-RUBRIQUES-DECHETS-FLO17-300x300.jpg 300w, https:\/\/dechets-beziersagglo.fr\/wp-content\/uploads\/2023\/01\/TITRES-RUBRIQUES-DECHETS-FLO17-150x150.jpg 150w, https:\/\/dechets-beziersagglo.fr\/wp-content\/uploads\/2023\/01\/TITRES-RUBRIQUES-DECHETS-FLO17.jpg 333w\" sizes=\"(max-width: 300px) 100vw, 300px\" \/>\t\t\t\t\t\t\t\t<\/a>\n\t\t\t\t\t\t\t\t\t\t\t\t\t\t\t<\/div>\n\t\t\t\t<\/div>\n\t\t\t\t\t<\/div>\n\t\t<\/div>\n\t\t\t\t\t<\/div>\n\t\t<\/section>\n\t\t\t\t<section class=\"elementor-section elementor-top-section elementor-element elementor-element-a64749b elementor-section-boxed elementor-section-height-default elementor-section-height-default\" data-id=\"a64749b\" data-element_type=\"section\" data-e-type=\"section\">\n\t\t\t\t\t\t<div class=\"elementor-container elementor-column-gap-default\">\n\t\t\t\t\t<div class=\"elementor-column elementor-col-100 elementor-top-column elementor-element elementor-element-905ea07\" data-id=\"905ea07\" data-element_type=\"column\" data-e-type=\"column\">\n\t\t\t<div class=\"elementor-widget-wrap elementor-element-populated\">\n\t\t\t\t\t\t<div class=\"elementor-element elementor-element-384a3e1 elementor-widget elementor-widget-spacer\" data-id=\"384a3e1\" data-element_type=\"widget\" data-e-type=\"widget\" data-widget_type=\"spacer.default\">\n\t\t\t\t<div class=\"elementor-widget-container\">\n\t\t\t\t\t\t\t<div class=\"elementor-spacer\">\n\t\t\t<div class=\"elementor-spacer-inner\"><\/div>\n\t\t<\/div>\n\t\t\t\t\t\t<\/div>\n\t\t\t\t<\/div>\n\t\t\t\t\t<\/div>\n\t\t<\/div>\n\t\t\t\t\t<\/div>\n\t\t<\/section>\n\t\t\t\t<\/div>\n\t\t","protected":false},"excerpt":{"rendered":"","protected":false},"author":1,"featured_media":0,"parent":0,"menu_order":0,"comment_status":"closed","ping_status":"closed","template":"","meta":{"footnotes":""},"class_list":["post-2121","page","type-page","status-publish","hentry"],"yoast_head":"<!-- This site is optimized with the Yoast SEO plugin v27.3 - https:\/\/yoast.com\/product\/yoast-seo-wordpress\/ -->\n<title>Nos grandes cat\u00e9gories - D\u00e9chets B\u00e9ziers<\/title>\n<meta name=\"robots\" content=\"index, follow, max-snippet:-1, max-image-preview:large, max-video-preview:-1\" \/>\n<link rel=\"canonical\" href=\"https:\/\/dechets-beziersagglo.fr\/index.php\/nos-grandes-categories\/\" \/>\n<meta property=\"og:locale\" content=\"fr_FR\" \/>\n<meta property=\"og:type\" content=\"article\" \/>\n<meta property=\"og:title\" content=\"Nos grandes cat\u00e9gories - D\u00e9chets B\u00e9ziers\" \/>\n<meta property=\"og:url\" content=\"https:\/\/dechets-beziersagglo.fr\/index.php\/nos-grandes-categories\/\" \/>\n<meta property=\"og:site_name\" content=\"D\u00e9chets B\u00e9ziers\" \/>\n<meta property=\"article:modified_time\" content=\"2024-10-18T07:24:48+00:00\" \/>\n<meta property=\"og:image\" content=\"https:\/\/dechets-beziersagglo.fr\/wp-content\/uploads\/2024\/10\/COMMENT-TRIER-300x300.jpg\" \/>\n<meta name=\"twitter:card\" content=\"summary_large_image\" \/>\n<script type=\"application\/ld+json\" class=\"yoast-schema-graph\">{\"@context\":\"https:\\\/\\\/schema.org\",\"@graph\":[{\"@type\":\"WebPage\",\"@id\":\"https:\\\/\\\/dechets-beziersagglo.fr\\\/index.php\\\/nos-grandes-categories\\\/\",\"url\":\"https:\\\/\\\/dechets-beziersagglo.fr\\\/index.php\\\/nos-grandes-categories\\\/\",\"name\":\"Nos grandes cat\u00e9gories - D\u00e9chets B\u00e9ziers\",\"isPartOf\":{\"@id\":\"https:\\\/\\\/dechets-beziersagglo.fr\\\/#website\"},\"primaryImageOfPage\":{\"@id\":\"https:\\\/\\\/dechets-beziersagglo.fr\\\/index.php\\\/nos-grandes-categories\\\/#primaryimage\"},\"image\":{\"@id\":\"https:\\\/\\\/dechets-beziersagglo.fr\\\/index.php\\\/nos-grandes-categories\\\/#primaryimage\"},\"thumbnailUrl\":\"https:\\\/\\\/dechets-beziersagglo.fr\\\/wp-content\\\/uploads\\\/2024\\\/10\\\/COMMENT-TRIER-300x300.jpg\",\"datePublished\":\"2023-01-04T16:09:43+00:00\",\"dateModified\":\"2024-10-18T07:24:48+00:00\",\"breadcrumb\":{\"@id\":\"https:\\\/\\\/dechets-beziersagglo.fr\\\/index.php\\\/nos-grandes-categories\\\/#breadcrumb\"},\"inLanguage\":\"fr-FR\",\"potentialAction\":[{\"@type\":\"ReadAction\",\"target\":[\"https:\\\/\\\/dechets-beziersagglo.fr\\\/index.php\\\/nos-grandes-categories\\\/\"]}]},{\"@type\":\"ImageObject\",\"inLanguage\":\"fr-FR\",\"@id\":\"https:\\\/\\\/dechets-beziersagglo.fr\\\/index.php\\\/nos-grandes-categories\\\/#primaryimage\",\"url\":\"https:\\\/\\\/dechets-beziersagglo.fr\\\/wp-content\\\/uploads\\\/2024\\\/10\\\/COMMENT-TRIER.jpg\",\"contentUrl\":\"https:\\\/\\\/dechets-beziersagglo.fr\\\/wp-content\\\/uploads\\\/2024\\\/10\\\/COMMENT-TRIER.jpg\",\"width\":1042,\"height\":1042},{\"@type\":\"BreadcrumbList\",\"@id\":\"https:\\\/\\\/dechets-beziersagglo.fr\\\/index.php\\\/nos-grandes-categories\\\/#breadcrumb\",\"itemListElement\":[{\"@type\":\"ListItem\",\"position\":1,\"name\":\"Accueil\",\"item\":\"https:\\\/\\\/dechets-beziersagglo.fr\\\/\"},{\"@type\":\"ListItem\",\"position\":2,\"name\":\"Nos grandes cat\u00e9gories\"}]},{\"@type\":\"WebSite\",\"@id\":\"https:\\\/\\\/dechets-beziersagglo.fr\\\/#website\",\"url\":\"https:\\\/\\\/dechets-beziersagglo.fr\\\/\",\"name\":\"D\u00e9chets B\u00e9ziers\",\"description\":\"\",\"publisher\":{\"@id\":\"https:\\\/\\\/dechets-beziersagglo.fr\\\/#organization\"},\"potentialAction\":[{\"@type\":\"SearchAction\",\"target\":{\"@type\":\"EntryPoint\",\"urlTemplate\":\"https:\\\/\\\/dechets-beziersagglo.fr\\\/?s={search_term_string}\"},\"query-input\":{\"@type\":\"PropertyValueSpecification\",\"valueRequired\":true,\"valueName\":\"search_term_string\"}}],\"inLanguage\":\"fr-FR\"},{\"@type\":\"Organization\",\"@id\":\"https:\\\/\\\/dechets-beziersagglo.fr\\\/#organization\",\"name\":\"D\u00e9chets B\u00e9ziers\",\"url\":\"https:\\\/\\\/dechets-beziersagglo.fr\\\/\",\"logo\":{\"@type\":\"ImageObject\",\"inLanguage\":\"fr-FR\",\"@id\":\"https:\\\/\\\/dechets-beziersagglo.fr\\\/#\\\/schema\\\/logo\\\/image\\\/\",\"url\":\"https:\\\/\\\/dechets-beziersagglo.fr\\\/wp-content\\\/uploads\\\/2021\\\/05\\\/cropped-logov3.png\",\"contentUrl\":\"https:\\\/\\\/dechets-beziersagglo.fr\\\/wp-content\\\/uploads\\\/2021\\\/05\\\/cropped-logov3.png\",\"width\":532,\"height\":194,\"caption\":\"D\u00e9chets B\u00e9ziers\"},\"image\":{\"@id\":\"https:\\\/\\\/dechets-beziersagglo.fr\\\/#\\\/schema\\\/logo\\\/image\\\/\"}}]}<\/script>\n<!-- \/ Yoast SEO plugin. -->","yoast_head_json":{"title":"Nos grandes cat\u00e9gories - D\u00e9chets B\u00e9ziers","robots":{"index":"index","follow":"follow","max-snippet":"max-snippet:-1","max-image-preview":"max-image-preview:large","max-video-preview":"max-video-preview:-1"},"canonical":"https:\/\/dechets-beziersagglo.fr\/index.php\/nos-grandes-categories\/","og_locale":"fr_FR","og_type":"article","og_title":"Nos grandes cat\u00e9gories - D\u00e9chets B\u00e9ziers","og_url":"https:\/\/dechets-beziersagglo.fr\/index.php\/nos-grandes-categories\/","og_site_name":"D\u00e9chets B\u00e9ziers","article_modified_time":"2024-10-18T07:24:48+00:00","og_image":[{"url":"https:\/\/dechets-beziersagglo.fr\/wp-content\/uploads\/2024\/10\/COMMENT-TRIER-300x300.jpg","type":"","width":"","height":""}],"twitter_card":"summary_large_image","schema":{"@context":"https:\/\/schema.org","@graph":[{"@type":"WebPage","@id":"https:\/\/dechets-beziersagglo.fr\/index.php\/nos-grandes-categories\/","url":"https:\/\/dechets-beziersagglo.fr\/index.php\/nos-grandes-categories\/","name":"Nos grandes cat\u00e9gories - D\u00e9chets B\u00e9ziers","isPartOf":{"@id":"https:\/\/dechets-beziersagglo.fr\/#website"},"primaryImageOfPage":{"@id":"https:\/\/dechets-beziersagglo.fr\/index.php\/nos-grandes-categories\/#primaryimage"},"image":{"@id":"https:\/\/dechets-beziersagglo.fr\/index.php\/nos-grandes-categories\/#primaryimage"},"thumbnailUrl":"https:\/\/dechets-beziersagglo.fr\/wp-content\/uploads\/2024\/10\/COMMENT-TRIER-300x300.jpg","datePublished":"2023-01-04T16:09:43+00:00","dateModified":"2024-10-18T07:24:48+00:00","breadcrumb":{"@id":"https:\/\/dechets-beziersagglo.fr\/index.php\/nos-grandes-categories\/#breadcrumb"},"inLanguage":"fr-FR","potentialAction":[{"@type":"ReadAction","target":["https:\/\/dechets-beziersagglo.fr\/index.php\/nos-grandes-categories\/"]}]},{"@type":"ImageObject","inLanguage":"fr-FR","@id":"https:\/\/dechets-beziersagglo.fr\/index.php\/nos-grandes-categories\/#primaryimage","url":"https:\/\/dechets-beziersagglo.fr\/wp-content\/uploads\/2024\/10\/COMMENT-TRIER.jpg","contentUrl":"https:\/\/dechets-beziersagglo.fr\/wp-content\/uploads\/2024\/10\/COMMENT-TRIER.jpg","width":1042,"height":1042},{"@type":"BreadcrumbList","@id":"https:\/\/dechets-beziersagglo.fr\/index.php\/nos-grandes-categories\/#breadcrumb","itemListElement":[{"@type":"ListItem","position":1,"name":"Accueil","item":"https:\/\/dechets-beziersagglo.fr\/"},{"@type":"ListItem","position":2,"name":"Nos grandes cat\u00e9gories"}]},{"@type":"WebSite","@id":"https:\/\/dechets-beziersagglo.fr\/#website","url":"https:\/\/dechets-beziersagglo.fr\/","name":"D\u00e9chets B\u00e9ziers","description":"","publisher":{"@id":"https:\/\/dechets-beziersagglo.fr\/#organization"},"potentialAction":[{"@type":"SearchAction","target":{"@type":"EntryPoint","urlTemplate":"https:\/\/dechets-beziersagglo.fr\/?s={search_term_string}"},"query-input":{"@type":"PropertyValueSpecification","valueRequired":true,"valueName":"search_term_string"}}],"inLanguage":"fr-FR"},{"@type":"Organization","@id":"https:\/\/dechets-beziersagglo.fr\/#organization","name":"D\u00e9chets B\u00e9ziers","url":"https:\/\/dechets-beziersagglo.fr\/","logo":{"@type":"ImageObject","inLanguage":"fr-FR","@id":"https:\/\/dechets-beziersagglo.fr\/#\/schema\/logo\/image\/","url":"https:\/\/dechets-beziersagglo.fr\/wp-content\/uploads\/2021\/05\/cropped-logov3.png","contentUrl":"https:\/\/dechets-beziersagglo.fr\/wp-content\/uploads\/2021\/05\/cropped-logov3.png","width":532,"height":194,"caption":"D\u00e9chets B\u00e9ziers"},"image":{"@id":"https:\/\/dechets-beziersagglo.fr\/#\/schema\/logo\/image\/"}}]}},"_links":{"self":[{"href":"https:\/\/dechets-beziersagglo.fr\/index.php\/wp-json\/wp\/v2\/pages\/2121","targetHints":{"allow":["GET"]}}],"collection":[{"href":"https:\/\/dechets-beziersagglo.fr\/index.php\/wp-json\/wp\/v2\/pages"}],"about":[{"href":"https:\/\/dechets-beziersagglo.fr\/index.php\/wp-json\/wp\/v2\/types\/page"}],"author":[{"embeddable":true,"href":"https:\/\/dechets-beziersagglo.fr\/index.php\/wp-json\/wp\/v2\/users\/1"}],"replies":[{"embeddable":true,"href":"https:\/\/dechets-beziersagglo.fr\/index.php\/wp-json\/wp\/v2\/comments?post=2121"}],"version-history":[{"count":88,"href":"https:\/\/dechets-beziersagglo.fr\/index.php\/wp-json\/wp\/v2\/pages\/2121\/revisions"}],"predecessor-version":[{"id":3423,"href":"https:\/\/dechets-beziersagglo.fr\/index.php\/wp-json\/wp\/v2\/pages\/2121\/revisions\/3423"}],"wp:attachment":[{"href":"https:\/\/dechets-beziersagglo.fr\/index.php\/wp-json\/wp\/v2\/media?parent=2121"}],"curies":[{"name":"wp","href":"https:\/\/api.w.org\/{rel}","templated":true}]}}